{"id":8420,"date":"2024-06-18T15:19:08","date_gmt":"2024-06-18T15:19:08","guid":{"rendered":"https:\/\/icbt.al\/?page_id=8420"},"modified":"2025-03-07T14:47:00","modified_gmt":"2025-03-07T14:47:00","slug":"erjona-capari","status":"publish","type":"page","link":"https:\/\/icbt.al\/en\/erjona-capari\/","title":{"rendered":"Erjona Capari"},"content":{"rendered":"<div data-elementor-type=\"wp-page\" data-elementor-id=\"8420\" class=\"elementor elementor-8420\">\n\t\t\t\t        <section class=\"elementor-section elementor-top-section elementor-element elementor-element-7d29ce38 elementor-section-stretched elementor-section-boxed elementor-section-height-default elementor-section-height-default ct-header-fixed-none ct-column-none ct-row-scroll-none ct-row-gradient--none ct-row-container--default\" data-id=\"7d29ce38\" data-element_type=\"section\" data-settings=\"{&quot;stretch_section&quot;:&quot;section-stretched&quot;}\">\n            \n                        <div class=\"elementor-container elementor-column-gap-extended\">\n                    <div class=\"elementor-column elementor-col-33 elementor-top-column elementor-element elementor-element-47519723 ct-column-none col-offset-none\" data-id=\"47519723\" data-element_type=\"column\">\n        <div class=\"elementor-widget-wrap elementor-element-populated\">\n                    \n        \t\t<div class=\"elementor-element elementor-element-285d4519 elementor-widget elementor-widget-ct_team_info\" data-id=\"285d4519\" data-element_type=\"widget\" data-widget_type=\"ct_team_info.default\">\n\t\t\t\t<div class=\"elementor-widget-container\">\n\t\t\t\t\t<div id=\"ct_team_info-285d4519\" class=\"ct-team-info\" data-wow-duration=\"1.2s\">\r\n            <div class=\"wp-feature\">\r\n            <img fetchpriority=\"high\" decoding=\"async\" class=\"\" src=\"https:\/\/icbt.al\/wp-content\/uploads\/2024\/10\/erjona-1-600x762.jpg\" width=\"600\" height=\"762\" alt=\"erjona (1)\" title=\"erjona (1)\" \/>        <\/div>\r\n        <div class=\"wp-meta\">\r\n        <div class=\"inner-meta\">\r\n            <div class=\"wp-title\">\r\n                <h3 class=\"item--title case-animate-time style2\" data-wow-delay=\"ms\">\r\n                    <span>Erjona Capari<\/span>                <\/h3>\r\n            <\/div>\r\n                            <ul class=\"ct-list-info\">\r\n                                            <li>\r\n                                                                                                <label class=\"ct-label\">\r\n                                       Position                                    <\/label>\r\n                                                                                                    <span class=\"ct-content\">\r\n                                       Systemic therapist and consultant                                    <\/span>\r\n                                                                                   <\/li>\r\n                                            <li>\r\n                            <a href=\"mailto:e.capari@icbt.al\">                                                                    <label class=\"ct-label\">\r\n                                       Email                                    <\/label>\r\n                                                                                                    <span class=\"ct-content\">\r\n                                       e.capari@icbt.al                                    <\/span>\r\n                                                            <\/a>                       <\/li>\r\n                                    <\/ul>\r\n                                        <div class=\"ct-social style2\">\r\n                                                                        <a class=\"ct_team_info-285d4519-0\" href=\"#\">\r\n                                                                                            <\/a>\r\n                                                            <\/div>\r\n                    <\/div>\r\n    <\/div>\r\n<\/div>\r\n\r\n\t\t\t\t<\/div>\n\t\t\t\t<\/div>\n\t\t            <\/div>\n        <\/div>\n                <div class=\"elementor-column elementor-col-66 elementor-top-column elementor-element elementor-element-7b30f52e ct-column-none col-offset-none\" data-id=\"7b30f52e\" data-element_type=\"column\">\n        <div class=\"elementor-widget-wrap elementor-element-populated\">\n                    \n        \t\t<div class=\"elementor-element elementor-element-bb5ddf7 elementor-widget elementor-widget-ct_text_editor\" data-id=\"bb5ddf7\" data-element_type=\"widget\" data-widget_type=\"ct_text_editor.default\">\n\t\t\t\t<div class=\"elementor-widget-container\">\n\t\t\t\t\t<div id=\"ct_text_editor-bb5ddf7\" class=\"ct-text-editor\" data-wow-delay=\"ms\">\n\t<div class=\"ct-inline-css\"  data-css=\"        \t\t\">\n    <\/div>\n\t<div class=\"ct-text-editor elementor-clearfix\">\n\t\t<p>Erjona is a psychosocial counselor and systemic therapist with more than 10 years of experience in the field of mental health.<\/p><p>She aims to support individuals and families in facing life's challenges, providing therapeutic services and effective and supportive counseling.<\/p><p>Over the past 20 years, she has been certified in Systemic Therapy and Counseling, CBT (Cognitive Behavioral Therapy), RBT (Registered Behavioral Technician) and ABA (Applied Behavioral Therapy). Erjona holds a Bachelor's in Labor and Social Policy and a Master's in Scientific Research for Social Sciences.<\/p><p class=\"translation-block\">Erjona has considerable experience in dealing with a wide range of emotional and psychological issues, mainly in teenagers and young adults.\nThe therapeutic approach she offers is flexible, empathetic and client-centered to create personalized interventions.\nErjona aims to create a supportive and non-judgmental environment where clients can develop the skills and tools you need to get ahead.\nErjona's therapeutic work is based on the belief that every individual and family has the potential to grow and improve.<\/p>\t\t\n\t<\/div>\n<\/div>\t\t\t\t<\/div>\n\t\t\t\t<\/div>\n\t\t\t\t<div class=\"elementor-element elementor-element-5186c359 elementor-widget elementor-widget-ct_heading\" data-id=\"5186c359\" data-element_type=\"widget\" data-widget_type=\"ct_heading.default\">\n\t\t\t\t<div class=\"elementor-widget-container\">\n\t\t\t\t\t<div id=\"ct_heading-5186c359\" class=\"ct-heading h-align-left item-st-default\">\r\n    <div class=\"heading-wrapper\">\r\n        <div class=\"inner-heading\">\r\n                        <h3 class=\"item--title case-animate-time st-default\" data-wow-delay=\"ms\">\r\n                <span>EXPERTISE<\/span>            <\/h3>\r\n        <\/div>\r\n    <\/div>\r\n<\/div>\r\n\t\t\t\t<\/div>\n\t\t\t\t<\/div>\n\t\t        <section class=\"elementor-section elementor-inner-section elementor-element elementor-element-277a970b elementor-section-boxed elementor-section-height-default elementor-section-height-default ct-header-fixed-none ct-column-none ct-row-scroll-none ct-row-gradient--none ct-row-container--default\" data-id=\"277a970b\" data-element_type=\"section\">\n            \n                        <div class=\"elementor-container elementor-column-gap-extended\">\n                    <div class=\"elementor-column elementor-col-50 elementor-inner-column elementor-element elementor-element-37f73dc0 ct-column-none col-offset-none\" data-id=\"37f73dc0\" data-element_type=\"column\">\n        <div class=\"elementor-widget-wrap elementor-element-populated\">\n                    \n        \t\t<div class=\"elementor-element elementor-element-174a2b57 elementor-widget elementor-widget-ct_list\" data-id=\"174a2b57\" data-element_type=\"widget\" data-widget_type=\"ct_list.default\">\n\t\t\t\t<div class=\"elementor-widget-container\">\n\t\t\t\t\t    <div class=\"ct-list block\">\r\n                    <div class=\"ct-list-item  off-border\">\r\n                                    <div class=\"ct-list-icon\">\r\n                        <i aria-hidden=\"true\" class=\"far fa-check-circle\"><\/i>                    <\/div>\r\n                            \t<div class=\"ct-list-content\">\r\n                    \t            \t  Counseling with teenagers                    \t            <\/div>\r\n           <\/div>\r\n                    <div class=\"ct-list-item  off-border\">\r\n                                    <div class=\"ct-list-icon\">\r\n                        <i aria-hidden=\"true\" class=\"far fa-check-circle\"><\/i>                    <\/div>\r\n                            \t<div class=\"ct-list-content\">\r\n                    \t            \t  Family counseling                    \t            <\/div>\r\n           <\/div>\r\n            <\/div>\r\n\t\t\t\t<\/div>\n\t\t\t\t<\/div>\n\t\t            <\/div>\n        <\/div>\n                <div class=\"elementor-column elementor-col-50 elementor-inner-column elementor-element elementor-element-4a9e6cde ct-column-none col-offset-none\" data-id=\"4a9e6cde\" data-element_type=\"column\">\n        <div class=\"elementor-widget-wrap elementor-element-populated\">\n                    \n        \t\t<div class=\"elementor-element elementor-element-73fd9c69 elementor-widget elementor-widget-ct_list\" data-id=\"73fd9c69\" data-element_type=\"widget\" data-widget_type=\"ct_list.default\">\n\t\t\t\t<div class=\"elementor-widget-container\">\n\t\t\t\t\t    <div class=\"ct-list block\">\r\n                    <div class=\"ct-list-item  off-border\">\r\n                                    <div class=\"ct-list-icon\">\r\n                        <i aria-hidden=\"true\" class=\"far fa-check-circle\"><\/i>                    <\/div>\r\n                            \t<div class=\"ct-list-content\">\r\n                    \t            \t  Developmental therapy                    \t            <\/div>\r\n           <\/div>\r\n                    <div class=\"ct-list-item  off-border\">\r\n                                    <div class=\"ct-list-icon\">\r\n                        <i aria-hidden=\"true\" class=\"far fa-check-circle\"><\/i>                    <\/div>\r\n                            \t<div class=\"ct-list-content\">\r\n                    \t            \t  Parent Training                    \t            <\/div>\r\n           <\/div>\r\n            <\/div>\r\n\t\t\t\t<\/div>\n\t\t\t\t<\/div>\n\t\t            <\/div>\n        <\/div>\n                    <\/div>\n        <\/section>\n        \t\t<div class=\"elementor-element elementor-element-155b94ea elementor-widget elementor-widget-ct_heading\" data-id=\"155b94ea\" data-element_type=\"widget\" data-widget_type=\"ct_heading.default\">\n\t\t\t\t<div class=\"elementor-widget-container\">\n\t\t\t\t\t<div id=\"ct_heading-155b94ea\" class=\"ct-heading h-align-left item-st-default\">\r\n    <div class=\"heading-wrapper\">\r\n        <div class=\"inner-heading\">\r\n                        <h3 class=\"item--title case-animate-time st-default\" data-wow-delay=\"ms\">\r\n                <span>BACKGROUND &amp; EXPERIENCE<\/span>            <\/h3>\r\n        <\/div>\r\n    <\/div>\r\n<\/div>\r\n\t\t\t\t<\/div>\n\t\t\t\t<\/div>\n\t\t\t\t<div class=\"elementor-element elementor-element-3a3de8b7 elementor-widget elementor-widget-ct_text_editor\" data-id=\"3a3de8b7\" data-element_type=\"widget\" data-widget_type=\"ct_text_editor.default\">\n\t\t\t\t<div class=\"elementor-widget-container\">\n\t\t\t\t\t<div id=\"ct_text_editor-3a3de8b7\" class=\"ct-text-editor\" data-wow-delay=\"ms\">\n\t<div class=\"ct-inline-css\"  data-css=\"        \t\t\">\n    <\/div>\n\t<div class=\"ct-text-editor elementor-clearfix\">\n\t\t<p>- Postgraduate specialization in Systemic Therapy and Counseling at the Nieders\u00e4chsischen Institut f\u00fcr systemische Therapie und Beratung Hannover - Faculty of Social Sciences, Politics and Social Work<br \/>- Master in Social Work, Scientific Research<br \/>- Trained in Applied Behavior Analysis (ABA)<br \/>- Trained in PRT, Pivotal Response Teaching<br \/>- Trained RBT, Registered Behavioral Technician<br \/>- Trained in Occupational Therapy<br \/>- Licensed by the Order of the Social Worker Albania<br \/>- Licensed by the Order of the Social Worker Germany<br \/>- Regional Autism Center: Social Worker, Project Coordinator, Therapist<br \/>- Institute of Cognitive Behavioral Therapy (ICBT), Coordinator and Therapist<br \/>- Pestalozzi Foundation Germany: Social Worker and Family Counselor<\/p>\t\t\n\t<\/div>\n<\/div>\t\t\t\t<\/div>\n\t\t\t\t<\/div>\n\t\t\t\t<div class=\"elementor-element elementor-element-e4d4597 elementor-align-center elementor-widget elementor-widget-ct_button\" data-id=\"e4d4597\" data-element_type=\"widget\" data-widget_type=\"ct_button.default\">\n\t\t\t\t<div class=\"elementor-widget-container\">\n\t\t\t\t\t<div id=\"ct_button-e4d4597\" class=\"ct-button-wrapper ct-button-layout1\">\r\n    <div class=\"ct-inline-css\"  data-css=\"        \">\r\n    <\/div>\r\n            <span class=\"ct-icon-active\"><\/span>\r\n        <a href=\"https:\/\/icbt.al\/en\/book-appointment\/?sm_id=9\/\" class=\"btn btn-default  icon-ps-\" data-wow-delay=\"ms\">\r\n                            <span class=\"ct-button-icon ct-align-icon-\">\r\n                            <\/span>\r\n                <span class=\"ct-button-text\">Schedule your visit<\/span>\r\n    <\/a>\r\n<\/div>\r\n\r\n\t\t\t\t<\/div>\n\t\t\t\t<\/div>\n\t\t            <\/div>\n        <\/div>\n                    <\/div>\n        <\/section>\n        \t\t<\/div>","protected":false},"excerpt":{"rendered":"<p>Erjona Capari Pozicioni Terapiste dhe k\u00ebshilluese sistemike Email e.capari@icbt.al Erjona \u00ebsht\u00eb k\u00ebshilluese psikosociale dhe terapiste sistemike me m\u00eb shum\u00eb se 10 vite p\u00ebrvoj\u00eb n\u00eb fush\u00ebn e sh\u00ebndetit mendor. Ajo synon t\u00eb mb\u00ebshtes\u00eb individ\u00eb dhe familje n\u00eb p\u00ebrballjen e sfidave t\u00eb jet\u00ebs, duke ofruar sh\u00ebrbime terapeutike dhe k\u00ebshillim efektiv e mb\u00ebshtet\u00ebs. Gjat\u00eb 20 viteve t\u00eb fundit, [&hellip;]<\/p>","protected":false},"author":1,"featured_media":0,"parent":0,"menu_order":0,"comment_status":"closed","ping_status":"closed","template":"","meta":{"footnotes":""},"class_list":["post-8420","page","type-page","status-publish","hentry"],"aioseo_notices":[],"_links":{"self":[{"href":"https:\/\/icbt.al\/en\/wp-json\/wp\/v2\/pages\/8420","targetHints":{"allow":["GET"]}}],"collection":[{"href":"https:\/\/icbt.al\/en\/wp-json\/wp\/v2\/pages"}],"about":[{"href":"https:\/\/icbt.al\/en\/wp-json\/wp\/v2\/types\/page"}],"author":[{"embeddable":true,"href":"https:\/\/icbt.al\/en\/wp-json\/wp\/v2\/users\/1"}],"replies":[{"embeddable":true,"href":"https:\/\/icbt.al\/en\/wp-json\/wp\/v2\/comments?post=8420"}],"version-history":[{"count":91,"href":"https:\/\/icbt.al\/en\/wp-json\/wp\/v2\/pages\/8420\/revisions"}],"predecessor-version":[{"id":10123,"href":"https:\/\/icbt.al\/en\/wp-json\/wp\/v2\/pages\/8420\/revisions\/10123"}],"wp:attachment":[{"href":"https:\/\/icbt.al\/en\/wp-json\/wp\/v2\/media?parent=8420"}],"curies":[{"name":"wp","href":"https:\/\/api.w.org\/{rel}","templated":true}]}}