{"id":8193,"date":"2024-06-05T12:29:09","date_gmt":"2024-06-05T12:29:09","guid":{"rendered":"https:\/\/icbt.al\/?page_id=8193"},"modified":"2024-11-15T15:06:14","modified_gmt":"2024-11-15T15:06:14","slug":"sherbimi-psikiatrik","status":"publish","type":"page","link":"https:\/\/icbt.al\/en\/sherbimi-psikiatrik\/","title":{"rendered":"Psychiatric Service"},"content":{"rendered":"<div data-elementor-type=\"wp-page\" data-elementor-id=\"8193\" class=\"elementor elementor-8193\">\n\t\t\t\t<div class=\"elementor-element elementor-element-0a0945e e-flex e-con-boxed e-con e-parent\" data-id=\"0a0945e\" data-element_type=\"container\">\n\t\t\t\t\t<div class=\"e-con-inner\">\n\t\t\t\t<div class=\"elementor-element elementor-element-81aa540 elementor-widget elementor-widget-ct_heading\" data-id=\"81aa540\" data-element_type=\"widget\" data-widget_type=\"ct_heading.default\">\n\t\t\t\t<div class=\"elementor-widget-container\">\n\t\t\t\t\t<div id=\"ct_heading-81aa540\" class=\"ct-heading h-align-center item-st-default\">\r\n    <div class=\"heading-wrapper\">\r\n        <div class=\"inner-heading\">\r\n                        <h5 class=\"item--title case-animate-time st-default\" data-wow-delay=\"ms\">\r\n                <span>Psychiatric Service<\/span>            <\/h5>\r\n        <\/div>\r\n    <\/div>\r\n<\/div>\r\n\t\t\t\t<\/div>\n\t\t\t\t<\/div>\n\t\t\t\t<div class=\"elementor-element elementor-element-df42f4f elementor-widget elementor-widget-ct_text_editor\" data-id=\"df42f4f\" data-element_type=\"widget\" data-widget_type=\"ct_text_editor.default\">\n\t\t\t\t<div class=\"elementor-widget-container\">\n\t\t\t\t\t<div id=\"ct_text_editor-df42f4f\" class=\"ct-text-editor\" data-wow-delay=\"ms\">\n\t<div class=\"ct-inline-css\"  data-css=\"        \t\t\">\n    <\/div>\n\t<div class=\"ct-text-editor elementor-clearfix\">\n\t\t<p>Psychiatric treatment is indeed a specialized medical field that focuses on the diagnosis, treatment, and prevention of emotional or psychiatric disorders. Psychiatric treatment often involves a multidisciplinary approach to optimize patient outcomes and enhance overall well-being.<br \/>The goal of psychiatric treatment is to help patients manage symptoms, improve their quality of life, and achieve their personal goals. In addition to ICBT, psychiatric services offer <a href=\"https:\/\/icbt.alcodeit.com\/kontakt\/\">psychiatric evaluations<\/a>, <a href=\"https:\/\/icbt.alcodeit.com\/kontakt\/\">psychiatric consultation<\/a> and <a href=\"https:\/\/icbt.alcodeit.com\/kontakt\/\">psychopharmacological treatments<\/a>.<\/p>\t\t\n\t<\/div>\n<\/div>\t\t\t\t<\/div>\n\t\t\t\t<\/div>\n\t\t\t\t<div class=\"elementor-element elementor-element-69c3c45 elementor-align-center elementor-widget elementor-widget-ct_button\" data-id=\"69c3c45\" data-element_type=\"widget\" data-widget_type=\"ct_button.default\">\n\t\t\t\t<div class=\"elementor-widget-container\">\n\t\t\t\t\t<div id=\"ct_button-69c3c45\" class=\"ct-button-wrapper ct-button-layout1\">\r\n    <div class=\"ct-inline-css\"  data-css=\"        \">\r\n    <\/div>\r\n            <span class=\"ct-icon-active\"><\/span>\r\n        <a href=\"https:\/\/icbt.al\/en\/kontakt-psikiater\/\" class=\"btn btn-default  icon-ps-\" data-wow-delay=\"ms\">\r\n                            <span class=\"ct-button-icon ct-align-icon-\">\r\n                            <\/span>\r\n                <span class=\"ct-button-text\">Schedule your visit<\/span>\r\n    <\/a>\r\n<\/div>\r\n\r\n\t\t\t\t<\/div>\n\t\t\t\t<\/div>\n\t\t\t\t\t<\/div>\n\t\t\t\t<\/div>\n\t\t\t\t<\/div>","protected":false},"excerpt":{"rendered":"<p>Sh\u00ebrbimi Psikiatrik Trajtimi psikiatrik \u00ebsht\u00eb nj\u00eb specialitet mjek\u00ebsor q\u00eb fokusohet n\u00eb diagnostikimin, trajtimin dhe parandalimin e \u00e7rregullimeve emocionale apo psikiatrike. \u00cbsht\u00eb nj\u00eb fush\u00eb komplekse q\u00eb k\u00ebrkon nj\u00eb qasje multidisiplinare p\u00ebr t\u00eb ofruar kujdesin m\u00eb t\u00eb mir\u00eb t\u00eb mundsh\u00ebm p\u00ebr pacient\u00ebt. Q\u00ebllimi i trajtimit psikiatrik \u00ebsht\u00eb t\u00eb ndihmoj\u00eb pacient\u00ebt t\u00eb menaxhojn\u00eb simptomat, t\u00eb p\u00ebrmir\u00ebsojn\u00eb cil\u00ebsin\u00eb e [&hellip;]<\/p>","protected":false},"author":1,"featured_media":0,"parent":0,"menu_order":0,"comment_status":"closed","ping_status":"closed","template":"","meta":{"footnotes":""},"class_list":["post-8193","page","type-page","status-publish","hentry"],"aioseo_notices":[],"_links":{"self":[{"href":"https:\/\/icbt.al\/en\/wp-json\/wp\/v2\/pages\/8193","targetHints":{"allow":["GET"]}}],"collection":[{"href":"https:\/\/icbt.al\/en\/wp-json\/wp\/v2\/pages"}],"about":[{"href":"https:\/\/icbt.al\/en\/wp-json\/wp\/v2\/types\/page"}],"author":[{"embeddable":true,"href":"https:\/\/icbt.al\/en\/wp-json\/wp\/v2\/users\/1"}],"replies":[{"embeddable":true,"href":"https:\/\/icbt.al\/en\/wp-json\/wp\/v2\/comments?post=8193"}],"version-history":[{"count":35,"href":"https:\/\/icbt.al\/en\/wp-json\/wp\/v2\/pages\/8193\/revisions"}],"predecessor-version":[{"id":9944,"href":"https:\/\/icbt.al\/en\/wp-json\/wp\/v2\/pages\/8193\/revisions\/9944"}],"wp:attachment":[{"href":"https:\/\/icbt.al\/en\/wp-json\/wp\/v2\/media?parent=8193"}],"curies":[{"name":"wp","href":"https:\/\/api.w.org\/{rel}","templated":true}]}}