{"id":8113,"date":"2024-05-27T16:09:09","date_gmt":"2024-05-27T16:09:09","guid":{"rendered":"https:\/\/icbt.al\/?page_id=8113"},"modified":"2024-06-05T09:28:32","modified_gmt":"2024-06-05T09:28:32","slug":"pyetsor","status":"publish","type":"page","link":"https:\/\/icbt.al\/en\/pyetsor\/","title":{"rendered":"Quizz"},"content":{"rendered":"<div class=\"wpcf7 no-js\" id=\"wpcf7-f8112-o1\" lang=\"en-US\" dir=\"ltr\" data-wpcf7-id=\"8112\">\n<div class=\"screen-reader-response\"><p role=\"status\" aria-live=\"polite\" aria-atomic=\"true\"><\/p> <ul><\/ul><\/div>\n<form action=\"\/en\/wp-json\/wp\/v2\/pages\/8113#wpcf7-f8112-o1\" method=\"post\" class=\"wpcf7-form init\" aria-label=\"Contact form\" novalidate=\"novalidate\" data-status=\"init\" data-trp-original-action=\"\/en\/wp-json\/wp\/v2\/pages\/8113#wpcf7-f8112-o1\">\n<div style=\"display: none;\">\n<input type=\"hidden\" name=\"_wpcf7\" value=\"8112\" \/>\n<input type=\"hidden\" name=\"_wpcf7_version\" value=\"6.0.6\" \/>\n<input type=\"hidden\" name=\"_wpcf7_locale\" value=\"en_US\" \/>\n<input type=\"hidden\" name=\"_wpcf7_unit_tag\" value=\"wpcf7-f8112-o1\" \/>\n<input type=\"hidden\" name=\"_wpcf7_container_post\" value=\"0\" \/>\n<input type=\"hidden\" name=\"_wpcf7_posted_data_hash\" value=\"\" \/>\n<input type=\"hidden\" name=\"_wpcf7_recaptcha_response\" value=\"\" \/>\n<\/div>\n<p><label> 1. Please state your age <span class=\"wpcf7-form-control-wrap\" data-name=\"text-mosha\"><input size=\"40\" maxlength=\"400\" class=\"wpcf7-form-control wpcf7-text\" aria-invalid=\"false\" value=\"\" type=\"text\" name=\"text-mosha\" \/><\/span> <\/label>\n<\/p>\n<p><label> 2.Your gender <span class=\"wpcf7-form-control-wrap\" data-name=\"checkbox-349\"><span class=\"wpcf7-form-control wpcf7-radio\"><span class=\"wpcf7-list-item first\"><label><input type=\"radio\" name=\"checkbox-349\" value=\"Femer\" \/><span class=\"wpcf7-list-item-label\">Female<\/span><\/label><\/span><span class=\"wpcf7-list-item\"><label><input type=\"radio\" name=\"checkbox-349\" value=\"Mashkull\" \/><span class=\"wpcf7-list-item-label\">Male<\/span><\/label><\/span><span class=\"wpcf7-list-item last\"><label><input type=\"radio\" name=\"checkbox-349\" value=\"Tjet\u00ebr\" \/><span class=\"wpcf7-list-item-label\">Other<\/span><\/label><\/span><\/span><\/span><\/label>\n<\/p>\n<p><label> During the past 2 weeks, how often have you been bothered by any of the following problems?<\/label>\n<\/p>\n<p><label>1. Little interest or pleasure in doing things<br \/>\n<span class=\"wpcf7-form-control-wrap\" data-name=\"interes\"><span class=\"wpcf7-form-control wpcf7-radio\"><span class=\"wpcf7-list-item first\"><label><input type=\"radio\" name=\"interes\" value=\"Aspak\" \/><span class=\"wpcf7-list-item-label\">Not at all<\/span><\/label><\/span><span class=\"wpcf7-list-item\"><label><input type=\"radio\" name=\"interes\" value=\"Disa dit\u00eb\" \/><span class=\"wpcf7-list-item-label\">Some days<\/span><\/label><\/span><span class=\"wpcf7-list-item\"><label><input type=\"radio\" name=\"interes\" value=\"M\u00eb shum\u00eb se gjysma e dit\u00ebve\" \/><span class=\"wpcf7-list-item-label\">More than half of the week<\/span><\/label><\/span><span class=\"wpcf7-list-item last\"><label><input type=\"radio\" name=\"interes\" value=\"Gati dit\u00eb p\u00ebr dit\u00eb\" \/><span class=\"wpcf7-list-item-label\">Almost everyday<\/span><\/label><\/span><\/span><\/span> <\/label>\n<\/p>\n<p><label><label>2. Feeling down, depressed or hopeless?<br \/>\n<span class=\"wpcf7-form-control-wrap\" data-name=\"ndihesh\"><span class=\"wpcf7-form-control wpcf7-radio\"><span class=\"wpcf7-list-item first\"><label><input type=\"radio\" name=\"ndihesh\" value=\"Aspak\" \/><span class=\"wpcf7-list-item-label\">Not at all<\/span><\/label><\/span><span class=\"wpcf7-list-item\"><label><input type=\"radio\" name=\"ndihesh\" value=\"Disa dit\u00eb\" \/><span class=\"wpcf7-list-item-label\">Some days<\/span><\/label><\/span><span class=\"wpcf7-list-item\"><label><input type=\"radio\" name=\"ndihesh\" value=\"M\u00eb shum\u00eb se gjysma e dit\u00ebve\" \/><span class=\"wpcf7-list-item-label\">More than half of the week<\/span><\/label><\/span><span class=\"wpcf7-list-item last\"><label><input type=\"radio\" name=\"ndihesh\" value=\"Gati dit\u00eb p\u00ebr dit\u00eb\" \/><span class=\"wpcf7-list-item-label\">Almost everyday<\/span><\/label><\/span><\/span><\/span> <\/label><br \/>\n<label>\t3. Difficulty falling asleep, staying asleep, or sleeping too much<br \/>\n<span class=\"wpcf7-form-control-wrap\" data-name=\"vshtirsi\"><span class=\"wpcf7-form-control wpcf7-radio\"><span class=\"wpcf7-list-item first\"><label><input type=\"radio\" name=\"vshtirsi\" value=\"Aspak\" \/><span class=\"wpcf7-list-item-label\">Not at all<\/span><\/label><\/span><span class=\"wpcf7-list-item\"><label><input type=\"radio\" name=\"vshtirsi\" value=\"Disa dit\u00eb\" \/><span class=\"wpcf7-list-item-label\">Some days<\/span><\/label><\/span><span class=\"wpcf7-list-item\"><label><input type=\"radio\" name=\"vshtirsi\" value=\"M\u00eb shum\u00eb se gjysma e dit\u00ebve\" \/><span class=\"wpcf7-list-item-label\">More than half of the week<\/span><\/label><\/span><span class=\"wpcf7-list-item last\"><label><input type=\"radio\" name=\"vshtirsi\" value=\"Gati dit\u00eb p\u00ebr dit\u00eb\" \/><span class=\"wpcf7-list-item-label\">Almost everyday<\/span><\/label><\/span><\/span><\/span> <\/label><br \/>\n<label>\t4. You feel tired or low on energy.<br \/>\n<span class=\"wpcf7-form-control-wrap\" data-name=\"lodhur\"><span class=\"wpcf7-form-control wpcf7-radio\"><span class=\"wpcf7-list-item first\"><label><input type=\"radio\" name=\"lodhur\" value=\"Aspak\" \/><span class=\"wpcf7-list-item-label\">Not at all<\/span><\/label><\/span><span class=\"wpcf7-list-item\"><label><input type=\"radio\" name=\"lodhur\" value=\"Disa dit\u00eb\" \/><span class=\"wpcf7-list-item-label\">Some days<\/span><\/label><\/span><span class=\"wpcf7-list-item\"><label><input type=\"radio\" name=\"lodhur\" value=\"M\u00eb shum\u00eb se gjysma e dit\u00ebve\" \/><span class=\"wpcf7-list-item-label\">More than half of the week<\/span><\/label><\/span><span class=\"wpcf7-list-item last\"><label><input type=\"radio\" name=\"lodhur\" value=\"Gati dit\u00eb p\u00ebr dit\u00eb\" \/><span class=\"wpcf7-list-item-label\">Almost everyday<\/span><\/label><\/span><\/span><\/span> <\/label><br \/>\n<label>5. Poor appetite or overeating.<br \/>\n<span class=\"wpcf7-form-control-wrap\" data-name=\"oreks\"><span class=\"wpcf7-form-control wpcf7-radio\"><span class=\"wpcf7-list-item first\"><label><input type=\"radio\" name=\"oreks\" value=\"Aspak\" \/><span class=\"wpcf7-list-item-label\">Not at all<\/span><\/label><\/span><span class=\"wpcf7-list-item\"><label><input type=\"radio\" name=\"oreks\" value=\"Disa dit\u00eb\" \/><span class=\"wpcf7-list-item-label\">Some days<\/span><\/label><\/span><span class=\"wpcf7-list-item\"><label><input type=\"radio\" name=\"oreks\" value=\"M\u00eb shum\u00eb se gjysma e dit\u00ebve\" \/><span class=\"wpcf7-list-item-label\">More than half of the week<\/span><\/label><\/span><span class=\"wpcf7-list-item last\"><label><input type=\"radio\" name=\"oreks\" value=\"Gati dit\u00eb p\u00ebr dit\u00eb\" \/><span class=\"wpcf7-list-item-label\">Almost everyday<\/span><\/label><\/span><\/span><\/span> <\/label><br \/>\n<label>6. You feel bad about yourself, like you're a failure and have let yourself or your family down.<br \/>\n<span class=\"wpcf7-form-control-wrap\" data-name=\"veten\"><span class=\"wpcf7-form-control wpcf7-radio\"><span class=\"wpcf7-list-item first\"><label><input type=\"radio\" name=\"veten\" value=\"Aspak\" \/><span class=\"wpcf7-list-item-label\">Not at all<\/span><\/label><\/span><span class=\"wpcf7-list-item\"><label><input type=\"radio\" name=\"veten\" value=\"Disa dit\u00eb\" \/><span class=\"wpcf7-list-item-label\">Some days<\/span><\/label><\/span><span class=\"wpcf7-list-item\"><label><input type=\"radio\" name=\"veten\" value=\"M\u00eb shum\u00eb se gjysma e dit\u00ebve\" \/><span class=\"wpcf7-list-item-label\">More than half of the week<\/span><\/label><\/span><span class=\"wpcf7-list-item last\"><label><input type=\"radio\" name=\"veten\" value=\"Gati dit\u00eb p\u00ebr dit\u00eb\" \/><span class=\"wpcf7-list-item-label\">Almost everyday<\/span><\/label><\/span><\/span><\/span> <\/label><br \/>\n<label>7. Trouble concentrating on activities, such as reading the newspaper or watching TV.<br \/>\n<span class=\"wpcf7-form-control-wrap\" data-name=\"probleme\"><span class=\"wpcf7-form-control wpcf7-radio\"><span class=\"wpcf7-list-item first\"><label><input type=\"radio\" name=\"probleme\" value=\"Aspak\" \/><span class=\"wpcf7-list-item-label\">Not at all<\/span><\/label><\/span><span class=\"wpcf7-list-item\"><label><input type=\"radio\" name=\"probleme\" value=\"Disa dit\u00eb\" \/><span class=\"wpcf7-list-item-label\">Some days<\/span><\/label><\/span><span class=\"wpcf7-list-item\"><label><input type=\"radio\" name=\"probleme\" value=\"M\u00eb shum\u00eb se gjysma e dit\u00ebve\" \/><span class=\"wpcf7-list-item-label\">More than half of the week<\/span><\/label><\/span><span class=\"wpcf7-list-item last\"><label><input type=\"radio\" name=\"probleme\" value=\"Gati dit\u00eb p\u00ebr dit\u00eb\" \/><span class=\"wpcf7-list-item-label\">Almost everyday<\/span><\/label><\/span><\/span><\/span> <\/label><br \/>\n<label>8. You may have moved or spoken so slowly that other people might have noticed, or conversely, you were so anxious that you moved much more than usual.<br \/>\n<span class=\"wpcf7-form-control-wrap\" data-name=\"shqetesuar\"><span class=\"wpcf7-form-control wpcf7-radio\"><span class=\"wpcf7-list-item first\"><label><input type=\"radio\" name=\"shqetesuar\" value=\"Aspak\" \/><span class=\"wpcf7-list-item-label\">Not at all<\/span><\/label><\/span><span class=\"wpcf7-list-item\"><label><input type=\"radio\" name=\"shqetesuar\" value=\"Disa dit\u00eb\" \/><span class=\"wpcf7-list-item-label\">Some days<\/span><\/label><\/span><span class=\"wpcf7-list-item\"><label><input type=\"radio\" name=\"shqetesuar\" value=\"M\u00eb shum\u00eb se gjysma e dit\u00ebve\" \/><span class=\"wpcf7-list-item-label\">More than half of the week<\/span><\/label><\/span><span class=\"wpcf7-list-item last\"><label><input type=\"radio\" name=\"shqetesuar\" value=\"Gati dit\u00eb p\u00ebr dit\u00eb\" \/><span class=\"wpcf7-list-item-label\">Almost everyday<\/span><\/label><\/span><\/span><\/span> <\/label><br \/>\n<label>9. You may have thoughts that it would be better to die or hurt yourself.<br \/>\n<span class=\"wpcf7-form-control-wrap\" data-name=\"mendime\"><span class=\"wpcf7-form-control wpcf7-radio\"><span class=\"wpcf7-list-item first\"><label><input type=\"radio\" name=\"mendime\" value=\"Aspak\" \/><span class=\"wpcf7-list-item-label\">Not at all<\/span><\/label><\/span><span class=\"wpcf7-list-item\"><label><input type=\"radio\" name=\"mendime\" value=\"Disa dit\u00eb\" \/><span class=\"wpcf7-list-item-label\">Some days<\/span><\/label><\/span><span class=\"wpcf7-list-item\"><label><input type=\"radio\" name=\"mendime\" value=\"M\u00eb shum\u00eb se gjysma e dit\u00ebve\" \/><span class=\"wpcf7-list-item-label\">More than half of the week<\/span><\/label><\/span><span class=\"wpcf7-list-item last\"><label><input type=\"radio\" name=\"mendime\" value=\"Gati dit\u00eb p\u00ebr dit\u00eb\" \/><span class=\"wpcf7-list-item-label\">Almost everyday<\/span><\/label><\/span><\/span><\/span> <\/label><br \/>\n<label>10. You feel nervous, anxious or troubled.<br \/>\n<span class=\"wpcf7-form-control-wrap\" data-name=\"nervoz\"><span class=\"wpcf7-form-control wpcf7-radio\"><span class=\"wpcf7-list-item first\"><label><input type=\"radio\" name=\"nervoz\" value=\"Aspak\" \/><span class=\"wpcf7-list-item-label\">Not at all<\/span><\/label><\/span><span class=\"wpcf7-list-item\"><label><input type=\"radio\" name=\"nervoz\" value=\"Disa dit\u00eb\" \/><span class=\"wpcf7-list-item-label\">Some days<\/span><\/label><\/span><span class=\"wpcf7-list-item\"><label><input type=\"radio\" name=\"nervoz\" value=\"M\u00eb shum\u00eb se gjysma e dit\u00ebve\" \/><span class=\"wpcf7-list-item-label\">More than half of the week<\/span><\/label><\/span><span class=\"wpcf7-list-item last\"><label><input type=\"radio\" name=\"nervoz\" value=\"Gati dit\u00eb p\u00ebr dit\u00eb\" \/><span class=\"wpcf7-list-item-label\">Almost everyday<\/span><\/label><\/span><\/span><\/span> <\/label><br \/>\n<label>12. Inability to stop or control worries.<br \/>\n<span class=\"wpcf7-form-control-wrap\" data-name=\"shqetesime\"><span class=\"wpcf7-form-control wpcf7-radio\"><span class=\"wpcf7-list-item first\"><label><input type=\"radio\" name=\"shqetesime\" value=\"Aspak\" \/><span class=\"wpcf7-list-item-label\">Not at all<\/span><\/label><\/span><span class=\"wpcf7-list-item\"><label><input type=\"radio\" name=\"shqetesime\" value=\"Disa dit\u00eb\" \/><span class=\"wpcf7-list-item-label\">Some days<\/span><\/label><\/span><span class=\"wpcf7-list-item\"><label><input type=\"radio\" name=\"shqetesime\" value=\"M\u00eb shum\u00eb se gjysma e dit\u00ebve\" \/><span class=\"wpcf7-list-item-label\">More than half of the week<\/span><\/label><\/span><span class=\"wpcf7-list-item last\"><label><input type=\"radio\" name=\"shqetesime\" value=\"Gati dit\u00eb p\u00ebr dit\u00eb\" \/><span class=\"wpcf7-list-item-label\">Almost everyday<\/span><\/label><\/span><\/span><\/span> <\/label><br \/>\n<label>13. Worrying too much about different things.<br \/>\n<span class=\"wpcf7-form-control-wrap\" data-name=\"ndryshme\"><span class=\"wpcf7-form-control wpcf7-radio\"><span class=\"wpcf7-list-item first\"><label><input type=\"radio\" name=\"ndryshme\" value=\"Aspak\" \/><span class=\"wpcf7-list-item-label\">Not at all<\/span><\/label><\/span><span class=\"wpcf7-list-item\"><label><input type=\"radio\" name=\"ndryshme\" value=\"Disa dit\u00eb\" \/><span class=\"wpcf7-list-item-label\">Some days<\/span><\/label><\/span><span class=\"wpcf7-list-item\"><label><input type=\"radio\" name=\"ndryshme\" value=\"M\u00eb shum\u00eb se gjysma e dit\u00ebve\" \/><span class=\"wpcf7-list-item-label\">More than half of the week<\/span><\/label><\/span><span class=\"wpcf7-list-item last\"><label><input type=\"radio\" name=\"ndryshme\" value=\"Gati dit\u00eb p\u00ebr dit\u00eb\" \/><span class=\"wpcf7-list-item-label\">Almost everyday<\/span><\/label><\/span><\/span><\/span> <\/label><br \/>\n<label>14. Problems with relaxation.<br \/>\n<span class=\"wpcf7-form-control-wrap\" data-name=\"relaks\"><span class=\"wpcf7-form-control wpcf7-radio\"><span class=\"wpcf7-list-item first\"><label><input type=\"radio\" name=\"relaks\" value=\"Aspak\" \/><span class=\"wpcf7-list-item-label\">Not at all<\/span><\/label><\/span><span class=\"wpcf7-list-item\"><label><input type=\"radio\" name=\"relaks\" value=\"Disa dit\u00eb\" \/><span class=\"wpcf7-list-item-label\">Some days<\/span><\/label><\/span><span class=\"wpcf7-list-item\"><label><input type=\"radio\" name=\"relaks\" value=\"M\u00eb shum\u00eb se gjysma e dit\u00ebve\" \/><span class=\"wpcf7-list-item-label\">More than half of the week<\/span><\/label><\/span><span class=\"wpcf7-list-item last\"><label><input type=\"radio\" name=\"relaks\" value=\"Gati dit\u00eb p\u00ebr dit\u00eb\" \/><span class=\"wpcf7-list-item-label\">Almost everyday<\/span><\/label><\/span><\/span><\/span> <\/label><br \/>\n<label>15. You worry so much that you find it hard to calm down.<br \/>\n<span class=\"wpcf7-form-control-wrap\" data-name=\"qetesoheni\"><span class=\"wpcf7-form-control wpcf7-radio\"><span class=\"wpcf7-list-item first\"><label><input type=\"radio\" name=\"qetesoheni\" value=\"Aspak\" \/><span class=\"wpcf7-list-item-label\">Not at all<\/span><\/label><\/span><span class=\"wpcf7-list-item\"><label><input type=\"radio\" name=\"qetesoheni\" value=\"Disa dit\u00eb\" \/><span class=\"wpcf7-list-item-label\">Some days<\/span><\/label><\/span><span class=\"wpcf7-list-item\"><label><input type=\"radio\" name=\"qetesoheni\" value=\"M\u00eb shum\u00eb se gjysma e dit\u00ebve\" \/><span class=\"wpcf7-list-item-label\">More than half of the week<\/span><\/label><\/span><span class=\"wpcf7-list-item last\"><label><input type=\"radio\" name=\"qetesoheni\" value=\"Gati dit\u00eb p\u00ebr dit\u00eb\" \/><span class=\"wpcf7-list-item-label\">Almost everyday<\/span><\/label><\/span><\/span><\/span> <\/label><br \/>\n<label>16. You are easily irritated or short-tempered.<br \/>\n<span class=\"wpcf7-form-control-wrap\" data-name=\"acaroheni\"><span class=\"wpcf7-form-control wpcf7-radio\"><span class=\"wpcf7-list-item first\"><label><input type=\"radio\" name=\"acaroheni\" value=\"Aspak\" \/><span class=\"wpcf7-list-item-label\">Not at all<\/span><\/label><\/span><span class=\"wpcf7-list-item\"><label><input type=\"radio\" name=\"acaroheni\" value=\"Disa dit\u00eb\" \/><span class=\"wpcf7-list-item-label\">Some days<\/span><\/label><\/span><span class=\"wpcf7-list-item\"><label><input type=\"radio\" name=\"acaroheni\" value=\"M\u00eb shum\u00eb se gjysma e dit\u00ebve\" \/><span class=\"wpcf7-list-item-label\">More than half of the week<\/span><\/label><\/span><span class=\"wpcf7-list-item last\"><label><input type=\"radio\" name=\"acaroheni\" value=\"Gati dit\u00eb p\u00ebr dit\u00eb\" \/><span class=\"wpcf7-list-item-label\">Almost everyday<\/span><\/label><\/span><\/span><\/span> <\/label><br \/>\n<label>17. You feel scared like something terrible might happen.<br \/>\n<span class=\"wpcf7-form-control-wrap\" data-name=\"tmerrshme\"><span class=\"wpcf7-form-control wpcf7-radio\"><span class=\"wpcf7-list-item first\"><label><input type=\"radio\" name=\"tmerrshme\" value=\"Aspak\" \/><span class=\"wpcf7-list-item-label\">Not at all<\/span><\/label><\/span><span class=\"wpcf7-list-item\"><label><input type=\"radio\" name=\"tmerrshme\" value=\"Disa dit\u00eb\" \/><span class=\"wpcf7-list-item-label\">Some days<\/span><\/label><\/span><span class=\"wpcf7-list-item\"><label><input type=\"radio\" name=\"tmerrshme\" value=\"M\u00eb shum\u00eb se gjysma e dit\u00ebve\" \/><span class=\"wpcf7-list-item-label\">More than half of the week<\/span><\/label><\/span><span class=\"wpcf7-list-item last\"><label><input type=\"radio\" name=\"tmerrshme\" value=\"Gati dit\u00eb p\u00ebr dit\u00eb\" \/><span class=\"wpcf7-list-item-label\">Almost everyday<\/span><\/label><\/span><\/span><\/span> <\/label><br \/>\n<label>18. Email<br \/>\n<span class=\"wpcf7-form-control-wrap\" data-name=\"your-email\"><input size=\"40\" maxlength=\"400\" class=\"wpcf7-form-control wpcf7-email wpcf7-validates-as-required wpcf7-text wpcf7-validates-as-email\" aria-required=\"true\" aria-invalid=\"false\" value=\"\" type=\"email\" name=\"your-email\" \/><\/span> <\/label><br \/>\n\t<span class=\"wpcf7-form-control-wrap recaptcha\" data-name=\"recaptcha\"><span data-sitekey=\"6Ldjzk0qAAAAALDCYzMyi_YvMptCG-dL-P4_YmYx\" class=\"wpcf7-form-control wpcf7-recaptcha g-recaptcha\"><\/span>\r\n<noscript>\r\n\t<div class=\"grecaptcha-noscript\">\r\n\t\t<iframe src=\"https:\/\/www.google.com\/recaptcha\/api\/fallback?k=6Ldjzk0qAAAAALDCYzMyi_YvMptCG-dL-P4_YmYx\" frameborder=\"0\" scrolling=\"no\" width=\"310\" height=\"430\">\r\n\t\t<\/iframe>\r\n\t\t<textarea name=\"g-recaptcha-response\" rows=\"3\" cols=\"40\" placeholder=\"reCaptcha Response Here\">\r\n\t\t<\/textarea>\r\n\t<\/div>\r\n<\/noscript>\r\n<\/span><br \/>\n<input class=\"wpcf7-form-control wpcf7-submit has-spinner\" type=\"submit\" value=\"Send\" \/><\/label>\n<\/p><div class=\"wpcf7-response-output\" aria-hidden=\"true\"><\/div>\n<input type=\"hidden\" name=\"trp-form-language\" value=\"en\"\/><\/form>\n<\/div>","protected":false},"excerpt":{"rendered":"","protected":false},"author":1,"featured_media":0,"parent":0,"menu_order":0,"comment_status":"closed","ping_status":"closed","template":"","meta":{"footnotes":""},"class_list":["post-8113","page","type-page","status-publish","hentry"],"aioseo_notices":[],"_links":{"self":[{"href":"https:\/\/icbt.al\/en\/wp-json\/wp\/v2\/pages\/8113","targetHints":{"allow":["GET"]}}],"collection":[{"href":"https:\/\/icbt.al\/en\/wp-json\/wp\/v2\/pages"}],"about":[{"href":"https:\/\/icbt.al\/en\/wp-json\/wp\/v2\/types\/page"}],"author":[{"embeddable":true,"href":"https:\/\/icbt.al\/en\/wp-json\/wp\/v2\/users\/1"}],"replies":[{"embeddable":true,"href":"https:\/\/icbt.al\/en\/wp-json\/wp\/v2\/comments?post=8113"}],"version-history":[{"count":2,"href":"https:\/\/icbt.al\/en\/wp-json\/wp\/v2\/pages\/8113\/revisions"}],"predecessor-version":[{"id":8181,"href":"https:\/\/icbt.al\/en\/wp-json\/wp\/v2\/pages\/8113\/revisions\/8181"}],"wp:attachment":[{"href":"https:\/\/icbt.al\/en\/wp-json\/wp\/v2\/media?parent=8113"}],"curies":[{"name":"wp","href":"https:\/\/api.w.org\/{rel}","templated":true}]}}