{"id":7750,"date":"2024-04-22T15:56:58","date_gmt":"2024-04-22T15:56:58","guid":{"rendered":"https:\/\/icbt.al\/?page_id=7750"},"modified":"2025-03-10T16:51:08","modified_gmt":"2025-03-10T16:51:08","slug":"vleresime","status":"publish","type":"page","link":"https:\/\/icbt.al\/en\/vleresime\/","title":{"rendered":"Psychological Assessments"},"content":{"rendered":"<div data-elementor-type=\"wp-page\" data-elementor-id=\"7750\" class=\"elementor elementor-7750\">\n\t\t\t\t<div class=\"elementor-element elementor-element-4f32c29 e-flex e-con-boxed e-con e-parent\" data-id=\"4f32c29\" data-element_type=\"container\">\n\t\t\t\t\t<div class=\"e-con-inner\">\n\t\t\t\t<div class=\"elementor-element elementor-element-f35e8b4 elementor-widget elementor-widget-ct_heading\" data-id=\"f35e8b4\" data-element_type=\"widget\" data-widget_type=\"ct_heading.default\">\n\t\t\t\t<div class=\"elementor-widget-container\">\n\t\t\t\t\t<div id=\"ct_heading-f35e8b4\" class=\"ct-heading h-align-center item-st-default\">\r\n    <div class=\"heading-wrapper\">\r\n        <div class=\"inner-heading\">\r\n                        <h5 class=\"item--title case-animate-time st-default\" data-wow-delay=\"ms\">\r\n                <span>Psychological Assessments<\/span>            <\/h5>\r\n        <\/div>\r\n    <\/div>\r\n<\/div>\r\n\t\t\t\t<\/div>\n\t\t\t\t<\/div>\n\t\t\t\t<div class=\"elementor-element elementor-element-d486df2 elementor-widget elementor-widget-ct_list\" data-id=\"d486df2\" data-element_type=\"widget\" data-widget_type=\"ct_list.default\">\n\t\t\t\t<div class=\"elementor-widget-container\">\n\t\t\t\t\t    <div class=\"ct-list block\">\r\n                    <div class=\"ct-list-item  off-border\">\r\n                                    <div class=\"ct-list-icon\">\r\n                        <i aria-hidden=\"true\" class=\"far fa-arrow-alt-circle-right\"><\/i>                    <\/div>\r\n                            \t<div class=\"ct-list-content\">\r\n                    \t            \t  Psychological assessment is performed by a trained psychologist to understand an individual's mental health and behavior. It includes various tests, interviews, and questionnaires to assess cognitive, emotional, and social functioning. The goal is to examine psychological conditions, identify strengths and weaknesses, and create treatment plans. This assessment helps create a detailed profile of the individual's mental health for effective and personalized care tailored to their specific needs.                    \t            <\/div>\r\n           <\/div>\r\n            <\/div>\r\n\t\t\t\t<\/div>\n\t\t\t\t<\/div>\n\t\t\t\t\t<\/div>\n\t\t\t\t<\/div>\n\t\t        <section class=\"elementor-section elementor-top-section elementor-element elementor-element-353238b2 elementor-section-stretched elementor-section-full_width elementor-section-height-default elementor-section-height-default ct-header-fixed-none ct-column-none ct-row-scroll-none ct-row-gradient--none ct-row-container--default\" data-id=\"353238b2\" data-element_type=\"section\" data-settings=\"{&quot;stretch_section&quot;:&quot;section-stretched&quot;}\">\n            \n                        <div class=\"elementor-container elementor-column-gap-no\">\n                    <div class=\"elementor-column elementor-col-100 elementor-top-column elementor-element elementor-element-576255e3 ct-column-none col-offset-none\" data-id=\"576255e3\" data-element_type=\"column\">\n        <div class=\"elementor-widget-wrap elementor-element-populated\">\n                    \n        \t\t<div class=\"elementor-element elementor-element-24d9e507 elementor-widget elementor-widget-ct_service_grid\" data-id=\"24d9e507\" data-element_type=\"widget\" data-widget_type=\"ct_service_grid.default\">\n\t\t\t\t<div class=\"elementor-widget-container\">\n\t\t\t\t\t\r\n<div id=\"ct_service_grid-24d9e507\" class=\"ct-grid ct-service-grid3\" data-layout=\"masonry\" data-start-page=\"1\" data-max-pages=\"1\" data-total=\"2\" data-perpage=\"20\" data-next-link=\"\">\r\n    \r\n    <div class=\"ct-grid-inner ct-grid-masonry row animate-time\" data-gutter=\"15\">\r\n                            <div class=\"grid-item col-xl-4 col-lg-4 col-md-4 col-sm-6 col-12 vleresime\">\r\n                        <div class=\"grid-item-inner\" data-wow-duration=\"1.2s\"> \r\n                                                        <div class=\"item--featured\">\r\n                                <div class=\"item--image\" style=\"background-image: url(https:\/\/icbt.al\/wp-content\/uploads\/2024\/04\/icbt-vleresim-psikologjik.jpg);\"><\/div>\r\n                                                                                            <\/div>\r\n                            <div class=\"item--body\">\r\n                                                                    <h3 class=\"item--title\">\r\n                                        <a href=\"https:\/\/icbt.al\/en\/service\/vleresim-psikologjik\/\">\r\n                                            Psychological Assessment                                        <\/a>\r\n                                    <\/h3>\r\n                                                                                            <\/div>\r\n                        <\/div>\r\n                    <\/div>\r\n                                    <div class=\"grid-item col-xl-4 col-lg-4 col-md-4 col-sm-6 col-12 vleresime\">\r\n                        <div class=\"grid-item-inner\" data-wow-duration=\"1.2s\"> \r\n                                                        <div class=\"item--featured\">\r\n                                <div class=\"item--image\" style=\"background-image: url(https:\/\/icbt.al\/wp-content\/uploads\/2024\/04\/icbt-vlersim-zhvillimi.jpg);\"><\/div>\r\n                                                                                            <\/div>\r\n                            <div class=\"item--body\">\r\n                                                                    <h3 class=\"item--title\">\r\n                                        <a href=\"https:\/\/icbt.al\/en\/service\/vleresim-i-zhvillimit\/\">\r\n                                            Development Assessment                                        <\/a>\r\n                                    <\/h3>\r\n                                                                                            <\/div>\r\n                        <\/div>\r\n                    <\/div>\r\n                                    <div class=\"grid-sizer col-xl-4 col-lg-4 col-md-4 col-sm-6 col-12\"><\/div>\r\n            <\/div>\r\n        <\/div>\t\t\t\t<\/div>\n\t\t\t\t<\/div>\n\t\t\t\t<div class=\"elementor-element elementor-element-c3a7137 elementor-align-center elementor-widget elementor-widget-ct_button\" data-id=\"c3a7137\" data-element_type=\"widget\" data-widget_type=\"ct_button.default\">\n\t\t\t\t<div class=\"elementor-widget-container\">\n\t\t\t\t\t<div id=\"ct_button-c3a7137\" class=\"ct-button-wrapper ct-button-layout1\">\r\n    <div class=\"ct-inline-css\"  data-css=\"        \">\r\n    <\/div>\r\n            <span class=\"ct-icon-active\"><\/span>\r\n        <a href=\"https:\/\/icbt.al\/en\/book-appointment\/?s_id=5,6\" class=\"btn btn-default  icon-ps-\" data-wow-delay=\"ms\">\r\n                            <span class=\"ct-button-icon ct-align-icon-\">\r\n                            <\/span>\r\n                <span class=\"ct-button-text\">Schedule your visit<\/span>\r\n    <\/a>\r\n<\/div>\r\n\r\n\t\t\t\t<\/div>\n\t\t\t\t<\/div>\n\t\t            <\/div>\n        <\/div>\n                    <\/div>\n        <\/section>\n        \t\t<\/div>","protected":false},"excerpt":{"rendered":"<p>Vler\u00ebsime Psikologjike Vler\u00ebsimi psikologjik kryhet nga nj\u00eb psikolog i trajnuar p\u00ebr t\u00eb kuptuar sh\u00ebndetin mendor dhe sjelljen e nj\u00eb individi. Ai p\u00ebrfshin teste, intervista dhe pyet\u00ebsor\u00eb t\u00eb ndrysh\u00ebm p\u00ebr t\u00eb vler\u00ebsuar funksionimin kognitiv, emocional dhe social. Q\u00ebllimi \u00ebsht\u00eb shqyrtimi i kushteve psikologjike, identifikimi i pikave t\u00eb forta dhe t\u00eb dob\u00ebta dhe krijimi i planeve t\u00eb [&hellip;]<\/p>","protected":false},"author":1,"featured_media":0,"parent":0,"menu_order":0,"comment_status":"closed","ping_status":"closed","template":"","meta":{"footnotes":""},"class_list":["post-7750","page","type-page","status-publish","hentry"],"aioseo_notices":[],"_links":{"self":[{"href":"https:\/\/icbt.al\/en\/wp-json\/wp\/v2\/pages\/7750","targetHints":{"allow":["GET"]}}],"collection":[{"href":"https:\/\/icbt.al\/en\/wp-json\/wp\/v2\/pages"}],"about":[{"href":"https:\/\/icbt.al\/en\/wp-json\/wp\/v2\/types\/page"}],"author":[{"embeddable":true,"href":"https:\/\/icbt.al\/en\/wp-json\/wp\/v2\/users\/1"}],"replies":[{"embeddable":true,"href":"https:\/\/icbt.al\/en\/wp-json\/wp\/v2\/comments?post=7750"}],"version-history":[{"count":55,"href":"https:\/\/icbt.al\/en\/wp-json\/wp\/v2\/pages\/7750\/revisions"}],"predecessor-version":[{"id":10141,"href":"https:\/\/icbt.al\/en\/wp-json\/wp\/v2\/pages\/7750\/revisions\/10141"}],"wp:attachment":[{"href":"https:\/\/icbt.al\/en\/wp-json\/wp\/v2\/media?parent=7750"}],"curies":[{"name":"wp","href":"https:\/\/api.w.org\/{rel}","templated":true}]}}