{"id":7742,"date":"2024-04-22T15:56:03","date_gmt":"2024-04-22T15:56:03","guid":{"rendered":"https:\/\/icbt.al\/?page_id=7742"},"modified":"2025-03-10T16:54:28","modified_gmt":"2025-03-10T16:54:28","slug":"sherbime-terapeutike","status":"publish","type":"page","link":"https:\/\/icbt.al\/en\/sherbime-terapeutike\/","title":{"rendered":"Therapeutic services"},"content":{"rendered":"<div data-elementor-type=\"wp-page\" data-elementor-id=\"7742\" class=\"elementor elementor-7742\">\n\t\t\t\t        <section class=\"elementor-section elementor-top-section elementor-element elementor-element-7a3701a2 elementor-section-stretched elementor-section-full_width elementor-section-height-default elementor-section-height-default ct-header-fixed-none ct-column-none ct-row-scroll-none ct-row-gradient--none ct-row-container--default\" data-id=\"7a3701a2\" data-element_type=\"section\" data-settings=\"{&quot;stretch_section&quot;:&quot;section-stretched&quot;}\">\n            \n                        <div class=\"elementor-container elementor-column-gap-no\">\n                    <div class=\"elementor-column elementor-col-100 elementor-top-column elementor-element elementor-element-21041a85 ct-column-none col-offset-none\" data-id=\"21041a85\" data-element_type=\"column\">\n        <div class=\"elementor-widget-wrap elementor-element-populated\">\n                    \n        \t\t<div class=\"elementor-element elementor-element-2b32c60 elementor-widget elementor-widget-ct_heading\" data-id=\"2b32c60\" data-element_type=\"widget\" data-widget_type=\"ct_heading.default\">\n\t\t\t\t<div class=\"elementor-widget-container\">\n\t\t\t\t\t<div id=\"ct_heading-2b32c60\" class=\"ct-heading h-align-center item-st-default\">\r\n    <div class=\"heading-wrapper\">\r\n        <div class=\"inner-heading\">\r\n                        <h5 class=\"item--title case-animate-time st-default\" data-wow-delay=\"ms\">\r\n                <span>Therapeutic Services<\/span>            <\/h5>\r\n        <\/div>\r\n    <\/div>\r\n<\/div>\r\n\t\t\t\t<\/div>\n\t\t\t\t<\/div>\n\t\t\t\t<div class=\"elementor-element elementor-element-5ee3d11 elementor-widget elementor-widget-spacer\" data-id=\"5ee3d11\" data-element_type=\"widget\" data-widget_type=\"spacer.default\">\n\t\t\t\t<div class=\"elementor-widget-container\">\n\t\t\t\t\t\t\t<div class=\"elementor-spacer\">\n\t\t\t<div class=\"elementor-spacer-inner\"><\/div>\n\t\t<\/div>\n\t\t\t\t\t\t<\/div>\n\t\t\t\t<\/div>\n\t\t\t\t<div class=\"elementor-element elementor-element-48e1fb2a elementor-widget elementor-widget-ct_service_grid\" data-id=\"48e1fb2a\" data-element_type=\"widget\" data-widget_type=\"ct_service_grid.default\">\n\t\t\t\t<div class=\"elementor-widget-container\">\n\t\t\t\t\t\r\n<div id=\"ct_service_grid-48e1fb2a\" class=\"ct-grid ct-service-grid3\" data-layout=\"masonry\" data-start-page=\"1\" data-max-pages=\"1\" data-total=\"2\" data-perpage=\"20\" data-next-link=\"\">\r\n    \r\n    <div class=\"ct-grid-inner ct-grid-masonry row animate-time\" data-gutter=\"15\">\r\n                            <div class=\"grid-item col-xl-3 col-lg-3 col-md-4 col-sm-6 col-12 sherbime-terapeutike\">\r\n                        <div class=\"grid-item-inner\" data-wow-duration=\"1.2s\"> \r\n                                                        <div class=\"item--featured\">\r\n                                <div class=\"item--image\" style=\"background-image: url(https:\/\/icbt.al\/wp-content\/uploads\/2024\/04\/ICBT-Terapi-per-femije.png);\"><\/div>\r\n                                                                                            <\/div>\r\n                            <div class=\"item--body\">\r\n                                                                    <h3 class=\"item--title\">\r\n                                        <a href=\"https:\/\/icbt.al\/en\/service\/terapi-per-femije\/\">\r\n                                            Therapy for children                                        <\/a>\r\n                                    <\/h3>\r\n                                                                                            <\/div>\r\n                        <\/div>\r\n                    <\/div>\r\n                                    <div class=\"grid-item col-xl-3 col-lg-3 col-md-4 col-sm-6 col-12 sherbime-terapeutike\">\r\n                        <div class=\"grid-item-inner\" data-wow-duration=\"1.2s\"> \r\n                                                        <div class=\"item--featured\">\r\n                                <div class=\"item--image\" style=\"background-image: url(https:\/\/icbt.al\/wp-content\/uploads\/2024\/04\/icbt-group-therapy.jpg);\"><\/div>\r\n                                                                                            <\/div>\r\n                            <div class=\"item--body\">\r\n                                                                    <h3 class=\"item--title\">\r\n                                        <a href=\"https:\/\/icbt.al\/en\/service\/terapi-ne-grup-2\/\">\r\n                                            Group Therapy                                        <\/a>\r\n                                    <\/h3>\r\n                                                                                            <\/div>\r\n                        <\/div>\r\n                    <\/div>\r\n                                    <div class=\"grid-sizer col-xl-3 col-lg-3 col-md-4 col-sm-6 col-12\"><\/div>\r\n            <\/div>\r\n        <\/div>\t\t\t\t<\/div>\n\t\t\t\t<\/div>\n\t\t\t\t<div class=\"elementor-element elementor-element-78fc98a elementor-align-center elementor-widget elementor-widget-ct_button\" data-id=\"78fc98a\" data-element_type=\"widget\" data-widget_type=\"ct_button.default\">\n\t\t\t\t<div class=\"elementor-widget-container\">\n\t\t\t\t\t<div id=\"ct_button-78fc98a\" class=\"ct-button-wrapper ct-button-layout1\">\r\n    <div class=\"ct-inline-css\"  data-css=\"        \">\r\n    <\/div>\r\n            <span class=\"ct-icon-active\"><\/span>\r\n        <a href=\"https:\/\/icbt.al\/en\/book-appointment\/?s_id=8,9\" class=\"btn btn-default  icon-ps-\" data-wow-delay=\"ms\">\r\n                            <span class=\"ct-button-icon ct-align-icon-\">\r\n                            <\/span>\r\n                <span class=\"ct-button-text\">Schedule your visit<\/span>\r\n    <\/a>\r\n<\/div>\r\n\r\n\t\t\t\t<\/div>\n\t\t\t\t<\/div>\n\t\t            <\/div>\n        <\/div>\n                    <\/div>\n        <\/section>\n        \t\t<\/div>","protected":false},"excerpt":{"rendered":"<p>Sh\u00ebrbime Terapeutike Terapi p\u00ebr f\u00ebmij\u00eb Terapi n\u00eb grup Rezervo konsult\u00eb<\/p>","protected":false},"author":1,"featured_media":0,"parent":0,"menu_order":0,"comment_status":"closed","ping_status":"closed","template":"","meta":{"footnotes":""},"class_list":["post-7742","page","type-page","status-publish","hentry"],"aioseo_notices":[],"_links":{"self":[{"href":"https:\/\/icbt.al\/en\/wp-json\/wp\/v2\/pages\/7742","targetHints":{"allow":["GET"]}}],"collection":[{"href":"https:\/\/icbt.al\/en\/wp-json\/wp\/v2\/pages"}],"about":[{"href":"https:\/\/icbt.al\/en\/wp-json\/wp\/v2\/types\/page"}],"author":[{"embeddable":true,"href":"https:\/\/icbt.al\/en\/wp-json\/wp\/v2\/users\/1"}],"replies":[{"embeddable":true,"href":"https:\/\/icbt.al\/en\/wp-json\/wp\/v2\/comments?post=7742"}],"version-history":[{"count":64,"href":"https:\/\/icbt.al\/en\/wp-json\/wp\/v2\/pages\/7742\/revisions"}],"predecessor-version":[{"id":10144,"href":"https:\/\/icbt.al\/en\/wp-json\/wp\/v2\/pages\/7742\/revisions\/10144"}],"wp:attachment":[{"href":"https:\/\/icbt.al\/en\/wp-json\/wp\/v2\/media?parent=7742"}],"curies":[{"name":"wp","href":"https:\/\/api.w.org\/{rel}","templated":true}]}}