{"id":7731,"date":"2024-04-22T15:54:39","date_gmt":"2024-04-22T15:54:39","guid":{"rendered":"https:\/\/icbt.al\/?page_id=7731"},"modified":"2024-09-14T16:58:56","modified_gmt":"2024-09-14T16:58:56","slug":"psikoterapi","status":"publish","type":"page","link":"https:\/\/icbt.al\/en\/psikoterapi\/","title":{"rendered":"Psychotherapy"},"content":{"rendered":"<div data-elementor-type=\"wp-page\" data-elementor-id=\"7731\" class=\"elementor elementor-7731\">\n\t\t\t\t<div class=\"elementor-element elementor-element-734792f e-flex e-con-boxed e-con e-parent\" data-id=\"734792f\" data-element_type=\"container\">\n\t\t\t\t\t<div class=\"e-con-inner\">\n\t\t\t\t<div class=\"elementor-element elementor-element-70a5f68 elementor-widget elementor-widget-ct_heading\" data-id=\"70a5f68\" data-element_type=\"widget\" data-widget_type=\"ct_heading.default\">\n\t\t\t\t<div class=\"elementor-widget-container\">\n\t\t\t\t\t<div id=\"ct_heading-70a5f68\" class=\"ct-heading h-align-center item-st-default\">\r\n    <div class=\"heading-wrapper\">\r\n        <div class=\"inner-heading\">\r\n                        <h5 class=\"item--title case-animate-time st-default\" data-wow-delay=\"ms\">\r\n                <span>Psychotherapy<\/span>            <\/h5>\r\n        <\/div>\r\n    <\/div>\r\n<\/div>\r\n\t\t\t\t<\/div>\n\t\t\t\t<\/div>\n\t\t\t\t\t<\/div>\n\t\t\t\t<\/div>\n\t\t<div class=\"elementor-element elementor-element-9388b91 e-con-full e-flex e-con e-parent\" data-id=\"9388b91\" data-element_type=\"container\">\n\t\t\t\t<div class=\"elementor-element elementor-element-d16608f elementor-widget elementor-widget-text-editor\" data-id=\"d16608f\" data-element_type=\"widget\" data-widget_type=\"text-editor.default\">\n\t\t\t\t<div class=\"elementor-widget-container\">\n\t\t\t\t\t\t\t\t\t<p style=\"text-align: center;\"><strong>You or someone you know may seek psychotherapy for a variety of reasons, including:<\/strong><\/p>\t\t\t\t\t\t\t\t<\/div>\n\t\t\t\t<\/div>\n\t\t\t\t<div class=\"elementor-element elementor-element-3454768 elementor-widget elementor-widget-ct_list\" data-id=\"3454768\" data-element_type=\"widget\" data-widget_type=\"ct_list.default\">\n\t\t\t\t<div class=\"elementor-widget-container\">\n\t\t\t\t\t    <div class=\"ct-list block\">\r\n                    <div class=\"ct-list-item  off-border\">\r\n                                    <div class=\"ct-list-icon\">\r\n                        <i aria-hidden=\"true\" class=\"fas fa-hand-point-right\"><\/i>                    <\/div>\r\n                            \t<div class=\"ct-list-content\">\r\n                    \t            \t  Dealing with severe or long-term stress from work or family situations, coping with bereavement after the loss of a loved one, or managing relationship or family problems;                    \t            <\/div>\r\n           <\/div>\r\n                    <div class=\"ct-list-item  off-border\">\r\n                                    <div class=\"ct-list-icon\">\r\n                        <i aria-hidden=\"true\" class=\"fas fa-hand-point-right\"><\/i>                    <\/div>\r\n                            \t<div class=\"ct-list-content\">\r\n                    \t            \t  Experiencing symptoms with no physical explanation, such as changes in sleep or appetite, low energy, lack of interest or pleasure in activities once enjoyed, persistent irritability, excessive worry, or a feeling of discouragement or hopelessness that won't go away;                    \t            <\/div>\r\n           <\/div>\r\n                    <div class=\"ct-list-item  off-border\">\r\n                                    <div class=\"ct-list-icon\">\r\n                        <i aria-hidden=\"true\" class=\"fas fa-hand-point-right\"><\/i>                    <\/div>\r\n                            \t<div class=\"ct-list-content\">\r\n                    \t            \t  A health care provider who suspects you have or diagnoses you with a mental disorder that is interfering with your life;                    \t            <\/div>\r\n           <\/div>\r\n                    <div class=\"ct-list-item  off-border\">\r\n                                    <div class=\"ct-list-icon\">\r\n                        <i aria-hidden=\"true\" class=\"fas fa-hand-point-right\"><\/i>                    <\/div>\r\n                            \t<div class=\"ct-list-content\">\r\n                    \t            \t  Supporting a child or family member who has been diagnosed with a condition that affects their mental health;                    \t            <\/div>\r\n           <\/div>\r\n                    <div class=\"ct-list-item  off-border\">\r\n                                    <div class=\"ct-list-icon\">\r\n                        <i aria-hidden=\"true\" class=\"fas fa-hand-point-right\"><\/i>                    <\/div>\r\n                            \t<div class=\"ct-list-content\">\r\n                    \t            \t  The initial examination by a healthcare provider is crucial as it helps rule out any underlying physical health problems that may be contributing to the symptoms. This step is important because certain symptoms commonly associated with mental health issues, such as mood swings or trouble concentrating, can also be caused by medical conditions.                    \t            <\/div>\r\n           <\/div>\r\n            <\/div>\r\n\t\t\t\t<\/div>\n\t\t\t\t<\/div>\n\t\t\t\t<div class=\"elementor-element elementor-element-90a2fd2 elementor-align-center elementor-widget elementor-widget-ct_button\" data-id=\"90a2fd2\" data-element_type=\"widget\" data-widget_type=\"ct_button.default\">\n\t\t\t\t<div class=\"elementor-widget-container\">\n\t\t\t\t\t<div id=\"ct_button-90a2fd2\" class=\"ct-button-wrapper ct-button-layout1\">\r\n    <div class=\"ct-inline-css\"  data-css=\"        \">\r\n    <\/div>\r\n            <span class=\"ct-icon-active\"><\/span>\r\n        <a href=\"https:\/\/icbt.al\/en\/book-appointment\/?s_id=3\" class=\"btn btn-default  icon-ps-\" data-wow-delay=\"ms\">\r\n                            <span class=\"ct-button-icon ct-align-icon-\">\r\n                            <\/span>\r\n                <span class=\"ct-button-text\">Schedule your visit<\/span>\r\n    <\/a>\r\n<\/div>\r\n\r\n\t\t\t\t<\/div>\n\t\t\t\t<\/div>\n\t\t\t\t<\/div>\n\t\t\t\t<\/div>","protected":false},"excerpt":{"rendered":"<p>Psikoterapi Ju ose dikush q\u00eb njihni mund t\u00eb k\u00ebrkoni psikoterapi p\u00ebr shum\u00eb arsye, duke p\u00ebrfshir\u00eb: Ballafaqimi me stresin e r\u00ebnd\u00eb ose afatgjat\u00eb nga nj\u00eb situat\u00eb pune apo familjare, humbja e nj\u00eb t\u00eb dashuri, marr\u00ebdh\u00ebniet\/ problemet familjare T\u00eb kesh simptoma pa shpjegim fizik, t\u00eb tilla si ndryshime n\u00eb gjum\u00eb ose oreks, energji e ul\u00ebt, munges\u00eb interesi [&hellip;]<\/p>","protected":false},"author":1,"featured_media":0,"parent":0,"menu_order":0,"comment_status":"closed","ping_status":"closed","template":"","meta":{"footnotes":""},"class_list":["post-7731","page","type-page","status-publish","hentry"],"aioseo_notices":[],"_links":{"self":[{"href":"https:\/\/icbt.al\/en\/wp-json\/wp\/v2\/pages\/7731","targetHints":{"allow":["GET"]}}],"collection":[{"href":"https:\/\/icbt.al\/en\/wp-json\/wp\/v2\/pages"}],"about":[{"href":"https:\/\/icbt.al\/en\/wp-json\/wp\/v2\/types\/page"}],"author":[{"embeddable":true,"href":"https:\/\/icbt.al\/en\/wp-json\/wp\/v2\/users\/1"}],"replies":[{"embeddable":true,"href":"https:\/\/icbt.al\/en\/wp-json\/wp\/v2\/comments?post=7731"}],"version-history":[{"count":76,"href":"https:\/\/icbt.al\/en\/wp-json\/wp\/v2\/pages\/7731\/revisions"}],"predecessor-version":[{"id":9545,"href":"https:\/\/icbt.al\/en\/wp-json\/wp\/v2\/pages\/7731\/revisions\/9545"}],"wp:attachment":[{"href":"https:\/\/icbt.al\/en\/wp-json\/wp\/v2\/media?parent=7731"}],"curies":[{"name":"wp","href":"https:\/\/api.w.org\/{rel}","templated":true}]}}