{"id":7569,"date":"2024-04-22T11:23:09","date_gmt":"2024-04-22T11:23:09","guid":{"rendered":"https:\/\/icbt.al\/?page_id=7569"},"modified":"2024-09-13T11:47:23","modified_gmt":"2024-09-13T11:47:23","slug":"cbt","status":"publish","type":"page","link":"https:\/\/icbt.al\/en\/cbt\/","title":{"rendered":"CBT"},"content":{"rendered":"<div data-elementor-type=\"wp-page\" data-elementor-id=\"7569\" class=\"elementor elementor-7569\">\n\t\t\t\t        <section class=\"elementor-section elementor-top-section elementor-element elementor-element-59234b8 elementor-section-stretched elementor-section-full_width elementor-section-height-default elementor-section-height-default ct-header-fixed-none ct-column-none ct-row-scroll-none ct-row-gradient--none ct-row-container--default\" data-id=\"59234b8\" data-element_type=\"section\" data-settings=\"{&quot;stretch_section&quot;:&quot;section-stretched&quot;,&quot;background_background&quot;:&quot;classic&quot;}\">\n            \n                        <div class=\"elementor-container elementor-column-gap-extended\">\n                    <div class=\"elementor-column elementor-col-50 elementor-top-column elementor-element elementor-element-212f2f9 ct-column-none col-offset-none\" data-id=\"212f2f9\" data-element_type=\"column\">\n        <div class=\"elementor-widget-wrap elementor-element-populated\">\n                    \n        \t\t<div class=\"elementor-element elementor-element-c6ff6f8 elementor-widget elementor-widget-image\" data-id=\"c6ff6f8\" data-element_type=\"widget\" data-widget_type=\"image.default\">\n\t\t\t\t<div class=\"elementor-widget-container\">\n\t\t\t\t\t\t\t\t\t\t\t\t\t\t\t<img fetchpriority=\"high\" decoding=\"async\" width=\"640\" height=\"426\" src=\"https:\/\/icbt.al\/wp-content\/uploads\/2024\/04\/ICBT-1-2-1024x682.jpg\" class=\"attachment-large size-large wp-image-7594\" alt=\"\" srcset=\"https:\/\/icbt.al\/wp-content\/uploads\/2024\/04\/ICBT-1-2-1024x682.jpg 1024w, https:\/\/icbt.al\/wp-content\/uploads\/2024\/04\/ICBT-1-2-300x200.jpg 300w, https:\/\/icbt.al\/wp-content\/uploads\/2024\/04\/ICBT-1-2-768x512.jpg 768w, https:\/\/icbt.al\/wp-content\/uploads\/2024\/04\/ICBT-1-2-600x400.jpg 600w, https:\/\/icbt.al\/wp-content\/uploads\/2024\/04\/ICBT-1-2.jpg 1280w\" sizes=\"(max-width: 640px) 100vw, 640px\" \/>\t\t\t\t\t\t\t\t\t\t\t\t\t\t\t<\/div>\n\t\t\t\t<\/div>\n\t\t            <\/div>\n        <\/div>\n                <div class=\"elementor-column elementor-col-50 elementor-top-column elementor-element elementor-element-cfc401e col-offset-right ct-column-none\" data-id=\"cfc401e\" data-element_type=\"column\">\n        <div class=\"elementor-widget-wrap elementor-element-populated\">\n                    \n        \t\t<div class=\"elementor-element elementor-element-7d68bcf elementor-widget elementor-widget-ct_heading\" data-id=\"7d68bcf\" data-element_type=\"widget\" data-widget_type=\"ct_heading.default\">\n\t\t\t\t<div class=\"elementor-widget-container\">\n\t\t\t\t\t<div id=\"ct_heading-7d68bcf\" class=\"ct-heading h-align-center item-st-default\">\r\n    <div class=\"heading-wrapper\">\r\n        <div class=\"inner-heading\">\r\n                        <h5 class=\"item--title case-animate-time st-default\" data-wow-delay=\"ms\">\r\n                <span>What is CBT?<\/span>            <\/h5>\r\n        <\/div>\r\n    <\/div>\r\n<\/div>\r\n\t\t\t\t<\/div>\n\t\t\t\t<\/div>\n\t\t\t\t<div class=\"elementor-element elementor-element-1124181 elementor-widget elementor-widget-ct_text_editor\" data-id=\"1124181\" data-element_type=\"widget\" data-widget_type=\"ct_text_editor.default\">\n\t\t\t\t<div class=\"elementor-widget-container\">\n\t\t\t\t\t<div id=\"ct_text_editor-1124181\" class=\"ct-text-editor\" data-wow-delay=\"ms\">\n\t<div class=\"ct-inline-css\"  data-css=\"        \t\t\">\n    <\/div>\n\t<div class=\"ct-text-editor elementor-clearfix\">\n\t\t\t\t\n\t<\/div>\n<\/div>\t\t\t\t<\/div>\n\t\t\t\t<\/div>\n\t\t\t\t<div class=\"elementor-element elementor-element-8c5409a elementor-widget elementor-widget-ct_text_editor\" data-id=\"8c5409a\" data-element_type=\"widget\" data-widget_type=\"ct_text_editor.default\">\n\t\t\t\t<div class=\"elementor-widget-container\">\n\t\t\t\t\t<div id=\"ct_text_editor-8c5409a\" class=\"ct-text-editor\" data-wow-delay=\"ms\">\n\t<div class=\"ct-inline-css\"  data-css=\"        \t\t\">\n    <\/div>\n\t<div class=\"ct-text-editor elementor-clearfix\">\n\t\tCognitive behavioral therapy (CBT) is an effective form of psychological treatment that is practiced by therapists around the world. Thousands of scientific studies have shown that CBT is an effective treatment for anxiety disorders, depression, insomnia, etc.\nCBT offers enduring benefits for all ages - from children to the elderly. Its effectiveness is scientifically proven in both face-to-face and online formats, demonstrating remarkable flexibility.\t\t\n\t<\/div>\n<\/div>\t\t\t\t<\/div>\n\t\t\t\t<\/div>\n\t\t            <\/div>\n        <\/div>\n                    <\/div>\n        <\/section>\n                <section class=\"elementor-section elementor-top-section elementor-element elementor-element-a8b95be elementor-section-stretched elementor-section-boxed elementor-section-height-default elementor-section-height-default ct-header-fixed-none ct-column-none ct-row-scroll-none ct-row-gradient--none ct-row-container--default\" data-id=\"a8b95be\" data-element_type=\"section\" data-settings=\"{&quot;stretch_section&quot;:&quot;section-stretched&quot;,&quot;background_background&quot;:&quot;classic&quot;}\">\n            \n                        <div class=\"elementor-container elementor-column-gap-extended\">\n                    <div class=\"elementor-column elementor-col-100 elementor-top-column elementor-element elementor-element-dd1f3fc ct-column-none col-offset-none\" data-id=\"dd1f3fc\" data-element_type=\"column\">\n        <div class=\"elementor-widget-wrap elementor-element-populated\">\n                    \n        \t\t<div class=\"elementor-element elementor-element-9af4102 elementor-widget elementor-widget-ct_text_editor\" data-id=\"9af4102\" data-element_type=\"widget\" data-widget_type=\"ct_text_editor.default\">\n\t\t\t\t<div class=\"elementor-widget-container\">\n\t\t\t\t\t<div id=\"ct_text_editor-9af4102\" class=\"ct-text-editor\" data-wow-delay=\"ms\">\n\t<div class=\"ct-inline-css\"  data-css=\"        \t\t\">\n    <\/div>\n\t<div class=\"ct-text-editor elementor-clearfix\">\n\t\t<p>CBT emphasizes the connection between our thoughts, beliefs, and attitudes and how they impact our emotions and behavior, while also teaching practical coping strategies. The core idea is that the way we interpret situations influences how we feel and act. By helping individuals identify and modify unhelpful thought patterns and behaviors, CBT seeks to reduce psychological distress. Negative thinking often starts in childhood and becomes ingrained as we grow, eventually turning into automatic assumptions that shape how we experience life, including work and school. If left unchecked, these negative interpretations create a recurring cycle of thoughts, feelings, and behaviors.<\/p>\t\t\n\t<\/div>\n<\/div>\t\t\t\t<\/div>\n\t\t\t\t<\/div>\n\t\t            <\/div>\n        <\/div>\n                    <\/div>\n        <\/section>\n                <section class=\"elementor-section elementor-top-section elementor-element elementor-element-487825c elementor-section-stretched elementor-section-boxed elementor-section-height-default elementor-section-height-default ct-header-fixed-none ct-column-none ct-row-scroll-none ct-row-gradient--none ct-row-container--default\" data-id=\"487825c\" data-element_type=\"section\" data-settings=\"{&quot;stretch_section&quot;:&quot;section-stretched&quot;,&quot;background_background&quot;:&quot;classic&quot;}\">\n            \n                        <div class=\"elementor-container elementor-column-gap-extended\">\n                    <div class=\"elementor-column elementor-col-50 elementor-top-column elementor-element elementor-element-3b3ad42 ct-column-none col-offset-none\" data-id=\"3b3ad42\" data-element_type=\"column\">\n        <div class=\"elementor-widget-wrap elementor-element-populated\">\n                    \n        \t\t<div class=\"elementor-element elementor-element-711be0d elementor-widget elementor-widget-ct_heading\" data-id=\"711be0d\" data-element_type=\"widget\" data-widget_type=\"ct_heading.default\">\n\t\t\t\t<div class=\"elementor-widget-container\">\n\t\t\t\t\t<div id=\"ct_heading-711be0d\" class=\"ct-heading h-align-center item-st-default\">\r\n    <div class=\"heading-wrapper\">\r\n        <div class=\"inner-heading\">\r\n                        <h3 class=\"item--title case-animate-time st-default\" data-wow-delay=\"ms\">\r\n                <span>How is CBT therapy conducted?<\/span>            <\/h3>\r\n        <\/div>\r\n    <\/div>\r\n<\/div>\r\n\t\t\t\t<\/div>\n\t\t\t\t<\/div>\n\t\t\t\t<div class=\"elementor-element elementor-element-7dd0390 elementor-widget elementor-widget-spacer\" data-id=\"7dd0390\" data-element_type=\"widget\" data-widget_type=\"spacer.default\">\n\t\t\t\t<div class=\"elementor-widget-container\">\n\t\t\t\t\t\t\t<div class=\"elementor-spacer\">\n\t\t\t<div class=\"elementor-spacer-inner\"><\/div>\n\t\t<\/div>\n\t\t\t\t\t\t<\/div>\n\t\t\t\t<\/div>\n\t\t\t\t<div class=\"elementor-element elementor-element-c76ae91 elementor-widget elementor-widget-ct_text_editor\" data-id=\"c76ae91\" data-element_type=\"widget\" data-widget_type=\"ct_text_editor.default\">\n\t\t\t\t<div class=\"elementor-widget-container\">\n\t\t\t\t\t<div id=\"ct_text_editor-c76ae91\" class=\"ct-text-editor\" data-wow-delay=\"ms\">\n\t<div class=\"ct-inline-css\"  data-css=\"        \t\t\">\n    <\/div>\n\t<div class=\"ct-text-editor elementor-clearfix\">\n\t\t<p>In CBT, you collaborate with a therapist to identify and challenge negative patterns of thinking and behavior that contribute to your difficulties. By addressing these patterns, you can change how you feel about situations and develop more adaptive behaviors for the future. While the focus is primarily on the present, you and your therapist may also explore past experiences to understand how they influence your current perspectives and behaviors. This holistic approach helps you gain insight into yourself and develop effective strategies for managing challenges in your life.<br \/>In CBT therapy, the relationship between you and your therapist is equal and non-judgmental. You are an active participant in the therapy process, and your therapist values your input and reactions to shape the direction of therapy. This collaborative approach fosters an environment where you feel comfortable discussing personal or difficult topics. The therapeutic relationship is built on trust, respect, and open communication, allowing you to work together towards your goals in a supportive and empowering manner.<\/p>\t\t\n\t<\/div>\n<\/div>\t\t\t\t<\/div>\n\t\t\t\t<\/div>\n\t\t            <\/div>\n        <\/div>\n                <div class=\"elementor-column elementor-col-50 elementor-top-column elementor-element elementor-element-ac3c48f ct-column-none col-offset-none\" data-id=\"ac3c48f\" data-element_type=\"column\">\n        <div class=\"elementor-widget-wrap elementor-element-populated\">\n                    \n        \t\t<div class=\"elementor-element elementor-element-ae297c6 elementor-widget elementor-widget-ct_text_editor\" data-id=\"ae297c6\" data-element_type=\"widget\" data-widget_type=\"ct_text_editor.default\">\n\t\t\t\t<div class=\"elementor-widget-container\">\n\t\t\t\t\t<div id=\"ct_text_editor-ae297c6\" class=\"ct-text-editor\" data-wow-delay=\"ms\">\n\t<div class=\"ct-inline-css\"  data-css=\"        \t\t\">\n    <\/div>\n\t<div class=\"ct-text-editor elementor-clearfix\">\n\t\t<h4><strong>The typical structure of a CBT session may include:<\/strong><\/h4>\t\t\n\t<\/div>\n<\/div>\t\t\t\t<\/div>\n\t\t\t\t<\/div>\n\t\t\t\t<div class=\"elementor-element elementor-element-d058f56 elementor-widget elementor-widget-ct_list\" data-id=\"d058f56\" data-element_type=\"widget\" data-widget_type=\"ct_list.default\">\n\t\t\t\t<div class=\"elementor-widget-container\">\n\t\t\t\t\t    <div class=\"ct-list block\">\r\n                    <div class=\"ct-list-item  off-border\">\r\n                                    <div class=\"ct-list-icon\">\r\n                        <i aria-hidden=\"true\" class=\"fas fa-hand-point-right\"><\/i>                    <\/div>\r\n                            \t<div class=\"ct-list-content\">\r\n                    \t            \t  At the outset of therapy, you and the therapist engage in exploring the issues that you want to address and work through.                    \t            <\/div>\r\n           <\/div>\r\n                    <div class=\"ct-list-item  off-border\">\r\n                                    <div class=\"ct-list-icon\">\r\n                        <i aria-hidden=\"true\" class=\"fas fa-hand-point-right\"><\/i>                    <\/div>\r\n                            \t<div class=\"ct-list-content\">\r\n                    \t            \t  Once you and your therapist agree on the problems to focus on and establish your goals, you can begin planning the content of the sessions. Together, you'll discuss strategies and techniques to address your concerns and develop effective coping mechanisms. This collaborative approach ensures that therapy aligns with your objectives and empowers you to actively participate in the process of addressing your challenges.                    \t            <\/div>\r\n           <\/div>\r\n                    <div class=\"ct-list-item  off-border\">\r\n                                    <div class=\"ct-list-icon\">\r\n                        <i aria-hidden=\"true\" class=\"fas fa-hand-point-right\"><\/i>                    <\/div>\r\n                            \t<div class=\"ct-list-content\">\r\n                    \t            \t  During the session, you and your therapist can engage in various exercises to explore your thoughts, feelings, and behaviors.                    \t            <\/div>\r\n           <\/div>\r\n                    <div class=\"ct-list-item  off-border\">\r\n                                    <div class=\"ct-list-icon\">\r\n                        <i aria-hidden=\"true\" class=\"fas fa-hand-point-right\"><\/i>                    <\/div>\r\n                            \t<div class=\"ct-list-content\">\r\n                    \t            \t  With CBT, it's common to be assigned tasks to complete between sessions. At the end of each session, you and your therapist can collaborate to determine what exercises or homework assignments would be beneficial for you to work on before the next session.                    \t            <\/div>\r\n           <\/div>\r\n                    <div class=\"ct-list-item  off-border\">\r\n                                    <div class=\"ct-list-icon\">\r\n                        <i aria-hidden=\"true\" class=\"fas fa-hand-point-right\"><\/i>                    <\/div>\r\n                            \t<div class=\"ct-list-content\">\r\n                    \t            \t  At the beginning of your next session, the therapist may start by summarizing the conclusions reached in the previous session and discussing the progress you've made with the tasks assigned.                    \t            <\/div>\r\n           <\/div>\r\n            <\/div>\r\n\t\t\t\t<\/div>\n\t\t\t\t<\/div>\n\t\t            <\/div>\n        <\/div>\n                    <\/div>\n        <\/section>\n        <div class=\"elementor-element elementor-element-d218bd4 e-flex e-con-boxed e-con e-parent\" data-id=\"d218bd4\" data-element_type=\"container\">\n\t\t\t\t\t<div class=\"e-con-inner\">\n\t\t\t\t<div class=\"elementor-element elementor-element-4a2c21c elementor-widget elementor-widget-ct_heading\" data-id=\"4a2c21c\" data-element_type=\"widget\" data-widget_type=\"ct_heading.default\">\n\t\t\t\t<div class=\"elementor-widget-container\">\n\t\t\t\t\t<div id=\"ct_heading-4a2c21c\" class=\"ct-heading h-align-center item-st-default\">\r\n    <div class=\"heading-wrapper\">\r\n        <div class=\"inner-heading\">\r\n                        <h5 class=\"item--title case-animate-time st-default\" data-wow-delay=\"ms\">\r\n                <span>Disorders that CBT treats<\/span>            <\/h5>\r\n        <\/div>\r\n    <\/div>\r\n<\/div>\r\n\t\t\t\t<\/div>\n\t\t\t\t<\/div>\n\t\t\t\t\t<\/div>\n\t\t\t\t<\/div>\n\t\t<div class=\"elementor-element elementor-element-c7d915e e-flex e-con-boxed e-con e-parent\" data-id=\"c7d915e\" data-element_type=\"container\">\n\t\t\t\t\t<div class=\"e-con-inner\">\n\t\t\t\t<div class=\"elementor-element elementor-element-6b4a04e elementor-widget elementor-widget-text-editor\" data-id=\"6b4a04e\" data-element_type=\"widget\" data-widget_type=\"text-editor.default\">\n\t\t\t\t<div class=\"elementor-widget-container\">\n\t\t\t\t\t\t\t\t\t<p>CBT is indeed a flexible therapy that can be tailored to meet your specific needs. Numerous studies have demonstrated that CBT is an effective treatment for a wide range of mental health problems, including:<\/p>\t\t\t\t\t\t\t\t<\/div>\n\t\t\t\t<\/div>\n\t\t\t\t\t<\/div>\n\t\t\t\t<\/div>\n\t\t        <section class=\"elementor-section elementor-top-section elementor-element elementor-element-4296a60 elementor-section-stretched elementor-section-boxed elementor-section-height-default elementor-section-height-default ct-header-fixed-none ct-column-none ct-row-scroll-none ct-row-gradient--none ct-row-container--default\" data-id=\"4296a60\" data-element_type=\"section\" data-settings=\"{&quot;stretch_section&quot;:&quot;section-stretched&quot;,&quot;background_background&quot;:&quot;classic&quot;}\">\n            \n                        <div class=\"elementor-container elementor-column-gap-extended\">\n                    <div class=\"elementor-column elementor-col-50 elementor-top-column elementor-element elementor-element-a2197cc ct-column-none col-offset-none\" data-id=\"a2197cc\" data-element_type=\"column\">\n        <div class=\"elementor-widget-wrap elementor-element-populated\">\n                    \n        \t\t<div class=\"elementor-element elementor-element-bb0c8e2 elementor-widget elementor-widget-ct_text_editor\" data-id=\"bb0c8e2\" data-element_type=\"widget\" data-widget_type=\"ct_text_editor.default\">\n\t\t\t\t<div class=\"elementor-widget-container\">\n\t\t\t\t\t<div id=\"ct_text_editor-bb0c8e2\" class=\"ct-text-editor\" data-wow-delay=\"ms\">\n\t<div class=\"ct-inline-css\"  data-css=\"        \t\t\">\n    <\/div>\n\t<div class=\"ct-text-editor elementor-clearfix\">\n\t\t<ul><li>Anxiety Disorders and Panic Attack<\/li><li>Depression<\/li><li>Anger problems<\/li><li>Obsessive-Compulsive Disorder (OCD)<\/li><li>Eating problems<\/li><li>Fobia<\/li><li>Post-traumatic stress disorder<\/li><\/ul>\t\t\n\t<\/div>\n<\/div>\t\t\t\t<\/div>\n\t\t\t\t<\/div>\n\t\t            <\/div>\n        <\/div>\n                <div class=\"elementor-column elementor-col-50 elementor-top-column elementor-element elementor-element-dc6ea74 ct-column-none col-offset-none\" data-id=\"dc6ea74\" data-element_type=\"column\">\n        <div class=\"elementor-widget-wrap elementor-element-populated\">\n                    \n        \t\t<div class=\"elementor-element elementor-element-3b86613 elementor-widget elementor-widget-ct_text_editor\" data-id=\"3b86613\" data-element_type=\"widget\" data-widget_type=\"ct_text_editor.default\">\n\t\t\t\t<div class=\"elementor-widget-container\">\n\t\t\t\t\t<div id=\"ct_text_editor-3b86613\" class=\"ct-text-editor\" data-wow-delay=\"ms\">\n\t<div class=\"ct-inline-css\"  data-css=\"        \t\t\">\n    <\/div>\n\t<div class=\"ct-text-editor elementor-clearfix\">\n\t\t\n<ul>\n \t<li>Trouble Sleeping<\/li>\n \t<li>Borderline personality disorder<\/li>\n \t<li>Substance abuse problems<\/li>\n \t<li>Psychosis<\/li>\n \t<li>Schizophrenia<\/li>\n \t<li>Sexual problems<\/li>\n \t<li>Problems in interpersonal relationships<\/li>\n<\/ul>\t\t\n\t<\/div>\n<\/div>\t\t\t\t<\/div>\n\t\t\t\t<\/div>\n\t\t            <\/div>\n        <\/div>\n                    <\/div>\n        <\/section>\n        \t\t<\/div>","protected":false},"excerpt":{"rendered":"<p>\u00c7far\u00eb \u00ebsht\u00eb CBT? Terapia konjitive e sjelljes (CBT) \u00ebsht\u00eb nj\u00eb form\u00eb efektive e trajtimit psikologjik q\u00eb praktikohet nga terapist\u00eb n\u00eb mbar\u00eb bot\u00ebn. Mij\u00ebra k\u00ebrkime shkencore kan\u00eb treguar se CBT \u00ebsht\u00eb nj\u00eb trajtim efektiv p\u00ebr shqet\u00ebsimet e ankthit, depresionit, pagjum\u00ebsis\u00eb etj. P\u00ebrfitimet e CBT jan\u00eb afatgjata dhe t\u00eb gjith\u00eb mund t\u00eb p\u00ebrfitojn\u00eb- f\u00ebmij\u00eb, adoleshent\u00eb, t\u00eb rritur [&hellip;]<\/p>","protected":false},"author":1,"featured_media":0,"parent":0,"menu_order":0,"comment_status":"closed","ping_status":"closed","template":"","meta":{"footnotes":""},"class_list":["post-7569","page","type-page","status-publish","hentry"],"aioseo_notices":[],"_links":{"self":[{"href":"https:\/\/icbt.al\/en\/wp-json\/wp\/v2\/pages\/7569","targetHints":{"allow":["GET"]}}],"collection":[{"href":"https:\/\/icbt.al\/en\/wp-json\/wp\/v2\/pages"}],"about":[{"href":"https:\/\/icbt.al\/en\/wp-json\/wp\/v2\/types\/page"}],"author":[{"embeddable":true,"href":"https:\/\/icbt.al\/en\/wp-json\/wp\/v2\/users\/1"}],"replies":[{"embeddable":true,"href":"https:\/\/icbt.al\/en\/wp-json\/wp\/v2\/comments?post=7569"}],"version-history":[{"count":134,"href":"https:\/\/icbt.al\/en\/wp-json\/wp\/v2\/pages\/7569\/revisions"}],"predecessor-version":[{"id":9453,"href":"https:\/\/icbt.al\/en\/wp-json\/wp\/v2\/pages\/7569\/revisions\/9453"}],"wp:attachment":[{"href":"https:\/\/icbt.al\/en\/wp-json\/wp\/v2\/media?parent=7569"}],"curies":[{"name":"wp","href":"https:\/\/api.w.org\/{rel}","templated":true}]}}