{"id":7229,"date":"2024-04-20T11:20:04","date_gmt":"2024-04-20T11:20:04","guid":{"rendered":"https:\/\/icbt.al\/?page_id=7229"},"modified":"2026-04-01T13:44:13","modified_gmt":"2026-04-01T13:44:13","slug":"alteo-kasaj","status":"publish","type":"page","link":"https:\/\/icbt.al\/en\/alteo-kasaj\/","title":{"rendered":"Alteo Kasaj"},"content":{"rendered":"<div data-elementor-type=\"wp-page\" data-elementor-id=\"7229\" class=\"elementor elementor-7229\">\n\t\t\t\t        <section class=\"elementor-section elementor-top-section elementor-element elementor-element-55ccfc88 elementor-section-stretched elementor-section-boxed elementor-section-height-default elementor-section-height-default ct-header-fixed-none ct-column-none ct-row-scroll-none ct-row-gradient--none ct-row-container--default\" data-id=\"55ccfc88\" data-element_type=\"section\" data-settings=\"{&quot;stretch_section&quot;:&quot;section-stretched&quot;}\">\n            \n                        <div class=\"elementor-container elementor-column-gap-extended\">\n                    <div class=\"elementor-column elementor-col-33 elementor-top-column elementor-element elementor-element-364f934e ct-column-none col-offset-none\" data-id=\"364f934e\" data-element_type=\"column\">\n        <div class=\"elementor-widget-wrap elementor-element-populated\">\n                    \n        \t\t<div class=\"elementor-element elementor-element-34e5f337 elementor-widget elementor-widget-ct_team_info\" data-id=\"34e5f337\" data-element_type=\"widget\" data-widget_type=\"ct_team_info.default\">\n\t\t\t\t<div class=\"elementor-widget-container\">\n\t\t\t\t\t<div id=\"ct_team_info-34e5f337\" class=\"ct-team-info\" data-wow-duration=\"1.2s\">\r\n            <div class=\"wp-feature\">\r\n            <img fetchpriority=\"high\" decoding=\"async\" class=\"\" src=\"https:\/\/icbt.al\/wp-content\/uploads\/2024\/05\/Alteo-profil-1-scaled-600x762.jpeg\" width=\"600\" height=\"762\" alt=\"Alteo profil\" title=\"Alteo profil\" \/>        <\/div>\r\n        <div class=\"wp-meta\">\r\n        <div class=\"inner-meta\">\r\n            <div class=\"wp-title\">\r\n                <h3 class=\"item--title case-animate-time style2\" data-wow-delay=\"ms\">\r\n                    <span>Alteo Kasaj<\/span>                <\/h3>\r\n            <\/div>\r\n                            <ul class=\"ct-list-info\">\r\n                                            <li>\r\n                                                                                                <label class=\"ct-label\">\r\n                                       Position                                    <\/label>\r\n                                                                                                    <span class=\"ct-content\">\r\n                                       Clinical Psychologist                                    <\/span>\r\n                                                                                   <\/li>\r\n                                            <li>\r\n                            <a href=\"mailto:a.kasaj@icbt.al\">                                                                    <label class=\"ct-label\">\r\n                                       Email                                    <\/label>\r\n                                                                                                    <span class=\"ct-content\">\r\n                                       a.kasaj@icbt.al\n                                    <\/span>\r\n                                                            <\/a>                       <\/li>\r\n                                    <\/ul>\r\n                                        <div class=\"ct-social style2\">\r\n                                                                        <a class=\"ct_team_info-34e5f337-0\" href=\"#\">\r\n                                                                                            <\/a>\r\n                                                            <\/div>\r\n                    <\/div>\r\n    <\/div>\r\n<\/div>\r\n\r\n\t\t\t\t<\/div>\n\t\t\t\t<\/div>\n\t\t            <\/div>\n        <\/div>\n                <div class=\"elementor-column elementor-col-66 elementor-top-column elementor-element elementor-element-121bb65d ct-column-none col-offset-none\" data-id=\"121bb65d\" data-element_type=\"column\">\n        <div class=\"elementor-widget-wrap elementor-element-populated\">\n                    \n        \t\t<div class=\"elementor-element elementor-element-4f54168e elementor-widget elementor-widget-ct_text_editor\" data-id=\"4f54168e\" data-element_type=\"widget\" data-widget_type=\"ct_text_editor.default\">\n\t\t\t\t<div class=\"elementor-widget-container\">\n\t\t\t\t\t<div id=\"ct_text_editor-4f54168e\" class=\"ct-text-editor\" data-wow-delay=\"ms\">\n\t<div class=\"ct-inline-css\"  data-css=\"        \t\t\">\n    <\/div>\n\t<div class=\"ct-text-editor elementor-clearfix\">\n\t\t<p data-start=\"0\" data-end=\"324\">Alteo is a clinical psychologist working with individuals of all ages, providing professional support for those facing emotional, psychological, and daily functioning challenges. He aims to help clients better understand their experiences and develop more effective ways to cope with them.<\/p><p data-start=\"326\" data-end=\"643\">In his practice, he follows an integrated approach, drawing on Cognitive Behavioral Therapy (CBT), art therapy, and the principles of Applied Behavior Analysis (ABA). These methods allow him to tailor interventions to the individual needs of each client, aiming to enhance emotional well-being and improve quality of life.<\/p><p data-start=\"645\" data-end=\"914\" data-is-last-node=\"\" data-is-only-node=\"\">Alteo values the importance of establishing a therapeutic relationship based on trust, respect, and understanding. He is committed to providing a safe and supportive environment where each individual can express themselves freely and work toward personal and emotional growth.<\/p>\t\t\n\t<\/div>\n<\/div>\t\t\t\t<\/div>\n\t\t\t\t<\/div>\n\t\t\t\t<div class=\"elementor-element elementor-element-7a28254b elementor-widget elementor-widget-ct_heading\" data-id=\"7a28254b\" data-element_type=\"widget\" data-widget_type=\"ct_heading.default\">\n\t\t\t\t<div class=\"elementor-widget-container\">\n\t\t\t\t\t<div id=\"ct_heading-7a28254b\" class=\"ct-heading h-align-left item-st-default\">\r\n    <div class=\"heading-wrapper\">\r\n        <div class=\"inner-heading\">\r\n                        <h3 class=\"item--title case-animate-time st-default\" data-wow-delay=\"ms\">\r\n                <span>EXPERTISE<\/span>            <\/h3>\r\n        <\/div>\r\n    <\/div>\r\n<\/div>\r\n\t\t\t\t<\/div>\n\t\t\t\t<\/div>\n\t\t\t\t<div class=\"elementor-element elementor-element-d240817 elementor-widget elementor-widget-ct_text_editor\" data-id=\"d240817\" data-element_type=\"widget\" data-widget_type=\"ct_text_editor.default\">\n\t\t\t\t<div class=\"elementor-widget-container\">\n\t\t\t\t\t<div id=\"ct_text_editor-d240817\" class=\"ct-text-editor\" data-wow-delay=\"ms\">\n\t<div class=\"ct-inline-css\"  data-css=\"        \t\t\">\n    <\/div>\n\t<div class=\"ct-text-editor elementor-clearfix\">\n\t\t<p>Alteo offers psychological services for the treatment of anxiety, unipolar depression, relationship issues, borderline personality disorder, ADHD, burnout and stress, OCD, as well as autism and neurodivergence across all age groups. He also provides psychological assessments and consultations.<\/p>\t\t\n\t<\/div>\n<\/div>\t\t\t\t<\/div>\n\t\t\t\t<\/div>\n\t\t        <section class=\"elementor-section elementor-inner-section elementor-element elementor-element-8a5e638 elementor-section-boxed elementor-section-height-default elementor-section-height-default ct-header-fixed-none ct-column-none ct-row-scroll-none ct-row-gradient--none ct-row-container--default\" data-id=\"8a5e638\" data-element_type=\"section\">\n            \n                        <div class=\"elementor-container elementor-column-gap-extended\">\n                    <div class=\"elementor-column elementor-col-50 elementor-inner-column elementor-element elementor-element-778d0f4a ct-column-none col-offset-none\" data-id=\"778d0f4a\" data-element_type=\"column\">\n        <div class=\"elementor-widget-wrap elementor-element-populated\">\n                    \n        \t\t<div class=\"elementor-element elementor-element-1cf4ada5 elementor-widget elementor-widget-ct_list\" data-id=\"1cf4ada5\" data-element_type=\"widget\" data-widget_type=\"ct_list.default\">\n\t\t\t\t<div class=\"elementor-widget-container\">\n\t\t\t\t\t    <div class=\"ct-list block\">\r\n                    <div class=\"ct-list-item  off-border\">\r\n                                    <div class=\"ct-list-icon\">\r\n                        <i aria-hidden=\"true\" class=\"far fa-check-circle\"><\/i>                    <\/div>\r\n                            \t<div class=\"ct-list-content\">\r\n                    \t            \t  Anxiety disorders                    \t            <\/div>\r\n           <\/div>\r\n                    <div class=\"ct-list-item  off-border\">\r\n                                    <div class=\"ct-list-icon\">\r\n                        <i aria-hidden=\"true\" class=\"far fa-check-circle\"><\/i>                    <\/div>\r\n                            \t<div class=\"ct-list-content\">\r\n                    \t            \t  Unipolar depression                    \t            <\/div>\r\n           <\/div>\r\n                    <div class=\"ct-list-item  off-border\">\r\n                                    <div class=\"ct-list-icon\">\r\n                        <i aria-hidden=\"true\" class=\"far fa-check-circle\"><\/i>                    <\/div>\r\n                            \t<div class=\"ct-list-content\">\r\n                    \t            \t  Problems in interpersonal relationships                    \t            <\/div>\r\n           <\/div>\r\n                    <div class=\"ct-list-item  off-border\">\r\n                                    <div class=\"ct-list-icon\">\r\n                        <i aria-hidden=\"true\" class=\"far fa-check-circle\"><\/i>                    <\/div>\r\n                            \t<div class=\"ct-list-content\">\r\n                    \t            \t  Burnout and stress                    \t            <\/div>\r\n           <\/div>\r\n            <\/div>\r\n\t\t\t\t<\/div>\n\t\t\t\t<\/div>\n\t\t            <\/div>\n        <\/div>\n                <div class=\"elementor-column elementor-col-50 elementor-inner-column elementor-element elementor-element-19573f13 ct-column-none col-offset-none\" data-id=\"19573f13\" data-element_type=\"column\">\n        <div class=\"elementor-widget-wrap elementor-element-populated\">\n                    \n        \t\t<div class=\"elementor-element elementor-element-2a4636b6 elementor-widget elementor-widget-ct_list\" data-id=\"2a4636b6\" data-element_type=\"widget\" data-widget_type=\"ct_list.default\">\n\t\t\t\t<div class=\"elementor-widget-container\">\n\t\t\t\t\t    <div class=\"ct-list block\">\r\n                    <div class=\"ct-list-item  off-border\">\r\n                                    <div class=\"ct-list-icon\">\r\n                        <i aria-hidden=\"true\" class=\"far fa-check-circle\"><\/i>                    <\/div>\r\n                            \t<div class=\"ct-list-content\">\r\n                    \t            \t  Autism and neurodivergence                    \t            <\/div>\r\n           <\/div>\r\n                    <div class=\"ct-list-item  off-border\">\r\n                                    <div class=\"ct-list-icon\">\r\n                        <i aria-hidden=\"true\" class=\"far fa-check-circle\"><\/i>                    <\/div>\r\n                            \t<div class=\"ct-list-content\">\r\n                    \t            \t  ADHD                    \t            <\/div>\r\n           <\/div>\r\n                    <div class=\"ct-list-item  off-border\">\r\n                                    <div class=\"ct-list-icon\">\r\n                        <i aria-hidden=\"true\" class=\"far fa-check-circle\"><\/i>                    <\/div>\r\n                            \t<div class=\"ct-list-content\">\r\n                    \t            \t  Borderline Personality Disorder                    \t            <\/div>\r\n           <\/div>\r\n                    <div class=\"ct-list-item  off-border\">\r\n                                    <div class=\"ct-list-icon\">\r\n                        <i aria-hidden=\"true\" class=\"far fa-check-circle\"><\/i>                    <\/div>\r\n                            \t<div class=\"ct-list-content\">\r\n                    \t            \t  Obsessive-Compulsive Disorder (OCD)                    \t            <\/div>\r\n           <\/div>\r\n            <\/div>\r\n\t\t\t\t<\/div>\n\t\t\t\t<\/div>\n\t\t            <\/div>\n        <\/div>\n                    <\/div>\n        <\/section>\n        \t\t<div class=\"elementor-element elementor-element-63547e34 elementor-widget elementor-widget-ct_heading\" data-id=\"63547e34\" data-element_type=\"widget\" data-widget_type=\"ct_heading.default\">\n\t\t\t\t<div class=\"elementor-widget-container\">\n\t\t\t\t\t<div id=\"ct_heading-63547e34\" class=\"ct-heading h-align-left item-st-default\">\r\n    <div class=\"heading-wrapper\">\r\n        <div class=\"inner-heading\">\r\n                        <h3 class=\"item--title case-animate-time st-default\" data-wow-delay=\"ms\">\r\n                <span>BACKGROUND &amp; EXPERIENCE<\/span>            <\/h3>\r\n        <\/div>\r\n    <\/div>\r\n<\/div>\r\n\t\t\t\t<\/div>\n\t\t\t\t<\/div>\n\t\t\t\t<div class=\"elementor-element elementor-element-683973dc elementor-widget elementor-widget-ct_text_editor\" data-id=\"683973dc\" data-element_type=\"widget\" data-widget_type=\"ct_text_editor.default\">\n\t\t\t\t<div class=\"elementor-widget-container\">\n\t\t\t\t\t<div id=\"ct_text_editor-683973dc\" class=\"ct-text-editor\" data-wow-delay=\"ms\">\n\t<div class=\"ct-inline-css\"  data-css=\"        \t\t\">\n    <\/div>\n\t<div class=\"ct-text-editor elementor-clearfix\">\n\t\t<p>- Bachelor's degree in Psychology, University of Tirana.<br data-start=\"113\" data-end=\"116\" \/>- Master\u2019s in Clinical Psychology, University of Tirana<br data-start=\"170\" data-end=\"173\" data-is-only-node=\"\" \/>- Trained in Applied Behavior Analysis (ABA)<br data-start=\"224\" data-end=\"227\" \/>- Trained in Cognitive-Behavioral Therapy (CBT)<br data-start=\"278\" data-end=\"281\" \/>- Trained in Dialectical Behavior Therapy (DBT)<br data-start=\"332\" data-end=\"335\" \/>- Trained in Art Therapy<br data-start=\"406\" data-end=\"409\" \/>- Certification and expertise in ADHD<br data-start=\"444\" data-end=\"447\" \/>- Trained in staff management and team leadership<br data-start=\"504\" data-end=\"507\" \/>- Responsible for managing ICBT<br data-start=\"568\" data-end=\"571\" \/>- Has presented at national and international conferences in the field of psychology<\/p>\t\t\n\t<\/div>\n<\/div>\t\t\t\t<\/div>\n\t\t\t\t<\/div>\n\t\t\t\t<div class=\"elementor-element elementor-element-eab4ad2 elementor-align-center elementor-widget elementor-widget-ct_button\" data-id=\"eab4ad2\" data-element_type=\"widget\" data-widget_type=\"ct_button.default\">\n\t\t\t\t<div class=\"elementor-widget-container\">\n\t\t\t\t\t<div id=\"ct_button-eab4ad2\" class=\"ct-button-wrapper ct-button-layout1\">\r\n    <div class=\"ct-inline-css\"  data-css=\"        \">\r\n    <\/div>\r\n            <span class=\"ct-icon-active\"><\/span>\r\n        <a href=\"https:\/\/icbt.al\/en\/book-appointment\/?sm_id=7\/\" class=\"btn btn-default  icon-ps-\" data-wow-delay=\"ms\">\r\n                            <span class=\"ct-button-icon ct-align-icon-\">\r\n                            <\/span>\r\n                <span class=\"ct-button-text\">Schedule your visit<\/span>\r\n    <\/a>\r\n<\/div>\r\n\r\n\t\t\t\t<\/div>\n\t\t\t\t<\/div>\n\t\t            <\/div>\n        <\/div>\n                    <\/div>\n        <\/section>\n        \t\t<\/div>","protected":false},"excerpt":{"rendered":"<p>Alteo Kasaj Pozicioni Psikolog Klinik Email a.kasaj@icbt.al \u00a0 Alteo \u00ebsht\u00eb psikolog klinik q\u00eb punon me t\u00eb gjitha grupmoshat, duke ofruar mb\u00ebshtetje profesionale p\u00ebr individ\u00eb q\u00eb p\u00ebrballen me v\u00ebshtir\u00ebsi emocionale, psikologjike dhe t\u00eb funksionimit t\u00eb p\u00ebrditsh\u00ebm. Ai synon t\u00eb ndihmoj\u00eb klient\u00ebt t\u00eb kuptojn\u00eb m\u00eb mir\u00eb p\u00ebrvojat e tyre dhe t\u00eb zhvillojn\u00eb m\u00ebnyra m\u00eb efektive p\u00ebr t\u2019i [&hellip;]<\/p>","protected":false},"author":1,"featured_media":0,"parent":0,"menu_order":0,"comment_status":"closed","ping_status":"closed","template":"","meta":{"footnotes":""},"class_list":["post-7229","page","type-page","status-publish","hentry"],"aioseo_notices":[],"_links":{"self":[{"href":"https:\/\/icbt.al\/en\/wp-json\/wp\/v2\/pages\/7229","targetHints":{"allow":["GET"]}}],"collection":[{"href":"https:\/\/icbt.al\/en\/wp-json\/wp\/v2\/pages"}],"about":[{"href":"https:\/\/icbt.al\/en\/wp-json\/wp\/v2\/types\/page"}],"author":[{"embeddable":true,"href":"https:\/\/icbt.al\/en\/wp-json\/wp\/v2\/users\/1"}],"replies":[{"embeddable":true,"href":"https:\/\/icbt.al\/en\/wp-json\/wp\/v2\/comments?post=7229"}],"version-history":[{"count":86,"href":"https:\/\/icbt.al\/en\/wp-json\/wp\/v2\/pages\/7229\/revisions"}],"predecessor-version":[{"id":10299,"href":"https:\/\/icbt.al\/en\/wp-json\/wp\/v2\/pages\/7229\/revisions\/10299"}],"wp:attachment":[{"href":"https:\/\/icbt.al\/en\/wp-json\/wp\/v2\/media?parent=7229"}],"curies":[{"name":"wp","href":"https:\/\/api.w.org\/{rel}","templated":true}]}}