{"id":7207,"date":"2024-04-20T11:11:31","date_gmt":"2024-04-20T11:11:31","guid":{"rendered":"https:\/\/icbt.al\/?page_id=7207"},"modified":"2025-03-07T14:46:27","modified_gmt":"2025-03-07T14:46:27","slug":"armida-beqo","status":"publish","type":"page","link":"https:\/\/icbt.al\/en\/armida-beqo\/","title":{"rendered":"Armida Beqo"},"content":{"rendered":"<div data-elementor-type=\"wp-page\" data-elementor-id=\"7207\" class=\"elementor elementor-7207\">\n\t\t\t\t        <section class=\"elementor-section elementor-top-section elementor-element elementor-element-757181b7 elementor-section-stretched elementor-section-boxed elementor-section-height-default elementor-section-height-default ct-header-fixed-none ct-column-none ct-row-scroll-none ct-row-gradient--none ct-row-container--default\" data-id=\"757181b7\" data-element_type=\"section\" data-settings=\"{&quot;stretch_section&quot;:&quot;section-stretched&quot;}\">\n            \n                        <div class=\"elementor-container elementor-column-gap-extended\">\n                    <div class=\"elementor-column elementor-col-33 elementor-top-column elementor-element elementor-element-19d0e180 ct-column-none col-offset-none\" data-id=\"19d0e180\" data-element_type=\"column\">\n        <div class=\"elementor-widget-wrap elementor-element-populated\">\n                    \n        \t\t<div class=\"elementor-element elementor-element-4bdaa769 elementor-widget elementor-widget-ct_team_info\" data-id=\"4bdaa769\" data-element_type=\"widget\" data-widget_type=\"ct_team_info.default\">\n\t\t\t\t<div class=\"elementor-widget-container\">\n\t\t\t\t\t<div id=\"ct_team_info-4bdaa769\" class=\"ct-team-info\" data-wow-duration=\"1.2s\">\r\n            <div class=\"wp-feature\">\r\n            <img fetchpriority=\"high\" decoding=\"async\" class=\"\" src=\"https:\/\/icbt.al\/wp-content\/uploads\/2024\/05\/Armida-Profil.jpg\" width=\"600\" height=\"762\" alt=\"Armida Profil\" title=\"Armida Profil\" \/>        <\/div>\r\n        <div class=\"wp-meta\">\r\n        <div class=\"inner-meta\">\r\n            <div class=\"wp-title\">\r\n                <h3 class=\"item--title case-animate-time style2\" data-wow-delay=\"ms\">\r\n                    <span>Armida Beqo<\/span>                <\/h3>\r\n            <\/div>\r\n                            <ul class=\"ct-list-info\">\r\n                                            <li>\r\n                                                                                                <label class=\"ct-label\">\r\n                                       Position                                    <\/label>\r\n                                                                                                    <span class=\"ct-content\">\r\n                                       Psychologist                                    <\/span>\r\n                                                                                   <\/li>\r\n                                            <li>\r\n                            <a href=\"mailto:a.beqo@icbt.al\">                                                                    <label class=\"ct-label\">\r\n                                       Email                                    <\/label>\r\n                                                                                                    <span class=\"ct-content\">\r\n                                       a.beqo@icbt.al                                    <\/span>\r\n                                                            <\/a>                       <\/li>\r\n                                    <\/ul>\r\n                                        <div class=\"ct-social style2\">\r\n                                                                        <a class=\"ct_team_info-4bdaa769-0\" href=\"#\">\r\n                                                                                            <\/a>\r\n                                                            <\/div>\r\n                    <\/div>\r\n    <\/div>\r\n<\/div>\r\n\r\n\t\t\t\t<\/div>\n\t\t\t\t<\/div>\n\t\t            <\/div>\n        <\/div>\n                <div class=\"elementor-column elementor-col-66 elementor-top-column elementor-element elementor-element-23e5a90d ct-column-none col-offset-none\" data-id=\"23e5a90d\" data-element_type=\"column\">\n        <div class=\"elementor-widget-wrap elementor-element-populated\">\n                    \n        \t\t<div class=\"elementor-element elementor-element-615afd17 elementor-widget elementor-widget-ct_text_editor\" data-id=\"615afd17\" data-element_type=\"widget\" data-widget_type=\"ct_text_editor.default\">\n\t\t\t\t<div class=\"elementor-widget-container\">\n\t\t\t\t\t<div id=\"ct_text_editor-615afd17\" class=\"ct-text-editor\" data-wow-delay=\"ms\">\n\t<div class=\"ct-inline-css\"  data-css=\"        \t\t\">\n    <\/div>\n\t<div class=\"ct-text-editor elementor-clearfix\">\n\t\tArmida Beqo is a licensed psychologist with advanced training in Cognitive Behavioral Therapy (CBT) and Dialectical Behavior Therapy (DBT). She provides a warm, collaborative, and safe environment where clients feel heard and understood.\nThrough a personalized approach, Armida works with clients to identify and address negative patterns of thinking and behavior that contribute to anxiety, depression, stress, and other psychological distress. Her integrative approach, combining CBT and DBT techniques, allows her to tailor treatment to each client's specific needs and goals.\nArmida's evidence-based methods help clients develop new skills for: managing emotions effectively, solving problems creatively,\nimproving interpersonal relationships,\nachieving lasting positive changes.\n\nHer ultimate goal is to guide clients towards increased resilience and confidence in facing life's challenges, fostering a calmer, happier, and more harmonious life.\nArmida specializes in working with adults dealing with: anxiety disorders, depression, stress management, relationship issues, personal growth and self-esteem.\n\nIf you're seeking support in creating positive change in your life, consider reaching out to Armida for a consultation. Her compassionate and professional approach can help you take the first steps towards a more fulfilling life.\t\t\n\t<\/div>\n<\/div>\t\t\t\t<\/div>\n\t\t\t\t<\/div>\n\t\t\t\t<div class=\"elementor-element elementor-element-569a5291 elementor-widget elementor-widget-ct_heading\" data-id=\"569a5291\" data-element_type=\"widget\" data-widget_type=\"ct_heading.default\">\n\t\t\t\t<div class=\"elementor-widget-container\">\n\t\t\t\t\t<div id=\"ct_heading-569a5291\" class=\"ct-heading h-align-left item-st-default\">\r\n    <div class=\"heading-wrapper\">\r\n        <div class=\"inner-heading\">\r\n                        <h3 class=\"item--title case-animate-time st-default\" data-wow-delay=\"ms\">\r\n                <span>EXPERTISE\n<\/span>            <\/h3>\r\n        <\/div>\r\n    <\/div>\r\n<\/div>\r\n\t\t\t\t<\/div>\n\t\t\t\t<\/div>\n\t\t        <section class=\"elementor-section elementor-inner-section elementor-element elementor-element-6c90c481 elementor-section-boxed elementor-section-height-default elementor-section-height-default ct-header-fixed-none ct-column-none ct-row-scroll-none ct-row-gradient--none ct-row-container--default\" data-id=\"6c90c481\" data-element_type=\"section\">\n            \n                        <div class=\"elementor-container elementor-column-gap-extended\">\n                    <div class=\"elementor-column elementor-col-50 elementor-inner-column elementor-element elementor-element-30260b7 ct-column-none col-offset-none\" data-id=\"30260b7\" data-element_type=\"column\">\n        <div class=\"elementor-widget-wrap elementor-element-populated\">\n                    \n        \t\t<div class=\"elementor-element elementor-element-6397a37 elementor-widget elementor-widget-ct_list\" data-id=\"6397a37\" data-element_type=\"widget\" data-widget_type=\"ct_list.default\">\n\t\t\t\t<div class=\"elementor-widget-container\">\n\t\t\t\t\t    <div class=\"ct-list block\">\r\n                    <div class=\"ct-list-item  off-border\">\r\n                                    <div class=\"ct-list-icon\">\r\n                        <i aria-hidden=\"true\" class=\"far fa-check-circle\"><\/i>                    <\/div>\r\n                            \t<div class=\"ct-list-content\">\r\n                    \t            \t  Treatment of depression and melancholy.                    \t            <\/div>\r\n           <\/div>\r\n                    <div class=\"ct-list-item  off-border\">\r\n                                    <div class=\"ct-list-icon\">\r\n                        <i aria-hidden=\"true\" class=\"far fa-check-circle\"><\/i>                    <\/div>\r\n                            \t<div class=\"ct-list-content\">\r\n                    \t            \t  Anxiety disorders (social, panic, hypochondria, obsessive-compulsive, post-traumatic stress)                    \t            <\/div>\r\n           <\/div>\r\n                    <div class=\"ct-list-item  off-border\">\r\n                                    <div class=\"ct-list-icon\">\r\n                        <i aria-hidden=\"true\" class=\"far fa-check-circle\"><\/i>                    <\/div>\r\n                            \t<div class=\"ct-list-content\">\r\n                    \t            \t  Sleep disorders (nightmares)                    \t            <\/div>\r\n           <\/div>\r\n                    <div class=\"ct-list-item  off-border\">\r\n                                    <div class=\"ct-list-icon\">\r\n                        <i aria-hidden=\"true\" class=\"far fa-check-circle\"><\/i>                    <\/div>\r\n                            \t<div class=\"ct-list-content\">\r\n                    \t            \t  Issues of gender identity and LGBTQ+ sexual orientation.                    \t            <\/div>\r\n           <\/div>\r\n                    <div class=\"ct-list-item  off-border\">\r\n                                    <div class=\"ct-list-icon\">\r\n                        <i aria-hidden=\"true\" class=\"far fa-check-circle\"><\/i>                    <\/div>\r\n                            \t<div class=\"ct-list-content\">\r\n                    \t            \t  Sexual activity concerns (without medical reason)                    \t            <\/div>\r\n           <\/div>\r\n            <\/div>\r\n\t\t\t\t<\/div>\n\t\t\t\t<\/div>\n\t\t            <\/div>\n        <\/div>\n                <div class=\"elementor-column elementor-col-50 elementor-inner-column elementor-element elementor-element-6dd8dcc5 ct-column-none col-offset-none\" data-id=\"6dd8dcc5\" data-element_type=\"column\">\n        <div class=\"elementor-widget-wrap elementor-element-populated\">\n                    \n        \t\t<div class=\"elementor-element elementor-element-1fd16bbb elementor-widget elementor-widget-ct_list\" data-id=\"1fd16bbb\" data-element_type=\"widget\" data-widget_type=\"ct_list.default\">\n\t\t\t\t<div class=\"elementor-widget-container\">\n\t\t\t\t\t    <div class=\"ct-list block\">\r\n                    <div class=\"ct-list-item  off-border\">\r\n                                    <div class=\"ct-list-icon\">\r\n                        <i aria-hidden=\"true\" class=\"far fa-check-circle\"><\/i>                    <\/div>\r\n                            \t<div class=\"ct-list-content\">\r\n                    \t            \t  Emotional disturbances (emotional volatility, indecisiveness, chronic stress)                    \t            <\/div>\r\n           <\/div>\r\n                    <div class=\"ct-list-item  off-border\">\r\n                                    <div class=\"ct-list-icon\">\r\n                        <i aria-hidden=\"true\" class=\"far fa-check-circle\"><\/i>                    <\/div>\r\n                            \t<div class=\"ct-list-content\">\r\n                    \t            \t  Problems with aggression and conflicts.                    \t            <\/div>\r\n           <\/div>\r\n                    <div class=\"ct-list-item  off-border\">\r\n                                    <div class=\"ct-list-icon\">\r\n                        <i aria-hidden=\"true\" class=\"far fa-check-circle\"><\/i>                    <\/div>\r\n                            \t<div class=\"ct-list-content\">\r\n                    \t            \t  Self-image and self-injurious behaviors.                    \t            <\/div>\r\n           <\/div>\r\n                    <div class=\"ct-list-item  off-border\">\r\n                                    <div class=\"ct-list-icon\">\r\n                        <i aria-hidden=\"true\" class=\"far fa-check-circle\"><\/i>                    <\/div>\r\n                            \t<div class=\"ct-list-content\">\r\n                    \t            \t  Personality and emotional relationships.                    \t            <\/div>\r\n           <\/div>\r\n                    <div class=\"ct-list-item  off-border\">\r\n                                    <div class=\"ct-list-icon\">\r\n                        <i aria-hidden=\"true\" class=\"far fa-check-circle\"><\/i>                    <\/div>\r\n                            \t<div class=\"ct-list-content\">\r\n                    \t            \t  Different phobias.                    \t            <\/div>\r\n           <\/div>\r\n                    <div class=\"ct-list-item  off-border\">\r\n                                    <div class=\"ct-list-icon\">\r\n                        <i aria-hidden=\"true\" class=\"far fa-check-circle\"><\/i>                    <\/div>\r\n                            \t<div class=\"ct-list-content\">\r\n                    \t            \t  ADHD (Attention Deficit Hyperactivity Disorder)                    \t            <\/div>\r\n           <\/div>\r\n            <\/div>\r\n\t\t\t\t<\/div>\n\t\t\t\t<\/div>\n\t\t            <\/div>\n        <\/div>\n                    <\/div>\n        <\/section>\n        \t\t<div class=\"elementor-element elementor-element-26ef0754 elementor-widget elementor-widget-ct_heading\" data-id=\"26ef0754\" data-element_type=\"widget\" data-widget_type=\"ct_heading.default\">\n\t\t\t\t<div class=\"elementor-widget-container\">\n\t\t\t\t\t<div id=\"ct_heading-26ef0754\" class=\"ct-heading h-align-left item-st-default\">\r\n    <div class=\"heading-wrapper\">\r\n        <div class=\"inner-heading\">\r\n                        <h3 class=\"item--title case-animate-time st-default\" data-wow-delay=\"ms\">\r\n                <span>BACKGROUND &amp; EXPERIENCE<\/span>            <\/h3>\r\n        <\/div>\r\n    <\/div>\r\n<\/div>\r\n\t\t\t\t<\/div>\n\t\t\t\t<\/div>\n\t\t\t\t<div class=\"elementor-element elementor-element-e04178a elementor-widget elementor-widget-ct_text_editor\" data-id=\"e04178a\" data-element_type=\"widget\" data-widget_type=\"ct_text_editor.default\">\n\t\t\t\t<div class=\"elementor-widget-container\">\n\t\t\t\t\t<div id=\"ct_text_editor-e04178a\" class=\"ct-text-editor\" data-wow-delay=\"ms\">\n\t<div class=\"ct-inline-css\"  data-css=\"        \t\t\">\n    <\/div>\n\t<div class=\"ct-text-editor elementor-clearfix\">\n\t\t<p>- Bachelor in Psychology, University of Tirana<br \/>- Master of Science in School Psychology. UET<br \/>- Specialization in Cognitive Behavioral Therapy, Beck Institute, USA<br \/>- Specialization in Dialectical Behavior Therapy, Behavioral Tech Institute, USA<br \/>- Specialization in Life Coach Inner Life, Tirana<br \/>- License from the Order of Psychologist no. 833<\/p>\t\t\n\t<\/div>\n<\/div>\t\t\t\t<\/div>\n\t\t\t\t<\/div>\n\t\t\t\t<div class=\"elementor-element elementor-element-0c4396f elementor-align-center elementor-widget elementor-widget-ct_button\" data-id=\"0c4396f\" data-element_type=\"widget\" data-widget_type=\"ct_button.default\">\n\t\t\t\t<div class=\"elementor-widget-container\">\n\t\t\t\t\t<div id=\"ct_button-0c4396f\" class=\"ct-button-wrapper ct-button-layout1\">\r\n    <div class=\"ct-inline-css\"  data-css=\"        \">\r\n    <\/div>\r\n            <span class=\"ct-icon-active\"><\/span>\r\n        <a href=\"https:\/\/icbt.al\/en\/book-appointment\/?sm_id=4\/\" class=\"btn btn-default  icon-ps-\" data-wow-delay=\"ms\">\r\n                            <span class=\"ct-button-icon ct-align-icon-\">\r\n                            <\/span>\r\n                <span class=\"ct-button-text\">Schedule your visit<\/span>\r\n    <\/a>\r\n<\/div>\r\n\r\n\t\t\t\t<\/div>\n\t\t\t\t<\/div>\n\t\t            <\/div>\n        <\/div>\n                    <\/div>\n        <\/section>\n        \t\t<\/div>","protected":false},"excerpt":{"rendered":"<p>Armida Beqo Pozicioni Psikologe Email a.beqo@icbt.al Armida Beqo \u00ebsht\u00eb nj\u00eb psikologe e kualifikuar dhe me p\u00ebrvoj\u00eb n\u00eb terapin\u00eb CBT. Ajo ofron nj\u00eb mjedis t\u00eb ngroht\u00eb, bashk\u00ebpunues dhe t\u00eb sigurt ku klient\u00ebt ndjehen t\u00eb d\u00ebgjuar dhe t\u00eb kuptuar. N\u00ebp\u00ebrmjet nj\u00eb qasje t\u00eb personalizuar dhe bashk\u00ebpunuese, ajo punon me klient\u00ebt p\u00ebr t\u00eb identifikuar dhe adresuar modelet negative [&hellip;]<\/p>","protected":false},"author":1,"featured_media":0,"parent":0,"menu_order":0,"comment_status":"closed","ping_status":"closed","template":"","meta":{"footnotes":""},"class_list":["post-7207","page","type-page","status-publish","hentry"],"aioseo_notices":[],"_links":{"self":[{"href":"https:\/\/icbt.al\/en\/wp-json\/wp\/v2\/pages\/7207","targetHints":{"allow":["GET"]}}],"collection":[{"href":"https:\/\/icbt.al\/en\/wp-json\/wp\/v2\/pages"}],"about":[{"href":"https:\/\/icbt.al\/en\/wp-json\/wp\/v2\/types\/page"}],"author":[{"embeddable":true,"href":"https:\/\/icbt.al\/en\/wp-json\/wp\/v2\/users\/1"}],"replies":[{"embeddable":true,"href":"https:\/\/icbt.al\/en\/wp-json\/wp\/v2\/comments?post=7207"}],"version-history":[{"count":91,"href":"https:\/\/icbt.al\/en\/wp-json\/wp\/v2\/pages\/7207\/revisions"}],"predecessor-version":[{"id":10120,"href":"https:\/\/icbt.al\/en\/wp-json\/wp\/v2\/pages\/7207\/revisions\/10120"}],"wp:attachment":[{"href":"https:\/\/icbt.al\/en\/wp-json\/wp\/v2\/media?parent=7207"}],"curies":[{"name":"wp","href":"https:\/\/api.w.org\/{rel}","templated":true}]}}