{"id":7203,"date":"2024-04-20T11:10:21","date_gmt":"2024-04-20T11:10:21","guid":{"rendered":"https:\/\/icbt.al\/?page_id=7203"},"modified":"2026-04-10T08:50:09","modified_gmt":"2026-04-10T08:50:09","slug":"anastasia-ristani","status":"publish","type":"page","link":"https:\/\/icbt.al\/en\/anastasia-ristani\/","title":{"rendered":"Anastasia Ristani"},"content":{"rendered":"<div data-elementor-type=\"wp-page\" data-elementor-id=\"7203\" class=\"elementor elementor-7203\">\n\t\t\t\t        <section class=\"elementor-section elementor-top-section elementor-element elementor-element-7fb715d1 elementor-section-stretched elementor-section-boxed elementor-section-height-default elementor-section-height-default ct-header-fixed-none ct-column-none ct-row-scroll-none ct-row-gradient--none ct-row-container--default\" data-id=\"7fb715d1\" data-element_type=\"section\" data-settings=\"{&quot;stretch_section&quot;:&quot;section-stretched&quot;}\">\n            \n                        <div class=\"elementor-container elementor-column-gap-extended\">\n                    <div class=\"elementor-column elementor-col-33 elementor-top-column elementor-element elementor-element-38990c99 ct-column-none col-offset-none\" data-id=\"38990c99\" data-element_type=\"column\">\n        <div class=\"elementor-widget-wrap elementor-element-populated\">\n                    \n        \t\t<div class=\"elementor-element elementor-element-5ec5a2ec elementor-widget elementor-widget-ct_team_info\" data-id=\"5ec5a2ec\" data-element_type=\"widget\" data-widget_type=\"ct_team_info.default\">\n\t\t\t\t<div class=\"elementor-widget-container\">\n\t\t\t\t\t<div id=\"ct_team_info-5ec5a2ec\" class=\"ct-team-info\" data-wow-duration=\"1.2s\">\r\n            <div class=\"wp-feature\">\r\n            <img fetchpriority=\"high\" decoding=\"async\" class=\"\" src=\"https:\/\/icbt.al\/wp-content\/uploads\/2024\/05\/Anastasia-Profil.jpg\" width=\"600\" height=\"762\" alt=\"Anastasia Profil\" title=\"Anastasia Profil\" \/>        <\/div>\r\n        <div class=\"wp-meta\">\r\n        <div class=\"inner-meta\">\r\n            <div class=\"wp-title\">\r\n                <h3 class=\"item--title case-animate-time style2\" data-wow-delay=\"ms\">\r\n                    <span>Anastasia Ristani<\/span>                <\/h3>\r\n            <\/div>\r\n                            <ul class=\"ct-list-info\">\r\n                                            <li>\r\n                                                                                                <label class=\"ct-label\">\r\n                                       Position                                    <\/label>\r\n                                                                                                    <span class=\"ct-content\">\r\n                                       Clinical Psychologist                                    <\/span>\r\n                                                                                   <\/li>\r\n                                            <li>\r\n                            <a href=\"mailto:a.ristani@icbt.al\">                                                                    <label class=\"ct-label\">\r\n                                       Email                                    <\/label>\r\n                                                                                                    <span class=\"ct-content\">\r\n                                       a.ristani@icbt.al                                    <\/span>\r\n                                                            <\/a>                       <\/li>\r\n                                    <\/ul>\r\n                                        <div class=\"ct-social style2\">\r\n                                                                        <a class=\"ct_team_info-5ec5a2ec-0\" href=\"#\">\r\n                                                                                            <\/a>\r\n                                                            <\/div>\r\n                    <\/div>\r\n    <\/div>\r\n<\/div>\r\n\r\n\t\t\t\t<\/div>\n\t\t\t\t<\/div>\n\t\t            <\/div>\n        <\/div>\n                <div class=\"elementor-column elementor-col-66 elementor-top-column elementor-element elementor-element-1768c7bf ct-column-none col-offset-none\" data-id=\"1768c7bf\" data-element_type=\"column\">\n        <div class=\"elementor-widget-wrap elementor-element-populated\">\n                    \n        \t\t<div class=\"elementor-element elementor-element-14511069 elementor-widget elementor-widget-ct_text_editor\" data-id=\"14511069\" data-element_type=\"widget\" data-widget_type=\"ct_text_editor.default\">\n\t\t\t\t<div class=\"elementor-widget-container\">\n\t\t\t\t\t<div id=\"ct_text_editor-14511069\" class=\"ct-text-editor\" data-wow-delay=\"ms\">\n\t<div class=\"ct-inline-css\"  data-css=\"        \t\t\">\n    <\/div>\n\t<div class=\"ct-text-editor elementor-clearfix\">\n\t\t<p>Anastasia is a dedicated clinical psychologist with expertise in working with children, adolescents, and adults facing emotional, psychological, and developmental challenges. She emphasizes the importance of building a therapeutic relationship based on trust, respect, and understanding, creating a supportive environment where each individual can express themselves freely and work toward emotional well-being and personal growth.<\/p><p>With certifications in Cognitive-Behavioral Therapy (CBT) and Applied Behavior Analysis (ABA), Anastasia helps clients improve their management of emotional challenges and develop sustainable skills to navigate various life situations. Each session is personalized and structured to support the individual\u2019s growth and well-being in a lasting and effective way.<\/p><p>Beyond therapeutic sessions, Anastasia fosters an encouraging and supportive environment, guiding clients toward personal and emotional growth while strengthening skills in self-awareness, self-regulation, and resilience at every stage of life.<\/p>\t\t\n\t<\/div>\n<\/div>\t\t\t\t<\/div>\n\t\t\t\t<\/div>\n\t\t\t\t<div class=\"elementor-element elementor-element-1cb1f23 elementor-widget elementor-widget-ct_heading\" data-id=\"1cb1f23\" data-element_type=\"widget\" data-widget_type=\"ct_heading.default\">\n\t\t\t\t<div class=\"elementor-widget-container\">\n\t\t\t\t\t<div id=\"ct_heading-1cb1f23\" class=\"ct-heading h-align-left item-st-default\">\r\n    <div class=\"heading-wrapper\">\r\n        <div class=\"inner-heading\">\r\n                        <h3 class=\"item--title case-animate-time st-default\" data-wow-delay=\"ms\">\r\n                <span>EXPERTISE<\/span>            <\/h3>\r\n        <\/div>\r\n    <\/div>\r\n<\/div>\r\n\t\t\t\t<\/div>\n\t\t\t\t<\/div>\n\t\t\t\t<div class=\"elementor-element elementor-element-371a007 elementor-widget elementor-widget-ct_text_editor\" data-id=\"371a007\" data-element_type=\"widget\" data-widget_type=\"ct_text_editor.default\">\n\t\t\t\t<div class=\"elementor-widget-container\">\n\t\t\t\t\t<div id=\"ct_text_editor-371a007\" class=\"ct-text-editor\" data-wow-delay=\"ms\">\n\t<div class=\"ct-inline-css\"  data-css=\"        \t\t\">\n    <\/div>\n\t<div class=\"ct-text-editor elementor-clearfix\">\n\t\t<p>Anastasia is a clinical psychologist who provides psychological services for depression, anxiety, ADHD, autism, and behavioral disorders in children, adolescents, and adults, using CBT and ABA to support emotional well-being.<\/p>\t\t\n\t<\/div>\n<\/div>\t\t\t\t<\/div>\n\t\t\t\t<\/div>\n\t\t        <section class=\"elementor-section elementor-inner-section elementor-element elementor-element-3c5d4898 elementor-section-boxed elementor-section-height-default elementor-section-height-default ct-header-fixed-none ct-column-none ct-row-scroll-none ct-row-gradient--none ct-row-container--default\" data-id=\"3c5d4898\" data-element_type=\"section\">\n            \n                        <div class=\"elementor-container elementor-column-gap-extended\">\n                    <div class=\"elementor-column elementor-col-50 elementor-inner-column elementor-element elementor-element-4154731b ct-column-none col-offset-none\" data-id=\"4154731b\" data-element_type=\"column\">\n        <div class=\"elementor-widget-wrap elementor-element-populated\">\n                    \n        \t\t<div class=\"elementor-element elementor-element-1dbd54e4 elementor-widget elementor-widget-ct_list\" data-id=\"1dbd54e4\" data-element_type=\"widget\" data-widget_type=\"ct_list.default\">\n\t\t\t\t<div class=\"elementor-widget-container\">\n\t\t\t\t\t    <div class=\"ct-list block\">\r\n                    <div class=\"ct-list-item  off-border\">\r\n                                    <div class=\"ct-list-icon\">\r\n                        <i aria-hidden=\"true\" class=\"far fa-check-circle\"><\/i>                    <\/div>\r\n                            \t<div class=\"ct-list-content\">\r\n                    \t            \t  Anxiety disorders                    \t            <\/div>\r\n           <\/div>\r\n                    <div class=\"ct-list-item  off-border\">\r\n                                    <div class=\"ct-list-icon\">\r\n                        <i aria-hidden=\"true\" class=\"far fa-check-circle\"><\/i>                    <\/div>\r\n                            \t<div class=\"ct-list-content\">\r\n                    \t            \t  Depression                    \t            <\/div>\r\n           <\/div>\r\n                    <div class=\"ct-list-item  off-border\">\r\n                                    <div class=\"ct-list-icon\">\r\n                        <i aria-hidden=\"true\" class=\"far fa-check-circle\"><\/i>                    <\/div>\r\n                            \t<div class=\"ct-list-content\">\r\n                    \t            \t  ADHD                    \t            <\/div>\r\n           <\/div>\r\n                    <div class=\"ct-list-item  off-border\">\r\n                                    <div class=\"ct-list-icon\">\r\n                        <i aria-hidden=\"true\" class=\"far fa-check-circle\"><\/i>                    <\/div>\r\n                            \t<div class=\"ct-list-content\">\r\n                    \t            \t  Autism                    \t            <\/div>\r\n           <\/div>\r\n            <\/div>\r\n\t\t\t\t<\/div>\n\t\t\t\t<\/div>\n\t\t            <\/div>\n        <\/div>\n                <div class=\"elementor-column elementor-col-50 elementor-inner-column elementor-element elementor-element-14433c52 ct-column-none col-offset-none\" data-id=\"14433c52\" data-element_type=\"column\">\n        <div class=\"elementor-widget-wrap elementor-element-populated\">\n                    \n        \t\t<div class=\"elementor-element elementor-element-75e1fd1d elementor-widget elementor-widget-ct_list\" data-id=\"75e1fd1d\" data-element_type=\"widget\" data-widget_type=\"ct_list.default\">\n\t\t\t\t<div class=\"elementor-widget-container\">\n\t\t\t\t\t    <div class=\"ct-list block\">\r\n                    <div class=\"ct-list-item  off-border\">\r\n                                    <div class=\"ct-list-icon\">\r\n                        <i aria-hidden=\"true\" class=\"far fa-check-circle\"><\/i>                    <\/div>\r\n                            \t<div class=\"ct-list-content\">\r\n                    \t            \t  Neurodivergence                    \t            <\/div>\r\n           <\/div>\r\n                    <div class=\"ct-list-item  off-border\">\r\n                                    <div class=\"ct-list-icon\">\r\n                        <i aria-hidden=\"true\" class=\"far fa-check-circle\"><\/i>                    <\/div>\r\n                            \t<div class=\"ct-list-content\">\r\n                    \t            \t  Conduct Disorder                    \t            <\/div>\r\n           <\/div>\r\n                    <div class=\"ct-list-item  off-border\">\r\n                                    <div class=\"ct-list-icon\">\r\n                        <i aria-hidden=\"true\" class=\"far fa-check-circle\"><\/i>                    <\/div>\r\n                            \t<div class=\"ct-list-content\">\r\n                    \t            \t  Teenage Challenges                    \t            <\/div>\r\n           <\/div>\r\n                    <div class=\"ct-list-item  off-border\">\r\n                                    <div class=\"ct-list-icon\">\r\n                        <i aria-hidden=\"true\" class=\"far fa-check-circle\"><\/i>                    <\/div>\r\n                            \t<div class=\"ct-list-content\">\r\n                    \t            \t  Stress and emotional difficulties                    \t            <\/div>\r\n           <\/div>\r\n            <\/div>\r\n\t\t\t\t<\/div>\n\t\t\t\t<\/div>\n\t\t            <\/div>\n        <\/div>\n                    <\/div>\n        <\/section>\n        \t\t<div class=\"elementor-element elementor-element-eddc16f elementor-widget elementor-widget-ct_heading\" data-id=\"eddc16f\" data-element_type=\"widget\" data-widget_type=\"ct_heading.default\">\n\t\t\t\t<div class=\"elementor-widget-container\">\n\t\t\t\t\t<div id=\"ct_heading-eddc16f\" class=\"ct-heading h-align-left item-st-default\">\r\n    <div class=\"heading-wrapper\">\r\n        <div class=\"inner-heading\">\r\n                        <h3 class=\"item--title case-animate-time st-default\" data-wow-delay=\"ms\">\r\n                <span>BACKGROUND &amp; EXPERIENCE<\/span>            <\/h3>\r\n        <\/div>\r\n    <\/div>\r\n<\/div>\r\n\t\t\t\t<\/div>\n\t\t\t\t<\/div>\n\t\t\t\t<div class=\"elementor-element elementor-element-f3889c6 elementor-widget elementor-widget-ct_text_editor\" data-id=\"f3889c6\" data-element_type=\"widget\" data-widget_type=\"ct_text_editor.default\">\n\t\t\t\t<div class=\"elementor-widget-container\">\n\t\t\t\t\t<div id=\"ct_text_editor-f3889c6\" class=\"ct-text-editor\" data-wow-delay=\"ms\">\n\t<div class=\"ct-inline-css\"  data-css=\"        \t\t\">\n    <\/div>\n\t<div class=\"ct-text-editor elementor-clearfix\">\n\t\t<p>- Bachelor's degree in Psychology, University of Tirana.<br \/>\u2013 Master of Science in Clinical Psychology, University of New York Tirana.<br \/>\u2013 Trained for Applied Behavior Analysis<br \/>\u2013 Trained for Cognitive Behavioral Therapy<br \/>\u2013 Trained for Ketogenic Diets for Mental Health<\/p>\t\t\n\t<\/div>\n<\/div>\t\t\t\t<\/div>\n\t\t\t\t<\/div>\n\t\t\t\t<div class=\"elementor-element elementor-element-c617e75 elementor-align-center elementor-widget elementor-widget-ct_button\" data-id=\"c617e75\" data-element_type=\"widget\" data-widget_type=\"ct_button.default\">\n\t\t\t\t<div class=\"elementor-widget-container\">\n\t\t\t\t\t<div id=\"ct_button-c617e75\" class=\"ct-button-wrapper ct-button-layout1\">\r\n    <div class=\"ct-inline-css\"  data-css=\"        \">\r\n    <\/div>\r\n            <span class=\"ct-icon-active\"><\/span>\r\n        <a href=\"https:\/\/icbt.al\/en\/book-appointment\/?sm_id=1\/\" class=\"btn btn-default  icon-ps-\" data-wow-delay=\"ms\">\r\n                            <span class=\"ct-button-icon ct-align-icon-\">\r\n                            <\/span>\r\n                <span class=\"ct-button-text\">Schedule your visit<\/span>\r\n    <\/a>\r\n<\/div>\r\n\r\n\t\t\t\t<\/div>\n\t\t\t\t<\/div>\n\t\t            <\/div>\n        <\/div>\n                    <\/div>\n        <\/section>\n        \t\t<\/div>","protected":false},"excerpt":{"rendered":"<p>Anastasia Ristani Pozicioni Psikologe Klinike Email a.ristani@icbt.al Anastasia \u00ebsht\u00eb nj\u00eb psikologe klinike e p\u00ebrkushtuar, me ekspertiz\u00eb n\u00eb pun\u00ebn me f\u00ebmij\u00eb, adoleshent\u00eb dhe t\u00eb rritur q\u00eb p\u00ebrballen me sfida emocionale, psikologjike dhe zhvillimore. Ajo thekson r\u00ebnd\u00ebsin\u00eb e nd\u00ebrtimit t\u00eb nj\u00eb marr\u00ebdh\u00ebnieje terapeutike t\u00eb bazuar n\u00eb besim, respekt dhe mir\u00ebkuptim, duke krijuar nj\u00eb ambient mb\u00ebshtet\u00ebs ku \u00e7do [&hellip;]<\/p>","protected":false},"author":1,"featured_media":0,"parent":0,"menu_order":0,"comment_status":"closed","ping_status":"closed","template":"","meta":{"footnotes":""},"class_list":["post-7203","page","type-page","status-publish","hentry"],"aioseo_notices":[],"_links":{"self":[{"href":"https:\/\/icbt.al\/en\/wp-json\/wp\/v2\/pages\/7203","targetHints":{"allow":["GET"]}}],"collection":[{"href":"https:\/\/icbt.al\/en\/wp-json\/wp\/v2\/pages"}],"about":[{"href":"https:\/\/icbt.al\/en\/wp-json\/wp\/v2\/types\/page"}],"author":[{"embeddable":true,"href":"https:\/\/icbt.al\/en\/wp-json\/wp\/v2\/users\/1"}],"replies":[{"embeddable":true,"href":"https:\/\/icbt.al\/en\/wp-json\/wp\/v2\/comments?post=7203"}],"version-history":[{"count":91,"href":"https:\/\/icbt.al\/en\/wp-json\/wp\/v2\/pages\/7203\/revisions"}],"predecessor-version":[{"id":10318,"href":"https:\/\/icbt.al\/en\/wp-json\/wp\/v2\/pages\/7203\/revisions\/10318"}],"wp:attachment":[{"href":"https:\/\/icbt.al\/en\/wp-json\/wp\/v2\/media?parent=7203"}],"curies":[{"name":"wp","href":"https:\/\/api.w.org\/{rel}","templated":true}]}}