{"id":7196,"date":"2024-04-20T11:07:41","date_gmt":"2024-04-20T11:07:41","guid":{"rendered":"https:\/\/icbt.al\/?page_id=7196"},"modified":"2025-03-07T14:42:21","modified_gmt":"2025-03-07T14:42:21","slug":"eleana-naci","status":"publish","type":"page","link":"https:\/\/icbt.al\/en\/eleana-naci\/","title":{"rendered":"Eleana Na\u00e7i"},"content":{"rendered":"<div data-elementor-type=\"wp-page\" data-elementor-id=\"7196\" class=\"elementor elementor-7196\">\n\t\t\t\t        <section class=\"elementor-section elementor-top-section elementor-element elementor-element-46607b03 elementor-section-stretched elementor-section-boxed elementor-section-height-default elementor-section-height-default ct-header-fixed-none ct-column-none ct-row-scroll-none ct-row-gradient--none ct-row-container--default\" data-id=\"46607b03\" data-element_type=\"section\" data-settings=\"{&quot;stretch_section&quot;:&quot;section-stretched&quot;}\">\n            \n                        <div class=\"elementor-container elementor-column-gap-extended\">\n                    <div class=\"elementor-column elementor-col-33 elementor-top-column elementor-element elementor-element-4d6b8a49 ct-column-none col-offset-none\" data-id=\"4d6b8a49\" data-element_type=\"column\">\n        <div class=\"elementor-widget-wrap elementor-element-populated\">\n                    \n        \t\t<div class=\"elementor-element elementor-element-31854d74 elementor-widget elementor-widget-ct_team_info\" data-id=\"31854d74\" data-element_type=\"widget\" data-widget_type=\"ct_team_info.default\">\n\t\t\t\t<div class=\"elementor-widget-container\">\n\t\t\t\t\t<div id=\"ct_team_info-31854d74\" class=\"ct-team-info\" data-wow-duration=\"1.2s\">\r\n            <div class=\"wp-feature\">\r\n            <img fetchpriority=\"high\" decoding=\"async\" class=\"\" src=\"https:\/\/icbt.al\/wp-content\/uploads\/2024\/05\/Eleana-Profil.jpg\" width=\"600\" height=\"762\" alt=\"Eleana Profil\" title=\"Eleana Profil\" \/>        <\/div>\r\n        <div class=\"wp-meta\">\r\n        <div class=\"inner-meta\">\r\n            <div class=\"wp-title\">\r\n                <h3 class=\"item--title case-animate-time style2\" data-wow-delay=\"ms\">\r\n                    <span>Eleana Na\u00e7i<\/span>                <\/h3>\r\n            <\/div>\r\n                            <ul class=\"ct-list-info\">\r\n                                            <li>\r\n                                                                                                <label class=\"ct-label\">\r\n                                       Position                                    <\/label>\r\n                                                                                                    <span class=\"ct-content\">\r\n                                       CBT Psychologist                                    <\/span>\r\n                                                                                   <\/li>\r\n                                            <li>\r\n                            <a href=\"mailto:e.naci@icbt.al\">                                                                    <label class=\"ct-label\">\r\n                                       Email                                    <\/label>\r\n                                                                                                    <span class=\"ct-content\">\r\n                                       e.naci@icbt.al                                    <\/span>\r\n                                                            <\/a>                       <\/li>\r\n                                    <\/ul>\r\n                                        <div class=\"ct-social style2\">\r\n                                                                        <a class=\"ct_team_info-31854d74-0\" href=\"#\">\r\n                                                                                            <\/a>\r\n                                                            <\/div>\r\n                    <\/div>\r\n    <\/div>\r\n<\/div>\r\n\r\n\t\t\t\t<\/div>\n\t\t\t\t<\/div>\n\t\t            <\/div>\n        <\/div>\n                <div class=\"elementor-column elementor-col-66 elementor-top-column elementor-element elementor-element-20a0ec60 ct-column-none col-offset-none\" data-id=\"20a0ec60\" data-element_type=\"column\">\n        <div class=\"elementor-widget-wrap elementor-element-populated\">\n                    \n        \t\t<div class=\"elementor-element elementor-element-56d76c49 elementor-widget elementor-widget-ct_text_editor\" data-id=\"56d76c49\" data-element_type=\"widget\" data-widget_type=\"ct_text_editor.default\">\n\t\t\t\t<div class=\"elementor-widget-container\">\n\t\t\t\t\t<div id=\"ct_text_editor-56d76c49\" class=\"ct-text-editor\" data-wow-delay=\"ms\">\n\t<div class=\"ct-inline-css\"  data-css=\"        \t\t\">\n    <\/div>\n\t<div class=\"ct-text-editor elementor-clearfix\">\n\t\t<p>Experienced psychologist and psychotherapist specializing in Cognitive Behavioral Therapy (CBT). Combines extensive clinical practice with research to enhance individual well-being. Provides tailored psychological services for children, adolescents, and adults facing emotional and developmental challenges.<\/p><p><br \/>Eleana is the founder of the ICBT Institute in Tirana, Albania, where she leads clinical meetings, supervises psychologists in clinical cases, and evaluates and encourages ongoing education processes and psychoeducational trainings. She is a co-initiator and active participant in all activities deemed necessary for the professional growth of psychologists, ensuring the highest quality service for clients at ICBT.<\/p>\t\t\n\t<\/div>\n<\/div>\t\t\t\t<\/div>\n\t\t\t\t<\/div>\n\t\t\t\t<div class=\"elementor-element elementor-element-6aac1a4f elementor-widget elementor-widget-ct_heading\" data-id=\"6aac1a4f\" data-element_type=\"widget\" data-widget_type=\"ct_heading.default\">\n\t\t\t\t<div class=\"elementor-widget-container\">\n\t\t\t\t\t<div id=\"ct_heading-6aac1a4f\" class=\"ct-heading h-align-left item-st-default\">\r\n    <div class=\"heading-wrapper\">\r\n        <div class=\"inner-heading\">\r\n                        <h3 class=\"item--title case-animate-time st-default\" data-wow-delay=\"ms\">\r\n                <span>EXPERTISE<\/span>            <\/h3>\r\n        <\/div>\r\n    <\/div>\r\n<\/div>\r\n\t\t\t\t<\/div>\n\t\t\t\t<\/div>\n\t\t\t\t<div class=\"elementor-element elementor-element-12a4bdb elementor-widget elementor-widget-ct_text_editor\" data-id=\"12a4bdb\" data-element_type=\"widget\" data-widget_type=\"ct_text_editor.default\">\n\t\t\t\t<div class=\"elementor-widget-container\">\n\t\t\t\t\t<div id=\"ct_text_editor-12a4bdb\" class=\"ct-text-editor\" data-wow-delay=\"ms\">\n\t<div class=\"ct-inline-css\"  data-css=\"        \t\t\">\n    <\/div>\n\t<div class=\"ct-text-editor elementor-clearfix\">\n\t\tEleana has extensive experience and offers psychological services and psychotherapeutic sessions for the treatment of anxiety, unipolar\/bipolar depression, obsessive-compulsive disorder, trauma, personality disorders, psychoses, autism in adults, psychoemotional and neurodevelopmental assessments, and more.\t\t\n\t<\/div>\n<\/div>\t\t\t\t<\/div>\n\t\t\t\t<\/div>\n\t\t        <section class=\"elementor-section elementor-inner-section elementor-element elementor-element-7eaa3e29 elementor-section-boxed elementor-section-height-default elementor-section-height-default ct-header-fixed-none ct-column-none ct-row-scroll-none ct-row-gradient--none ct-row-container--default\" data-id=\"7eaa3e29\" data-element_type=\"section\">\n            \n                        <div class=\"elementor-container elementor-column-gap-extended\">\n                    <div class=\"elementor-column elementor-col-50 elementor-inner-column elementor-element elementor-element-11e87626 ct-column-none col-offset-none\" data-id=\"11e87626\" data-element_type=\"column\">\n        <div class=\"elementor-widget-wrap elementor-element-populated\">\n                    \n        \t\t<div class=\"elementor-element elementor-element-45989b49 elementor-widget elementor-widget-ct_list\" data-id=\"45989b49\" data-element_type=\"widget\" data-widget_type=\"ct_list.default\">\n\t\t\t\t<div class=\"elementor-widget-container\">\n\t\t\t\t\t    <div class=\"ct-list block\">\r\n                    <div class=\"ct-list-item  off-border\">\r\n                                    <div class=\"ct-list-icon\">\r\n                        <i aria-hidden=\"true\" class=\"far fa-check-circle\"><\/i>                    <\/div>\r\n                            \t<div class=\"ct-list-content\">\r\n                    \t            \t  Anxiety disorders                    \t            <\/div>\r\n           <\/div>\r\n                    <div class=\"ct-list-item  off-border\">\r\n                                    <div class=\"ct-list-icon\">\r\n                        <i aria-hidden=\"true\" class=\"far fa-check-circle\"><\/i>                    <\/div>\r\n                            \t<div class=\"ct-list-content\">\r\n                    \t            \t  Unipolar\/bipolar depression                    \t            <\/div>\r\n           <\/div>\r\n                    <div class=\"ct-list-item  off-border\">\r\n                                    <div class=\"ct-list-icon\">\r\n                        <i aria-hidden=\"true\" class=\"far fa-check-circle\"><\/i>                    <\/div>\r\n                            \t<div class=\"ct-list-content\">\r\n                    \t            \t  Obsessive-Compulsive Disorder (OCD)                    \t            <\/div>\r\n           <\/div>\r\n                    <div class=\"ct-list-item  off-border\">\r\n                                    <div class=\"ct-list-icon\">\r\n                        <i aria-hidden=\"true\" class=\"far fa-check-circle\"><\/i>                    <\/div>\r\n                            \t<div class=\"ct-list-content\">\r\n                    \t            \t  Trauma                    \t            <\/div>\r\n           <\/div>\r\n            <\/div>\r\n\t\t\t\t<\/div>\n\t\t\t\t<\/div>\n\t\t            <\/div>\n        <\/div>\n                <div class=\"elementor-column elementor-col-50 elementor-inner-column elementor-element elementor-element-e4113e3 ct-column-none col-offset-none\" data-id=\"e4113e3\" data-element_type=\"column\">\n        <div class=\"elementor-widget-wrap elementor-element-populated\">\n                    \n        \t\t<div class=\"elementor-element elementor-element-be5160d elementor-widget elementor-widget-ct_list\" data-id=\"be5160d\" data-element_type=\"widget\" data-widget_type=\"ct_list.default\">\n\t\t\t\t<div class=\"elementor-widget-container\">\n\t\t\t\t\t    <div class=\"ct-list block\">\r\n                    <div class=\"ct-list-item  off-border\">\r\n                                    <div class=\"ct-list-icon\">\r\n                        <i aria-hidden=\"true\" class=\"far fa-check-circle\"><\/i>                    <\/div>\r\n                            \t<div class=\"ct-list-content\">\r\n                    \t            \t  Personality Disorders                    \t            <\/div>\r\n           <\/div>\r\n                    <div class=\"ct-list-item  off-border\">\r\n                                    <div class=\"ct-list-icon\">\r\n                        <i aria-hidden=\"true\" class=\"far fa-check-circle\"><\/i>                    <\/div>\r\n                            \t<div class=\"ct-list-content\">\r\n                    \t            \t  Psychosis                    \t            <\/div>\r\n           <\/div>\r\n                    <div class=\"ct-list-item  off-border\">\r\n                                    <div class=\"ct-list-icon\">\r\n                        <i aria-hidden=\"true\" class=\"far fa-check-circle\"><\/i>                    <\/div>\r\n                            \t<div class=\"ct-list-content\">\r\n                    \t            \t  Autism in adults                    \t            <\/div>\r\n           <\/div>\r\n                    <div class=\"ct-list-item  off-border\">\r\n                                    <div class=\"ct-list-icon\">\r\n                        <i aria-hidden=\"true\" class=\"far fa-check-circle\"><\/i>                    <\/div>\r\n                            \t<div class=\"ct-list-content\">\r\n                    \t            \t  Psychoemotional and neurodevelopmental assessments                    \t            <\/div>\r\n           <\/div>\r\n            <\/div>\r\n\t\t\t\t<\/div>\n\t\t\t\t<\/div>\n\t\t            <\/div>\n        <\/div>\n                    <\/div>\n        <\/section>\n        \t\t<div class=\"elementor-element elementor-element-843fae9 elementor-widget elementor-widget-ct_heading\" data-id=\"843fae9\" data-element_type=\"widget\" data-widget_type=\"ct_heading.default\">\n\t\t\t\t<div class=\"elementor-widget-container\">\n\t\t\t\t\t<div id=\"ct_heading-843fae9\" class=\"ct-heading h-align-left item-st-default\">\r\n    <div class=\"heading-wrapper\">\r\n        <div class=\"inner-heading\">\r\n                        <h3 class=\"item--title case-animate-time st-default\" data-wow-delay=\"ms\">\r\n                <span>BACKGROUND &amp; EXPERIENCE<\/span>            <\/h3>\r\n        <\/div>\r\n    <\/div>\r\n<\/div>\r\n\t\t\t\t<\/div>\n\t\t\t\t<\/div>\n\t\t\t\t<div class=\"elementor-element elementor-element-211ca73 elementor-widget elementor-widget-ct_text_editor\" data-id=\"211ca73\" data-element_type=\"widget\" data-widget_type=\"ct_text_editor.default\">\n\t\t\t\t<div class=\"elementor-widget-container\">\n\t\t\t\t\t<div id=\"ct_text_editor-211ca73\" class=\"ct-text-editor\" data-wow-delay=\"ms\">\n\t<div class=\"ct-inline-css\"  data-css=\"        \t\t\">\n    <\/div>\n\t<div class=\"ct-text-editor elementor-clearfix\">\n\t\t<p>Masters in Cognitive Behavioral Psychotherapies from the University of Bolton, GB.<br \/>\u2013 Trained for Cognitive Behavioral Therapy<br \/>\u2013 Trained in Trauma Focused Therapy<br \/>\u2013 Trained in Compassion Focused Therapy<br \/>\u2013 Trained in Motivational Interviewing<br \/>\u2013 Licensed by the Order of Psychologists, Albania<br \/>\u2013 General Administrative and Clinical Coordinator at the Regional Center for Autism, Albanian Children Foundation<br \/>\u2013 Founder and Clinical Director of the ICBT Institute<br \/>- Has successfully presented research findings at prestigious international conferences and made significant contributions to peer-reviewed scientific publications.<br \/>- License from the Order of Psychologist no.608<\/p><p><span style=\"color: #666666\"><span style=\"font-family: Arial, serif\">Her training and experience underline skills in supervising parent counseling services, formulating project plans, and leading multidisciplinary teams for comprehensive psychological assessments.<\/span><\/span><\/p><p><span style=\"color: #666666\"><span style=\"font-family: Arial, serif\">\u00a0<\/span><\/span><\/p>\t\t\n\t<\/div>\n<\/div>\t\t\t\t<\/div>\n\t\t\t\t<\/div>\n\t\t\t\t<div class=\"elementor-element elementor-element-baa41a8 elementor-align-center elementor-widget elementor-widget-ct_button\" data-id=\"baa41a8\" data-element_type=\"widget\" data-widget_type=\"ct_button.default\">\n\t\t\t\t<div class=\"elementor-widget-container\">\n\t\t\t\t\t<div id=\"ct_button-baa41a8\" class=\"ct-button-wrapper ct-button-layout1\">\r\n    <div class=\"ct-inline-css\"  data-css=\"        \">\r\n    <\/div>\r\n            <span class=\"ct-icon-active\"><\/span>\r\n        <a href=\"https:\/\/icbt.al\/en\/book-appointment\/?sm_id=2\/\" class=\"btn btn-default  icon-ps-\" data-wow-delay=\"ms\">\r\n                            <span class=\"ct-button-icon ct-align-icon-\">\r\n                            <\/span>\r\n                <span class=\"ct-button-text\">Schedule your visit<\/span>\r\n    <\/a>\r\n<\/div>\r\n\r\n\t\t\t\t<\/div>\n\t\t\t\t<\/div>\n\t\t            <\/div>\n        <\/div>\n                    <\/div>\n        <\/section>\n        \t\t<\/div>","protected":false},"excerpt":{"rendered":"<p>Eleana Na\u00e7i Pozicioni Psikologe CBT Email e.naci@icbt.al Psikologe dhe psikoterapiste e arrir\u00eb e qasjes CBT, me p\u00ebrvoj\u00eb t\u00eb gjer\u00eb n\u00eb trajtimin dhe k\u00ebrkimin e sh\u00ebndetit mendor p\u00ebr t\u00eb p\u00ebrmir\u00ebsuar mir\u00ebqenien e individ\u00ebve. Ofron me p\u00ebrgjegjshm\u00ebri nj\u00eb gam\u00eb t\u00eb gjer\u00eb sh\u00ebrbimesh psikologjike t\u00eb p\u00ebrshtatura p\u00ebr f\u00ebmij\u00ebt, adoleshent\u00ebt dhe t\u00eb rriturit q\u00eb p\u00ebrballen me \u00e7rregullime emocionale, psikologjike [&hellip;]<\/p>","protected":false},"author":1,"featured_media":0,"parent":0,"menu_order":0,"comment_status":"closed","ping_status":"closed","template":"","meta":{"footnotes":""},"class_list":["post-7196","page","type-page","status-publish","hentry"],"aioseo_notices":[],"_links":{"self":[{"href":"https:\/\/icbt.al\/en\/wp-json\/wp\/v2\/pages\/7196","targetHints":{"allow":["GET"]}}],"collection":[{"href":"https:\/\/icbt.al\/en\/wp-json\/wp\/v2\/pages"}],"about":[{"href":"https:\/\/icbt.al\/en\/wp-json\/wp\/v2\/types\/page"}],"author":[{"embeddable":true,"href":"https:\/\/icbt.al\/en\/wp-json\/wp\/v2\/users\/1"}],"replies":[{"embeddable":true,"href":"https:\/\/icbt.al\/en\/wp-json\/wp\/v2\/comments?post=7196"}],"version-history":[{"count":142,"href":"https:\/\/icbt.al\/en\/wp-json\/wp\/v2\/pages\/7196\/revisions"}],"predecessor-version":[{"id":10111,"href":"https:\/\/icbt.al\/en\/wp-json\/wp\/v2\/pages\/7196\/revisions\/10111"}],"wp:attachment":[{"href":"https:\/\/icbt.al\/en\/wp-json\/wp\/v2\/media?parent=7196"}],"curies":[{"name":"wp","href":"https:\/\/api.w.org\/{rel}","templated":true}]}}