{"id":558,"date":"2022-02-23T14:15:47","date_gmt":"2022-02-23T14:15:47","guid":{"rendered":"https:\/\/demo.casethemes.net\/mindset\/?page_id=558"},"modified":"2022-02-23T14:15:47","modified_gmt":"2022-02-23T14:15:47","slug":"blog-carousel","status":"publish","type":"page","link":"https:\/\/icbt.al\/en\/blog-carousel\/","title":{"rendered":"Blog Carousel"},"content":{"rendered":"<div data-elementor-type=\"wp-page\" data-elementor-id=\"558\" class=\"elementor elementor-558\">\n\t\t\t\t        <section class=\"elementor-section elementor-top-section elementor-element elementor-element-c490886 elementor-section-boxed elementor-section-height-default elementor-section-height-default ct-header-fixed-none ct-column-none ct-row-scroll-none ct-row-gradient--none ct-row-container--default\" data-id=\"c490886\" data-element_type=\"section\">\n            \n                        <div class=\"elementor-container elementor-column-gap-extended\">\n                    <div class=\"elementor-column elementor-col-100 elementor-top-column elementor-element elementor-element-d4cd8ea ct-column-none col-offset-none\" data-id=\"d4cd8ea\" data-element_type=\"column\">\n        <div class=\"elementor-widget-wrap elementor-element-populated\">\n                    \n                <section class=\"elementor-section elementor-inner-section elementor-element elementor-element-1f05307 elementor-section-content-middle elementor-section-boxed elementor-section-height-default elementor-section-height-default ct-header-fixed-none ct-column-none ct-row-scroll-none ct-row-gradient--none ct-row-container--default\" data-id=\"1f05307\" data-element_type=\"section\">\n            \n                        <div class=\"elementor-container elementor-column-gap-extended\">\n                    <div class=\"elementor-column elementor-col-50 elementor-inner-column elementor-element elementor-element-650bad6 ct-column-none col-offset-none\" data-id=\"650bad6\" data-element_type=\"column\">\n        <div class=\"elementor-widget-wrap elementor-element-populated\">\n                    \n        \t\t<div class=\"elementor-element elementor-element-7faf3a3 elementor-widget elementor-widget-ct_heading\" data-id=\"7faf3a3\" data-element_type=\"widget\" data-widget_type=\"ct_heading.default\">\n\t\t\t\t<div class=\"elementor-widget-container\">\n\t\t\t\t\t<div id=\"ct_heading-7faf3a3\" class=\"ct-heading h-align-left item-st-default\">\r\n    <div class=\"heading-wrapper\">\r\n        <div class=\"inner-heading\">\r\n                            <div class=\"item--sub-title no-image-bg\">\r\n                                        <span>\r\n                        Fetaured Blog                    <\/span>\r\n                <\/div>\r\n                        <h3 class=\"item--title case-animate-time st-default\" data-wow-delay=\"ms\">\r\n                <span>Learn about our latest \n<small>news from blog.<\/small><\/span>            <\/h3>\r\n        <\/div>\r\n    <\/div>\r\n<\/div>\r\n\t\t\t\t<\/div>\n\t\t\t\t<\/div>\n\t\t            <\/div>\n        <\/div>\n                <div class=\"elementor-column elementor-col-50 elementor-inner-column elementor-element elementor-element-808516c ct-column-none col-offset-none\" data-id=\"808516c\" data-element_type=\"column\">\n        <div class=\"elementor-widget-wrap elementor-element-populated\">\n                    \n        \t\t<div class=\"elementor-element elementor-element-105c0d0 elementor-widget elementor-widget-ct_text_editor\" data-id=\"105c0d0\" data-element_type=\"widget\" data-widget_type=\"ct_text_editor.default\">\n\t\t\t\t<div class=\"elementor-widget-container\">\n\t\t\t\t\t<div id=\"ct_text_editor-105c0d0\" class=\"ct-text-editor\" data-wow-delay=\"ms\">\n\t<div class=\"ct-inline-css\"  data-css=\"        \t\t\">\n    <\/div>\n\t<div class=\"ct-text-editor elementor-clearfix\">\n\t\t<p>As a app web crawler expert, I help organizations adjust to the expanding significance of internet promoting.<\/p>\t\t\n\t<\/div>\n<\/div>\t\t\t\t<\/div>\n\t\t\t\t<\/div>\n\t\t            <\/div>\n        <\/div>\n                    <\/div>\n        <\/section>\n        \t\t<div class=\"elementor-element elementor-element-3d248fc elementor-widget elementor-widget-ct_blog_carousel\" data-id=\"3d248fc\" data-element_type=\"widget\" data-widget_type=\"ct_blog_carousel.default\">\n\t\t\t\t<div class=\"elementor-widget-container\">\n\t\t\t\t\t<div id=\"ct_blog_carousel-3d248fc\" class=\"ct-blog-carousel-layout2 ct-slick-slider\">\r\n    <div class=\"ct-carousel-inner\">\r\n        <div class=\"ct-inline-css\"  data-css=\"            \">\r\n        <\/div>\r\n        <div class=\"container-custom\">\r\n            <div id=\"append-arrows-ct_blog_carousel-3d248fc\" class=\"append-arrows-custom\"><\/div>\r\n        <\/div>\r\n        <div class=\"ct-slick-carousel slick-shadow\" data-arrows=\"\" data-dots=\"true\" data-pauseonhover=\"true\" data-autoplay=\"false\" data-autoplayspeed=\"5000\" data-infinite=\"true\" data-speed=\"500\" data-dir=\"false\" data-colxs=\"1\" data-colsm=\"1\" data-colmd=\"2\" data-collg=\"2\" data-colxl=\"3\" data-slidestoscroll=\"2\" data-appendarrows=\"#append-arrows-ct_blog_carousel-3d248fc\">\r\n                    <div class=\"carousel-item slick-slide\">\r\n                <div class=\"grid-item-inner\">\r\n                                                    <div class=\"item--featured\">\r\n                                <a href=\"https:\/\/icbt.al\/en\/2025\/06\/03\/10-shenjat-e-depresionit-tek-femijet\/\"><img fetchpriority=\"high\" decoding=\"async\" class=\"\" src=\"https:\/\/icbt.al\/wp-content\/uploads\/2025\/06\/depresion_femijet-scaled-600x600.jpg\" width=\"600\" height=\"600\" alt=\"depresion_femijet\" title=\"depresion_femijet\" \/><\/a>\r\n                            <\/div>\r\n                                            \r\n                    <div class=\"item--body\">\r\n                                                    <a class=\"btn-readmore\" href=\"https:\/\/icbt.al\/en\/2025\/06\/03\/10-shenjat-e-depresionit-tek-femijet\/\">\r\n                                <i class=\"flaticon flaticon-plus\"><\/i>\r\n                            <\/a>\r\n                                                <h3 class=\"item--title\"><a href=\"https:\/\/icbt.al\/en\/2025\/06\/03\/10-shenjat-e-depresionit-tek-femijet\/\">10 shenjat e depresionit tek f\u00ebmij\u00ebt<\/a><\/h3>\r\n                                                    <ul class=\"item--meta\">\r\n                                                                    <li class=\"item--category\">\r\n                                        <i class=\"caseicon-tags\"><\/i>\r\n                                        <a href=\"https:\/\/icbt.al\/en\/category\/shendeti-mendor\/\" rel=\"tag\">Mental health<\/a>                                    <\/li>\r\n                                                                                                    <li class=\"item--comment\">\r\n                                        <a href=\"https:\/\/icbt.al\/en\/blog-carousel\/\">\r\n                                            <i class=\"caseicon-comment-solid\"><\/i>\r\n                                            0 Comments                                        <\/a>\r\n                                    <\/li>\r\n                                                            <\/ul>\r\n                                            <\/div>\r\n                <\/div>\r\n            <\/div>\r\n                    <div class=\"carousel-item slick-slide\">\r\n                <div class=\"grid-item-inner\">\r\n                                                    <div class=\"item--featured\">\r\n                                <a href=\"https:\/\/icbt.al\/en\/2025\/04\/25\/pse-nje-aleance-terapeutike-eshte-e-rendesishme-ne-terapi\/\"><img decoding=\"async\" class=\"\" src=\"https:\/\/icbt.al\/wp-content\/uploads\/2025\/04\/aleanca-terapeutike-600x458.png\" width=\"600\" height=\"458\" alt=\"aleanca terapeutike\" title=\"aleanca terapeutike\" \/><\/a>\r\n                            <\/div>\r\n                                            \r\n                    <div class=\"item--body\">\r\n                                                    <a class=\"btn-readmore\" href=\"https:\/\/icbt.al\/en\/2025\/04\/25\/pse-nje-aleance-terapeutike-eshte-e-rendesishme-ne-terapi\/\">\r\n                                <i class=\"flaticon flaticon-plus\"><\/i>\r\n                            <\/a>\r\n                                                <h3 class=\"item--title\"><a href=\"https:\/\/icbt.al\/en\/2025\/04\/25\/pse-nje-aleance-terapeutike-eshte-e-rendesishme-ne-terapi\/\">Why a Therapeutic Alliance Is Important in Therapy?<\/a><\/h3>\r\n                                                    <ul class=\"item--meta\">\r\n                                                                    <li class=\"item--category\">\r\n                                        <i class=\"caseicon-tags\"><\/i>\r\n                                        <a href=\"https:\/\/icbt.al\/en\/category\/konsulta\/\" rel=\"tag\">Consults<\/a>                                    <\/li>\r\n                                                                                                    <li class=\"item--comment\">\r\n                                        <a href=\"https:\/\/icbt.al\/en\/blog-carousel\/\">\r\n                                            <i class=\"caseicon-comment-solid\"><\/i>\r\n                                            0 Comments                                        <\/a>\r\n                                    <\/li>\r\n                                                            <\/ul>\r\n                                            <\/div>\r\n                <\/div>\r\n            <\/div>\r\n                    <div class=\"carousel-item slick-slide\">\r\n                <div class=\"grid-item-inner\">\r\n                                                    <div class=\"item--featured\">\r\n                                <a href=\"https:\/\/icbt.al\/en\/2025\/04\/02\/ndihmoni-femijen-tuaj-me-autizem-te-lulezoje\/\"><img decoding=\"async\" class=\"\" src=\"https:\/\/icbt.al\/wp-content\/uploads\/2025\/04\/autizmi-600x600.jpg\" width=\"600\" height=\"600\" alt=\"autizmi\" title=\"autizmi\" \/><\/a>\r\n                            <\/div>\r\n                                            \r\n                    <div class=\"item--body\">\r\n                                                    <a class=\"btn-readmore\" href=\"https:\/\/icbt.al\/en\/2025\/04\/02\/ndihmoni-femijen-tuaj-me-autizem-te-lulezoje\/\">\r\n                                <i class=\"flaticon flaticon-plus\"><\/i>\r\n                            <\/a>\r\n                                                <h3 class=\"item--title\"><a href=\"https:\/\/icbt.al\/en\/2025\/04\/02\/ndihmoni-femijen-tuaj-me-autizem-te-lulezoje\/\">Ndihmoni f\u00ebmij\u00ebn tuaj me autiz\u00ebm t\u00eb lul\u00ebzoj\u00eb<\/a><\/h3>\r\n                                                    <ul class=\"item--meta\">\r\n                                                                    <li class=\"item--category\">\r\n                                        <i class=\"caseicon-tags\"><\/i>\r\n                                        <a href=\"https:\/\/icbt.al\/en\/category\/sherbime-terapeutike\/\" rel=\"tag\">Sherbime terapeutike<\/a>                                    <\/li>\r\n                                                                                                    <li class=\"item--comment\">\r\n                                        <a href=\"https:\/\/icbt.al\/en\/blog-carousel\/\">\r\n                                            <i class=\"caseicon-comment-solid\"><\/i>\r\n                                            0 Comments                                        <\/a>\r\n                                    <\/li>\r\n                                                            <\/ul>\r\n                                            <\/div>\r\n                <\/div>\r\n            <\/div>\r\n                    <div class=\"carousel-item slick-slide\">\r\n                <div class=\"grid-item-inner\">\r\n                                                    <div class=\"item--featured\">\r\n                                <a href=\"https:\/\/icbt.al\/en\/2025\/03\/20\/rendesia-e-gjumit-ne-jeten-tone\/\"><img loading=\"lazy\" decoding=\"async\" class=\"\" src=\"https:\/\/icbt.al\/wp-content\/uploads\/2025\/03\/man-struggling-to-sleep-600x600.jpg\" width=\"600\" height=\"600\" alt=\"man-struggling-to-sleep\" title=\"man-struggling-to-sleep\" \/><\/a>\r\n                            <\/div>\r\n                                            \r\n                    <div class=\"item--body\">\r\n                                                    <a class=\"btn-readmore\" href=\"https:\/\/icbt.al\/en\/2025\/03\/20\/rendesia-e-gjumit-ne-jeten-tone\/\">\r\n                                <i class=\"flaticon flaticon-plus\"><\/i>\r\n                            <\/a>\r\n                                                <h3 class=\"item--title\"><a href=\"https:\/\/icbt.al\/en\/2025\/03\/20\/rendesia-e-gjumit-ne-jeten-tone\/\">Awareness over the importance of sleep in our daily life.<\/a><\/h3>\r\n                                                    <ul class=\"item--meta\">\r\n                                                                    <li class=\"item--category\">\r\n                                        <i class=\"caseicon-tags\"><\/i>\r\n                                        <a href=\"https:\/\/icbt.al\/en\/category\/konsulta\/\" rel=\"tag\">Consults<\/a>                                    <\/li>\r\n                                                                                                    <li class=\"item--comment\">\r\n                                        <a href=\"https:\/\/icbt.al\/en\/blog-carousel\/\">\r\n                                            <i class=\"caseicon-comment-solid\"><\/i>\r\n                                            0 Comments                                        <\/a>\r\n                                    <\/li>\r\n                                                            <\/ul>\r\n                                            <\/div>\r\n                <\/div>\r\n            <\/div>\r\n                    <div class=\"carousel-item slick-slide\">\r\n                <div class=\"grid-item-inner\">\r\n                                                    <div class=\"item--featured\">\r\n                                <a href=\"https:\/\/icbt.al\/en\/2025\/03\/05\/si-te-menaxhoni-ankthin-tani\/\"><img loading=\"lazy\" decoding=\"async\" class=\"\" src=\"https:\/\/icbt.al\/wp-content\/uploads\/2025\/03\/menaxhimi_ankthit-scaled-600x600.jpg\" width=\"600\" height=\"600\" alt=\"menaxhimi_ankthit\" title=\"menaxhimi_ankthit\" \/><\/a>\r\n                            <\/div>\r\n                                            \r\n                    <div class=\"item--body\">\r\n                                                    <a class=\"btn-readmore\" href=\"https:\/\/icbt.al\/en\/2025\/03\/05\/si-te-menaxhoni-ankthin-tani\/\">\r\n                                <i class=\"flaticon flaticon-plus\"><\/i>\r\n                            <\/a>\r\n                                                <h3 class=\"item--title\"><a href=\"https:\/\/icbt.al\/en\/2025\/03\/05\/si-te-menaxhoni-ankthin-tani\/\">Si t\u00eb menaxhoni ankthin tani?<\/a><\/h3>\r\n                                                    <ul class=\"item--meta\">\r\n                                                                    <li class=\"item--category\">\r\n                                        <i class=\"caseicon-tags\"><\/i>\r\n                                        <a href=\"https:\/\/icbt.al\/en\/category\/konsulta\/\" rel=\"tag\">Consults<\/a> <a href=\"https:\/\/icbt.al\/en\/category\/psikoterapi\/\" rel=\"tag\">Psychotherapy<\/a>                                    <\/li>\r\n                                                                                                    <li class=\"item--comment\">\r\n                                        <a href=\"https:\/\/icbt.al\/en\/blog-carousel\/\">\r\n                                            <i class=\"caseicon-comment-solid\"><\/i>\r\n                                            0 Comments                                        <\/a>\r\n                                    <\/li>\r\n                                                            <\/ul>\r\n                                            <\/div>\r\n                <\/div>\r\n            <\/div>\r\n                    <div class=\"carousel-item slick-slide\">\r\n                <div class=\"grid-item-inner\">\r\n                                                    <div class=\"item--featured\">\r\n                                <a href=\"https:\/\/icbt.al\/en\/2024\/04\/22\/kur-mindfulness-mund-te-te-beje-keq\/\"><img loading=\"lazy\" decoding=\"async\" class=\"\" src=\"https:\/\/icbt.al\/wp-content\/uploads\/2024\/04\/mindfulnes-foto-600x562.jpg\" width=\"600\" height=\"562\" alt=\"mindfulnes-foto\" title=\"mindfulnes-foto\" \/><\/a>\r\n                            <\/div>\r\n                                            \r\n                    <div class=\"item--body\">\r\n                                                    <a class=\"btn-readmore\" href=\"https:\/\/icbt.al\/en\/2024\/04\/22\/kur-mindfulness-mund-te-te-beje-keq\/\">\r\n                                <i class=\"flaticon flaticon-plus\"><\/i>\r\n                            <\/a>\r\n                                                <h3 class=\"item--title\"><a href=\"https:\/\/icbt.al\/en\/2024\/04\/22\/kur-mindfulness-mund-te-te-beje-keq\/\">When Mindfulness can have negative effects...<\/a><\/h3>\r\n                                                    <ul class=\"item--meta\">\r\n                                                                    <li class=\"item--category\">\r\n                                        <i class=\"caseicon-tags\"><\/i>\r\n                                        <a href=\"https:\/\/icbt.al\/en\/category\/konsulta\/\" rel=\"tag\">Consults<\/a>                                    <\/li>\r\n                                                                                                    <li class=\"item--comment\">\r\n                                        <a href=\"https:\/\/icbt.al\/en\/blog-carousel\/\">\r\n                                            <i class=\"caseicon-comment-solid\"><\/i>\r\n                                            0 Comments                                        <\/a>\r\n                                    <\/li>\r\n                                                            <\/ul>\r\n                                            <\/div>\r\n                <\/div>\r\n            <\/div>\r\n                <\/div>\r\n    <\/div>\r\n<\/div>\r\n\t\t\t\t<\/div>\n\t\t\t\t<\/div>\n\t\t            <\/div>\n        <\/div>\n                    <\/div>\n        <\/section>\n        \t\t<\/div>","protected":false},"excerpt":{"rendered":"<p>Fetaured Blog Learn about our latest news from blog. As a app web crawler expert, I help organizations adjust to the expanding significance of internet promoting. Maybe you should talk to someone Couple Problem 0 Comments The Most Fascinating Experience To.. Guardianship 1 Comment Post Pandemic Impact on Child Health Couple Problem 1 Comment Treatments [&hellip;]<\/p>","protected":false},"author":1,"featured_media":0,"parent":0,"menu_order":0,"comment_status":"closed","ping_status":"closed","template":"","meta":{"footnotes":""},"class_list":["post-558","page","type-page","status-publish","hentry"],"aioseo_notices":[],"_links":{"self":[{"href":"https:\/\/icbt.al\/en\/wp-json\/wp\/v2\/pages\/558","targetHints":{"allow":["GET"]}}],"collection":[{"href":"https:\/\/icbt.al\/en\/wp-json\/wp\/v2\/pages"}],"about":[{"href":"https:\/\/icbt.al\/en\/wp-json\/wp\/v2\/types\/page"}],"author":[{"embeddable":true,"href":"https:\/\/icbt.al\/en\/wp-json\/wp\/v2\/users\/1"}],"replies":[{"embeddable":true,"href":"https:\/\/icbt.al\/en\/wp-json\/wp\/v2\/comments?post=558"}],"version-history":[{"count":0,"href":"https:\/\/icbt.al\/en\/wp-json\/wp\/v2\/pages\/558\/revisions"}],"wp:attachment":[{"href":"https:\/\/icbt.al\/en\/wp-json\/wp\/v2\/media?parent=558"}],"curies":[{"name":"wp","href":"https:\/\/api.w.org\/{rel}","templated":true}]}}