{"id":32,"date":"2022-01-22T15:12:15","date_gmt":"2022-01-22T15:12:15","guid":{"rendered":"https:\/\/demo.casethemes.net\/mindset\/?page_id=32"},"modified":"2024-08-31T10:59:09","modified_gmt":"2024-08-31T10:59:09","slug":"blog-2","status":"publish","type":"page","link":"https:\/\/icbt.al\/en\/blog-2\/","title":{"rendered":"Blog"},"content":{"rendered":"<div data-elementor-type=\"wp-page\" data-elementor-id=\"32\" class=\"elementor elementor-32\">\n\t\t\t\t        <section class=\"elementor-section elementor-top-section elementor-element elementor-element-c490886 elementor-section-boxed elementor-section-height-default elementor-section-height-default ct-header-fixed-none ct-column-none ct-row-scroll-none ct-row-gradient--none ct-row-container--default\" data-id=\"c490886\" data-element_type=\"section\">\n            \n                        <div class=\"elementor-container elementor-column-gap-extended\">\n                    <div class=\"elementor-column elementor-col-100 elementor-top-column elementor-element elementor-element-d4cd8ea ct-column-none col-offset-none\" data-id=\"d4cd8ea\" data-element_type=\"column\">\n        <div class=\"elementor-widget-wrap elementor-element-populated\">\n                    \n        \t\t<div class=\"elementor-element elementor-element-4305c74 elementor-widget elementor-widget-ct_blog_grid\" data-id=\"4305c74\" data-element_type=\"widget\" data-widget_type=\"ct_blog_grid.default\">\n\t\t\t\t<div class=\"elementor-widget-container\">\n\t\t\t\t\t\r\n<div id=\"ct_blog_grid-4305c74\" class=\"ct-grid ct-blog-grid ct-blog-grid-layout2\" data-layout=\"masonry\" data-start-page=\"1\" data-max-pages=\"4\" data-total=\"20\" data-perpage=\"6\" data-next-link=\"https:\/\/icbt.al\/en\/wp-json\/wp\/v2\/pages\/32\/page\/2\/\">\r\n    <div class=\"ct-grid-overlay\"><\/div>\r\n    \r\n    <div class=\"ct-grid-inner ct-grid-masonry row animate-time\" data-gutter=\"15\">\r\n                            <div class=\"grid-item col-xl-4 col-lg-4 col-md-6 col-sm-6 col-12 shendeti-mendor\">\r\n                        <div class=\"grid-item-inner\" data-wow-duration=\"1.2s\">\r\n                                                            <div class=\"item--featured\">\r\n                                    <a href=\"https:\/\/icbt.al\/en\/2025\/06\/03\/10-shenjat-e-depresionit-tek-femijet\/\"><img fetchpriority=\"high\" decoding=\"async\" class=\"\" src=\"https:\/\/icbt.al\/wp-content\/uploads\/2025\/06\/depresion_femijet-scaled-500x425.jpg\" width=\"500\" height=\"425\" alt=\"depresion_femijet\" title=\"depresion_femijet\" \/><\/a>\r\n                                <\/div>\r\n                                                        <div class=\"item--body\">\r\n                                                                    <a class=\"btn-readmore\" href=\"https:\/\/icbt.al\/en\/2025\/06\/03\/10-shenjat-e-depresionit-tek-femijet\/\">\r\n                                        <i class=\"flaticon flaticon-plus\"><\/i>\r\n                                    <\/a>\r\n                                                                <h3 class=\"item--title\"><a href=\"https:\/\/icbt.al\/en\/2025\/06\/03\/10-shenjat-e-depresionit-tek-femijet\/\">10 shenjat e depresionit tek f\u00ebmij\u00ebt<\/a><\/h3>\r\n                                                                    <ul class=\"item--meta\">\r\n                                                                                    <li class=\"item--category\">\r\n                                                <i class=\"caseicon-tags\"><\/i>\r\n                                                <a href=\"https:\/\/icbt.al\/en\/category\/shendeti-mendor\/\" rel=\"tag\">Mental health<\/a>                                            <\/li>\r\n                                                                                                                            <li class=\"item--comment\">\r\n                                                <a href=\"https:\/\/icbt.al\/en\/blog-2\/\">\r\n                                                    <i class=\"caseicon-comment-solid\"><\/i>\r\n                                                    0 Comments                                                <\/a>\r\n                                            <\/li>\r\n                                                                            <\/ul>\r\n                                                            <\/div>\r\n                        <\/div>\r\n                    <\/div>\r\n                                    <div class=\"grid-item col-xl-4 col-lg-4 col-md-6 col-sm-6 col-12 konsulta\">\r\n                        <div class=\"grid-item-inner\" data-wow-duration=\"1.2s\">\r\n                                                            <div class=\"item--featured\">\r\n                                    <a href=\"https:\/\/icbt.al\/en\/2025\/04\/25\/pse-nje-aleance-terapeutike-eshte-e-rendesishme-ne-terapi\/\"><img decoding=\"async\" class=\"\" src=\"https:\/\/icbt.al\/wp-content\/uploads\/2025\/04\/aleanca-terapeutike-500x425.png\" width=\"500\" height=\"425\" alt=\"aleanca terapeutike\" title=\"aleanca terapeutike\" \/><\/a>\r\n                                <\/div>\r\n                                                        <div class=\"item--body\">\r\n                                                                    <a class=\"btn-readmore\" href=\"https:\/\/icbt.al\/en\/2025\/04\/25\/pse-nje-aleance-terapeutike-eshte-e-rendesishme-ne-terapi\/\">\r\n                                        <i class=\"flaticon flaticon-plus\"><\/i>\r\n                                    <\/a>\r\n                                                                <h3 class=\"item--title\"><a href=\"https:\/\/icbt.al\/en\/2025\/04\/25\/pse-nje-aleance-terapeutike-eshte-e-rendesishme-ne-terapi\/\">Why a Therapeutic Alliance Is Important in Therapy?<\/a><\/h3>\r\n                                                                    <ul class=\"item--meta\">\r\n                                                                                    <li class=\"item--category\">\r\n                                                <i class=\"caseicon-tags\"><\/i>\r\n                                                <a href=\"https:\/\/icbt.al\/en\/category\/konsulta\/\" rel=\"tag\">Consults<\/a>                                            <\/li>\r\n                                                                                                                            <li class=\"item--comment\">\r\n                                                <a href=\"https:\/\/icbt.al\/en\/blog-2\/\">\r\n                                                    <i class=\"caseicon-comment-solid\"><\/i>\r\n                                                    0 Comments                                                <\/a>\r\n                                            <\/li>\r\n                                                                            <\/ul>\r\n                                                            <\/div>\r\n                        <\/div>\r\n                    <\/div>\r\n                                    <div class=\"grid-item col-xl-4 col-lg-4 col-md-6 col-sm-6 col-12 sherbime-terapeutike\">\r\n                        <div class=\"grid-item-inner\" data-wow-duration=\"1.2s\">\r\n                                                            <div class=\"item--featured\">\r\n                                    <a href=\"https:\/\/icbt.al\/en\/2025\/04\/02\/ndihmoni-femijen-tuaj-me-autizem-te-lulezoje\/\"><img decoding=\"async\" class=\"\" src=\"https:\/\/icbt.al\/wp-content\/uploads\/2025\/04\/autizmi-500x425.jpg\" width=\"500\" height=\"425\" alt=\"autizmi\" title=\"autizmi\" \/><\/a>\r\n                                <\/div>\r\n                                                        <div class=\"item--body\">\r\n                                                                    <a class=\"btn-readmore\" href=\"https:\/\/icbt.al\/en\/2025\/04\/02\/ndihmoni-femijen-tuaj-me-autizem-te-lulezoje\/\">\r\n                                        <i class=\"flaticon flaticon-plus\"><\/i>\r\n                                    <\/a>\r\n                                                                <h3 class=\"item--title\"><a href=\"https:\/\/icbt.al\/en\/2025\/04\/02\/ndihmoni-femijen-tuaj-me-autizem-te-lulezoje\/\">Ndihmoni f\u00ebmij\u00ebn tuaj me autiz\u00ebm t\u00eb lul\u00ebzoj\u00eb<\/a><\/h3>\r\n                                                                    <ul class=\"item--meta\">\r\n                                                                                    <li class=\"item--category\">\r\n                                                <i class=\"caseicon-tags\"><\/i>\r\n                                                <a href=\"https:\/\/icbt.al\/en\/category\/sherbime-terapeutike\/\" rel=\"tag\">Sherbime terapeutike<\/a>                                            <\/li>\r\n                                                                                                                            <li class=\"item--comment\">\r\n                                                <a href=\"https:\/\/icbt.al\/en\/blog-2\/\">\r\n                                                    <i class=\"caseicon-comment-solid\"><\/i>\r\n                                                    0 Comments                                                <\/a>\r\n                                            <\/li>\r\n                                                                            <\/ul>\r\n                                                            <\/div>\r\n                        <\/div>\r\n                    <\/div>\r\n                                    <div class=\"grid-item col-xl-4 col-lg-4 col-md-6 col-sm-6 col-12 konsulta\">\r\n                        <div class=\"grid-item-inner\" data-wow-duration=\"1.2s\">\r\n                                                            <div class=\"item--featured\">\r\n                                    <a href=\"https:\/\/icbt.al\/en\/2025\/03\/20\/rendesia-e-gjumit-ne-jeten-tone\/\"><img loading=\"lazy\" decoding=\"async\" class=\"\" src=\"https:\/\/icbt.al\/wp-content\/uploads\/2025\/03\/man-struggling-to-sleep-500x425.jpg\" width=\"500\" height=\"425\" alt=\"man-struggling-to-sleep\" title=\"man-struggling-to-sleep\" \/><\/a>\r\n                                <\/div>\r\n                                                        <div class=\"item--body\">\r\n                                                                    <a class=\"btn-readmore\" href=\"https:\/\/icbt.al\/en\/2025\/03\/20\/rendesia-e-gjumit-ne-jeten-tone\/\">\r\n                                        <i class=\"flaticon flaticon-plus\"><\/i>\r\n                                    <\/a>\r\n                                                                <h3 class=\"item--title\"><a href=\"https:\/\/icbt.al\/en\/2025\/03\/20\/rendesia-e-gjumit-ne-jeten-tone\/\">Awareness over the importance of sleep in our daily life.<\/a><\/h3>\r\n                                                                    <ul class=\"item--meta\">\r\n                                                                                    <li class=\"item--category\">\r\n                                                <i class=\"caseicon-tags\"><\/i>\r\n                                                <a href=\"https:\/\/icbt.al\/en\/category\/konsulta\/\" rel=\"tag\">Consults<\/a>                                            <\/li>\r\n                                                                                                                            <li class=\"item--comment\">\r\n                                                <a href=\"https:\/\/icbt.al\/en\/blog-2\/\">\r\n                                                    <i class=\"caseicon-comment-solid\"><\/i>\r\n                                                    0 Comments                                                <\/a>\r\n                                            <\/li>\r\n                                                                            <\/ul>\r\n                                                            <\/div>\r\n                        <\/div>\r\n                    <\/div>\r\n                                    <div class=\"grid-item col-xl-4 col-lg-4 col-md-6 col-sm-6 col-12 konsulta psikoterapi\">\r\n                        <div class=\"grid-item-inner\" data-wow-duration=\"1.2s\">\r\n                                                            <div class=\"item--featured\">\r\n                                    <a href=\"https:\/\/icbt.al\/en\/2025\/03\/05\/si-te-menaxhoni-ankthin-tani\/\"><img loading=\"lazy\" decoding=\"async\" class=\"\" src=\"https:\/\/icbt.al\/wp-content\/uploads\/2025\/03\/menaxhimi_ankthit-scaled-500x425.jpg\" width=\"500\" height=\"425\" alt=\"menaxhimi_ankthit\" title=\"menaxhimi_ankthit\" \/><\/a>\r\n                                <\/div>\r\n                                                        <div class=\"item--body\">\r\n                                                                    <a class=\"btn-readmore\" href=\"https:\/\/icbt.al\/en\/2025\/03\/05\/si-te-menaxhoni-ankthin-tani\/\">\r\n                                        <i class=\"flaticon flaticon-plus\"><\/i>\r\n                                    <\/a>\r\n                                                                <h3 class=\"item--title\"><a href=\"https:\/\/icbt.al\/en\/2025\/03\/05\/si-te-menaxhoni-ankthin-tani\/\">Si t\u00eb menaxhoni ankthin tani?<\/a><\/h3>\r\n                                                                    <ul class=\"item--meta\">\r\n                                                                                    <li class=\"item--category\">\r\n                                                <i class=\"caseicon-tags\"><\/i>\r\n                                                <a href=\"https:\/\/icbt.al\/en\/category\/konsulta\/\" rel=\"tag\">Consults<\/a> <a href=\"https:\/\/icbt.al\/en\/category\/psikoterapi\/\" rel=\"tag\">Psychotherapy<\/a>                                            <\/li>\r\n                                                                                                                            <li class=\"item--comment\">\r\n                                                <a href=\"https:\/\/icbt.al\/en\/blog-2\/\">\r\n                                                    <i class=\"caseicon-comment-solid\"><\/i>\r\n                                                    0 Comments                                                <\/a>\r\n                                            <\/li>\r\n                                                                            <\/ul>\r\n                                                            <\/div>\r\n                        <\/div>\r\n                    <\/div>\r\n                                    <div class=\"grid-item col-xl-4 col-lg-4 col-md-6 col-sm-6 col-12 konsulta\">\r\n                        <div class=\"grid-item-inner\" data-wow-duration=\"1.2s\">\r\n                                                            <div class=\"item--featured\">\r\n                                    <a href=\"https:\/\/icbt.al\/en\/2024\/04\/22\/kur-mindfulness-mund-te-te-beje-keq\/\"><img loading=\"lazy\" decoding=\"async\" class=\"\" src=\"https:\/\/icbt.al\/wp-content\/uploads\/2024\/04\/mindfulnes-foto-500x425.jpg\" width=\"500\" height=\"425\" alt=\"mindfulnes-foto\" title=\"mindfulnes-foto\" \/><\/a>\r\n                                <\/div>\r\n                                                        <div class=\"item--body\">\r\n                                                                    <a class=\"btn-readmore\" href=\"https:\/\/icbt.al\/en\/2024\/04\/22\/kur-mindfulness-mund-te-te-beje-keq\/\">\r\n                                        <i class=\"flaticon flaticon-plus\"><\/i>\r\n                                    <\/a>\r\n                                                                <h3 class=\"item--title\"><a href=\"https:\/\/icbt.al\/en\/2024\/04\/22\/kur-mindfulness-mund-te-te-beje-keq\/\">When Mindfulness can have negative effects...<\/a><\/h3>\r\n                                                                    <ul class=\"item--meta\">\r\n                                                                                    <li class=\"item--category\">\r\n                                                <i class=\"caseicon-tags\"><\/i>\r\n                                                <a href=\"https:\/\/icbt.al\/en\/category\/konsulta\/\" rel=\"tag\">Consults<\/a>                                            <\/li>\r\n                                                                                                                            <li class=\"item--comment\">\r\n                                                <a href=\"https:\/\/icbt.al\/en\/blog-2\/\">\r\n                                                    <i class=\"caseicon-comment-solid\"><\/i>\r\n                                                    0 Comments                                                <\/a>\r\n                                            <\/li>\r\n                                                                            <\/ul>\r\n                                                            <\/div>\r\n                        <\/div>\r\n                    <\/div>\r\n                                    <div class=\"grid-sizer col-xl-4 col-lg-4 col-md-6 col-sm-6 col-12\"><\/div>\r\n            <\/div>\r\n            <div class=\"ct-grid-pagination\" data-loadmore=\"{&quot;startPage&quot;:1,&quot;maxPages&quot;:4,&quot;total&quot;:20,&quot;perpage&quot;:6,&quot;nextLink&quot;:&quot;https:\\\/\\\/icbt.al\\\/en\\\/wp-json\\\/wp\\\/v2\\\/pages\\\/32\\\/page\\\/2\\\/&quot;,&quot;source&quot;:&quot;&quot;,&quot;orderby&quot;:&quot;date&quot;,&quot;order&quot;:&quot;desc&quot;,&quot;limit&quot;:6,&quot;post_ids&quot;:&quot;&quot;,&quot;col_xl&quot;:4,&quot;col_lg&quot;:4,&quot;col_md&quot;:6,&quot;col_sm&quot;:6,&quot;col_xs&quot;:12,&quot;pagination_type&quot;:&quot;pagination&quot;,&quot;show_category&quot;:&quot;true&quot;,&quot;show_comment&quot;:&quot;true&quot;,&quot;show_button&quot;:&quot;true&quot;,&quot;button_text&quot;:&quot;&quot;,&quot;show_excerpt&quot;:&quot;true&quot;,&quot;num_words&quot;:15,&quot;img_size&quot;:&quot;&quot;,&quot;grid_masonry&quot;:&quot;&quot;,&quot;ct_animate&quot;:&quot;&quot;,&quot;template_type&quot;:&quot;post_grid_layout2&quot;,&quot;tax&quot;:[&quot;category&quot;]}\" data-query=\"{&quot;post_type&quot;:&quot;post&quot;,&quot;post_status&quot;:&quot;publish&quot;,&quot;posts_per_page&quot;:6,&quot;order&quot;:&quot;desc&quot;,&quot;orderby&quot;:&quot;date&quot;,&quot;tax_query&quot;:{&quot;relation&quot;:&quot;OR&quot;},&quot;post__not_in&quot;:[32]}\">\r\n                <nav class=\"ct-posts-pagination ajax\">\r\n        <div class=\"posts-page-links\">\r\n            <span aria-label=\"Page 1\" aria-current=\"page\" class=\"page-numbers current\" data-no-translation-aria-label=\"\">1<\/span>\n<a aria-label=\"Page 2\" class=\"page-numbers\" href=\"#2\" data-no-translation-aria-label=\"\">2<\/a>\n<span class=\"page-numbers dots\">&hellip;<\/span>\n<a aria-label=\"Page 4\" class=\"page-numbers\" href=\"#4\" data-no-translation-aria-label=\"\">4<\/a>\n<a class=\"next page-numbers\" href=\"#2\"><i class=\"caseicon-angle-arrow-right\"><\/i><\/a>        <\/div>\r\n    <\/nav>\r\n            <\/div>\r\n        <\/div>\t\t\t\t<\/div>\n\t\t\t\t<\/div>\n\t\t            <\/div>\n        <\/div>\n                    <\/div>\n        <\/section>\n        \t\t<\/div>","protected":false},"excerpt":{"rendered":"<p>Maybe you should talk to someone Couple Problem 0 Comments The Most Fascinating Experience To.. Guardianship 1 Comment Post Pandemic Impact on Child Health Couple Problem 1 Comment Treatments Using Latest Tech In Neurology Daily Tips 1 Comment Tips From Neuro Surgeon In Your City Daily Tips 0 Comments 5 Fun Activities To Improve your [&hellip;]<\/p>","protected":false},"author":1,"featured_media":0,"parent":0,"menu_order":0,"comment_status":"closed","ping_status":"closed","template":"","meta":{"footnotes":""},"class_list":["post-32","page","type-page","status-publish","hentry"],"aioseo_notices":[],"_links":{"self":[{"href":"https:\/\/icbt.al\/en\/wp-json\/wp\/v2\/pages\/32","targetHints":{"allow":["GET"]}}],"collection":[{"href":"https:\/\/icbt.al\/en\/wp-json\/wp\/v2\/pages"}],"about":[{"href":"https:\/\/icbt.al\/en\/wp-json\/wp\/v2\/types\/page"}],"author":[{"embeddable":true,"href":"https:\/\/icbt.al\/en\/wp-json\/wp\/v2\/users\/1"}],"replies":[{"embeddable":true,"href":"https:\/\/icbt.al\/en\/wp-json\/wp\/v2\/comments?post=32"}],"version-history":[{"count":1,"href":"https:\/\/icbt.al\/en\/wp-json\/wp\/v2\/pages\/32\/revisions"}],"predecessor-version":[{"id":8766,"href":"https:\/\/icbt.al\/en\/wp-json\/wp\/v2\/pages\/32\/revisions\/8766"}],"wp:attachment":[{"href":"https:\/\/icbt.al\/en\/wp-json\/wp\/v2\/media?parent=32"}],"curies":[{"name":"wp","href":"https:\/\/api.w.org\/{rel}","templated":true}]}}