{"id":1179,"date":"2022-02-26T04:05:37","date_gmt":"2022-02-26T04:05:37","guid":{"rendered":"https:\/\/demo.casethemes.net\/mindset\/?page_id=1179"},"modified":"2024-04-22T15:35:23","modified_gmt":"2024-04-22T15:35:23","slug":"services","status":"publish","type":"page","link":"https:\/\/icbt.al\/en\/services\/","title":{"rendered":"Services"},"content":{"rendered":"<div data-elementor-type=\"wp-page\" data-elementor-id=\"1179\" class=\"elementor elementor-1179\">\n\t\t\t\t        <section class=\"elementor-section elementor-top-section elementor-element elementor-element-b0cd3b7 elementor-section-stretched elementor-section-full_width elementor-section-height-default elementor-section-height-default ct-header-fixed-none ct-column-none ct-row-scroll-none ct-row-gradient--none ct-row-container--default\" data-id=\"b0cd3b7\" data-element_type=\"section\" data-settings=\"{&quot;stretch_section&quot;:&quot;section-stretched&quot;}\">\n            \n                        <div class=\"elementor-container elementor-column-gap-no\">\n                    <div class=\"elementor-column elementor-col-100 elementor-top-column elementor-element elementor-element-b3f80f9 ct-column-none col-offset-none\" data-id=\"b3f80f9\" data-element_type=\"column\">\n        <div class=\"elementor-widget-wrap elementor-element-populated\">\n                    \n        \t\t<div class=\"elementor-element elementor-element-b32a8a4 elementor-widget elementor-widget-ct_service_grid\" data-id=\"b32a8a4\" data-element_type=\"widget\" data-widget_type=\"ct_service_grid.default\">\n\t\t\t\t<div class=\"elementor-widget-container\">\n\t\t\t\t\t\r\n<div id=\"ct_service_grid-b32a8a4\" class=\"ct-grid ct-service-grid3\" data-layout=\"masonry\" data-start-page=\"1\" data-max-pages=\"1\" data-total=\"12\" data-perpage=\"20\" data-next-link=\"\">\r\n    \r\n    <div class=\"ct-grid-inner ct-grid-masonry row animate-time\" data-gutter=\"15\">\r\n                            <div class=\"grid-item col-xl-3 col-lg-3 col-md-4 col-sm-6 col-12 psikoterapi\">\r\n                        <div class=\"grid-item-inner\" data-wow-duration=\"1.2s\"> \r\n                                                        <div class=\"item--featured\">\r\n                                <div class=\"item--image\" style=\"background-image: url(https:\/\/icbt.al\/wp-content\/uploads\/2024\/05\/postpartum.jpg);\"><\/div>\r\n                                                                                            <\/div>\r\n                            <div class=\"item--body\">\r\n                                                                    <h3 class=\"item--title\">\r\n                                        <a href=\"https:\/\/icbt.al\/en\/service\/postpartum\/\">\r\n                                            Postpartum                                        <\/a>\r\n                                    <\/h3>\r\n                                                                                            <\/div>\r\n                        <\/div>\r\n                    <\/div>\r\n                                    <div class=\"grid-item col-xl-3 col-lg-3 col-md-4 col-sm-6 col-12 sherbime-terapeutike\">\r\n                        <div class=\"grid-item-inner\" data-wow-duration=\"1.2s\"> \r\n                                                        <div class=\"item--featured\">\r\n                                <div class=\"item--image\" style=\"background-image: url(https:\/\/icbt.al\/wp-content\/uploads\/2024\/04\/ICBT-Terapi-per-femije.png);\"><\/div>\r\n                                                                                            <\/div>\r\n                            <div class=\"item--body\">\r\n                                                                    <h3 class=\"item--title\">\r\n                                        <a href=\"https:\/\/icbt.al\/en\/service\/terapi-per-femije\/\">\r\n                                            Therapy for children                                        <\/a>\r\n                                    <\/h3>\r\n                                                                                            <\/div>\r\n                        <\/div>\r\n                    <\/div>\r\n                                    <div class=\"grid-item col-xl-3 col-lg-3 col-md-4 col-sm-6 col-12 sherbime-terapeutike\">\r\n                        <div class=\"grid-item-inner\" data-wow-duration=\"1.2s\"> \r\n                                                        <div class=\"item--featured\">\r\n                                <div class=\"item--image\" style=\"background-image: url(https:\/\/icbt.al\/wp-content\/uploads\/2024\/04\/icbt-group-therapy.jpg);\"><\/div>\r\n                                                                                            <\/div>\r\n                            <div class=\"item--body\">\r\n                                                                    <h3 class=\"item--title\">\r\n                                        <a href=\"https:\/\/icbt.al\/en\/service\/terapi-ne-grup-2\/\">\r\n                                            Group Therapy                                        <\/a>\r\n                                    <\/h3>\r\n                                                                                            <\/div>\r\n                        <\/div>\r\n                    <\/div>\r\n                                    <div class=\"grid-item col-xl-3 col-lg-3 col-md-4 col-sm-6 col-12 vleresime\">\r\n                        <div class=\"grid-item-inner\" data-wow-duration=\"1.2s\"> \r\n                                                        <div class=\"item--featured\">\r\n                                <div class=\"item--image\" style=\"background-image: url(https:\/\/icbt.al\/wp-content\/uploads\/2024\/04\/icbt-vleresim-psikologjik.jpg);\"><\/div>\r\n                                                                                            <\/div>\r\n                            <div class=\"item--body\">\r\n                                                                    <h3 class=\"item--title\">\r\n                                        <a href=\"https:\/\/icbt.al\/en\/service\/vleresim-psikologjik\/\">\r\n                                            Psychological Assessment                                        <\/a>\r\n                                    <\/h3>\r\n                                                                                            <\/div>\r\n                        <\/div>\r\n                    <\/div>\r\n                                    <div class=\"grid-item col-xl-3 col-lg-3 col-md-4 col-sm-6 col-12 vleresime\">\r\n                        <div class=\"grid-item-inner\" data-wow-duration=\"1.2s\"> \r\n                                                        <div class=\"item--featured\">\r\n                                <div class=\"item--image\" style=\"background-image: url(https:\/\/icbt.al\/wp-content\/uploads\/2024\/04\/icbt-vlersim-zhvillimi.jpg);\"><\/div>\r\n                                                                                            <\/div>\r\n                            <div class=\"item--body\">\r\n                                                                    <h3 class=\"item--title\">\r\n                                        <a href=\"https:\/\/icbt.al\/en\/service\/vleresim-i-zhvillimit\/\">\r\n                                            Development Assessment                                        <\/a>\r\n                                    <\/h3>\r\n                                                                                            <\/div>\r\n                        <\/div>\r\n                    <\/div>\r\n                                    <div class=\"grid-item col-xl-3 col-lg-3 col-md-4 col-sm-6 col-12 psikoterapi\">\r\n                        <div class=\"grid-item-inner\" data-wow-duration=\"1.2s\"> \r\n                                                        <div class=\"item--featured\">\r\n                                <div class=\"item--image\" style=\"background-image: url(https:\/\/icbt.al\/wp-content\/uploads\/2024\/04\/ICBT-Crregullime-nga-substancat-scaled.jpg);\"><\/div>\r\n                                                                                            <\/div>\r\n                            <div class=\"item--body\">\r\n                                                                    <h3 class=\"item--title\">\r\n                                        <a href=\"https:\/\/icbt.al\/en\/service\/probleme-te-abuzimit-me-substanca\/\">\r\n                                            Substance abuse problems                                        <\/a>\r\n                                    <\/h3>\r\n                                                                                            <\/div>\r\n                        <\/div>\r\n                    <\/div>\r\n                                    <div class=\"grid-item col-xl-3 col-lg-3 col-md-4 col-sm-6 col-12 psikoterapi\">\r\n                        <div class=\"grid-item-inner\" data-wow-duration=\"1.2s\"> \r\n                                                        <div class=\"item--featured\">\r\n                                <div class=\"item--image\" style=\"background-image: url(https:\/\/icbt.al\/wp-content\/uploads\/2024\/04\/ICBT-skizofrenia.jpg);\"><\/div>\r\n                                                                                            <\/div>\r\n                            <div class=\"item--body\">\r\n                                                                    <h3 class=\"item--title\">\r\n                                        <a href=\"https:\/\/icbt.al\/en\/service\/skizofreni\/\">\r\n                                            Schizophrenia                                        <\/a>\r\n                                    <\/h3>\r\n                                                                                            <\/div>\r\n                        <\/div>\r\n                    <\/div>\r\n                                    <div class=\"grid-item col-xl-3 col-lg-3 col-md-4 col-sm-6 col-12 psikoterapi\">\r\n                        <div class=\"grid-item-inner\" data-wow-duration=\"1.2s\"> \r\n                                                        <div class=\"item--featured\">\r\n                                <div class=\"item--image\" style=\"background-image: url(https:\/\/icbt.al\/wp-content\/uploads\/2024\/04\/ICBT-psikoza.jpg);\"><\/div>\r\n                                                                                            <\/div>\r\n                            <div class=\"item--body\">\r\n                                                                    <h3 class=\"item--title\">\r\n                                        <a href=\"https:\/\/icbt.al\/en\/service\/psikoze\/\">\r\n                                            Psychosis                                        <\/a>\r\n                                    <\/h3>\r\n                                                                                            <\/div>\r\n                        <\/div>\r\n                    <\/div>\r\n                                    <div class=\"grid-item col-xl-3 col-lg-3 col-md-4 col-sm-6 col-12 psikoterapi\">\r\n                        <div class=\"grid-item-inner\" data-wow-duration=\"1.2s\"> \r\n                                                        <div class=\"item--featured\">\r\n                                <div class=\"item--image\" style=\"background-image: url(https:\/\/icbt.al\/wp-content\/uploads\/2024\/04\/ICBT-probleme-me-gjumin.jpg);\"><\/div>\r\n                                                                                            <\/div>\r\n                            <div class=\"item--body\">\r\n                                                                    <h3 class=\"item--title\">\r\n                                        <a href=\"https:\/\/icbt.al\/en\/service\/probleme-me-gjumin\/\">\r\n                                            Trouble Sleeping                                        <\/a>\r\n                                    <\/h3>\r\n                                                                                            <\/div>\r\n                        <\/div>\r\n                    <\/div>\r\n                                    <div class=\"grid-item col-xl-3 col-lg-3 col-md-4 col-sm-6 col-12 psikoterapi\">\r\n                        <div class=\"grid-item-inner\" data-wow-duration=\"1.2s\"> \r\n                                                        <div class=\"item--featured\">\r\n                                <div class=\"item--image\" style=\"background-image: url(https:\/\/icbt.al\/wp-content\/uploads\/2024\/04\/ICBT-probleme-me-ushqyerjen.jpg);\"><\/div>\r\n                                                                                            <\/div>\r\n                            <div class=\"item--body\">\r\n                                                                    <h3 class=\"item--title\">\r\n                                        <a href=\"https:\/\/icbt.al\/en\/service\/probleme-me-te-ushqyerin\/\">\r\n                                            Eating problems                                        <\/a>\r\n                                    <\/h3>\r\n                                                                                            <\/div>\r\n                        <\/div>\r\n                    <\/div>\r\n                                    <div class=\"grid-item col-xl-3 col-lg-3 col-md-4 col-sm-6 col-12 psikoterapi\">\r\n                        <div class=\"grid-item-inner\" data-wow-duration=\"1.2s\"> \r\n                                                        <div class=\"item--featured\">\r\n                                <div class=\"item--image\" style=\"background-image: url(https:\/\/icbt.al\/wp-content\/uploads\/2024\/04\/ICBT-stress-disorder.jpg);\"><\/div>\r\n                                                                                            <\/div>\r\n                            <div class=\"item--body\">\r\n                                                                    <h3 class=\"item--title\">\r\n                                        <a href=\"https:\/\/icbt.al\/en\/service\/menaxhimi-i-stresit\/\">\r\n                                            Stress management                                        <\/a>\r\n                                    <\/h3>\r\n                                                                                            <\/div>\r\n                        <\/div>\r\n                    <\/div>\r\n                                    <div class=\"grid-item col-xl-3 col-lg-3 col-md-4 col-sm-6 col-12 psikoterapi\">\r\n                        <div class=\"grid-item-inner\" data-wow-duration=\"1.2s\"> \r\n                                                        <div class=\"item--featured\">\r\n                                <div class=\"item--image\" style=\"background-image: url(https:\/\/icbt.al\/wp-content\/uploads\/2024\/04\/ICBT-depresioni.jpg);\"><\/div>\r\n                                                                                            <\/div>\r\n                            <div class=\"item--body\">\r\n                                                                    <h3 class=\"item--title\">\r\n                                        <a href=\"https:\/\/icbt.al\/en\/service\/depresion\/\">\r\n                                            Depression                                        <\/a>\r\n                                    <\/h3>\r\n                                                                                            <\/div>\r\n                        <\/div>\r\n                    <\/div>\r\n                                    <div class=\"grid-sizer col-xl-3 col-lg-3 col-md-4 col-sm-6 col-12\"><\/div>\r\n            <\/div>\r\n        <\/div>\t\t\t\t<\/div>\n\t\t\t\t<\/div>\n\t\t            <\/div>\n        <\/div>\n                    <\/div>\n        <\/section>\n        \t\t<\/div>","protected":false},"excerpt":{"rendered":"<p>\u00c7rregullime personaliteti Probleme t\u00eb abuzimit me substanca Probleme me gjumin Depresion \u00c7rregullime t\u00eb ankthit<\/p>","protected":false},"author":1,"featured_media":0,"parent":0,"menu_order":0,"comment_status":"closed","ping_status":"closed","template":"","meta":{"footnotes":""},"class_list":["post-1179","page","type-page","status-publish","hentry"],"aioseo_notices":[],"_links":{"self":[{"href":"https:\/\/icbt.al\/en\/wp-json\/wp\/v2\/pages\/1179","targetHints":{"allow":["GET"]}}],"collection":[{"href":"https:\/\/icbt.al\/en\/wp-json\/wp\/v2\/pages"}],"about":[{"href":"https:\/\/icbt.al\/en\/wp-json\/wp\/v2\/types\/page"}],"author":[{"embeddable":true,"href":"https:\/\/icbt.al\/en\/wp-json\/wp\/v2\/users\/1"}],"replies":[{"embeddable":true,"href":"https:\/\/icbt.al\/en\/wp-json\/wp\/v2\/comments?post=1179"}],"version-history":[{"count":30,"href":"https:\/\/icbt.al\/en\/wp-json\/wp\/v2\/pages\/1179\/revisions"}],"predecessor-version":[{"id":7692,"href":"https:\/\/icbt.al\/en\/wp-json\/wp\/v2\/pages\/1179\/revisions\/7692"}],"wp:attachment":[{"href":"https:\/\/icbt.al\/en\/wp-json\/wp\/v2\/media?parent=1179"}],"curies":[{"name":"wp","href":"https:\/\/api.w.org\/{rel}","templated":true}]}}